{"id":1018,"date":"2018-03-13T09:09:39","date_gmt":"2018-03-13T08:09:39","guid":{"rendered":"http:\/\/www.culture-relations.ch\/ctrl\/gross-national-happiness\/"},"modified":"2025-05-21T11:45:56","modified_gmt":"2025-05-21T09:45:56","slug":"bng-ansatz","status":"publish","type":"page","link":"https:\/\/www.culture-relations.net\/de\/bng-ansatz\/","title":{"rendered":"Bruttonationalgl\u00fcck (BNG)"},"content":{"rendered":"\n<h3 class=\"wp-block-heading has-text-align-center has-blue-color has-text-color has-link-color wp-elements-d3e31ba820cc3b9ec06dda22e71f2d79\">Gleichgewicht zwischen materiellen und nicht materiellen Werten<\/h3>\n\n\n\n<div class=\"wp-block-group has-global-padding is-layout-constrained wp-container-core-group-is-layout-f36bc466 wp-block-group-is-layout-constrained\">\n<div class=\"wp-block-group overview has-caveat-font-family has-26-font-size is-layout-grid wp-container-core-group-is-layout-6c450118 wp-block-group-is-layout-grid\" style=\"padding-top:var(--wp--preset--spacing--20);padding-bottom:var(--wp--preset--spacing--20);line-height:1.2\">\n<div class=\"wp-block-group overview-box has-global-padding is-layout-constrained wp-block-group-is-layout-constrained\">\n<figure class=\"wp-block-image aligncenter size-full is-resized\"><a href=\"https:\/\/www.culture-relations.net\/de\/bng-ansatz\/geschichte-des-bng\/\"><img loading=\"lazy\" decoding=\"async\" width=\"555\" height=\"300\" src=\"https:\/\/www.culture-relations.net\/wp-content\/uploads\/2025\/05\/D_04.01_BNG_DEUTSCH.png\" alt=\"\" class=\"wp-image-8002\" style=\"width:auto;height:90px\" srcset=\"https:\/\/www.culture-relations.net\/wp-content\/uploads\/2025\/05\/D_04.01_BNG_DEUTSCH.png 555w, https:\/\/www.culture-relations.net\/wp-content\/uploads\/2025\/05\/D_04.01_BNG_DEUTSCH-350x189.png 350w\" sizes=\"auto, (max-width: 555px) 100vw, 555px\" \/><\/a><\/figure>\n\n\n\n<p class=\"has-text-align-center\"><a href=\"https:\/\/www.culture-relations.net\/de\/bng-ansatz\/geschichte-des-bng\/\">Geschichte des BNG<\/a><\/p>\n\n\n\n<p><a href=\"https:\/\/www.culture-relations.net\/presence-leadership\/leading-others\/\"><\/a><\/p>\n<\/div>\n\n\n\n<div class=\"wp-block-group overview-box has-global-padding is-layout-constrained wp-block-group-is-layout-constrained\">\n<figure class=\"wp-block-image aligncenter size-full is-resized\"><a href=\"https:\/\/www.culture-relations.net\/de\/bng-ansatz\/vier-saeulen-bng\/\"><img loading=\"lazy\" decoding=\"async\" width=\"524\" height=\"300\" src=\"https:\/\/www.culture-relations.net\/wp-content\/uploads\/2025\/05\/D_04.02__BNG_4_Pf_Deutsch.png\" alt=\"\" class=\"wp-image-8008\" style=\"width:auto;height:90px\" srcset=\"https:\/\/www.culture-relations.net\/wp-content\/uploads\/2025\/05\/D_04.02__BNG_4_Pf_Deutsch.png 524w, https:\/\/www.culture-relations.net\/wp-content\/uploads\/2025\/05\/D_04.02__BNG_4_Pf_Deutsch-350x200.png 350w\" sizes=\"auto, (max-width: 524px) 100vw, 524px\" \/><\/a><\/figure>\n\n\n\n<p class=\"has-text-align-center\"><a href=\"https:\/\/www.culture-relations.net\/de\/bng-ansatz\/vier-saeulen-bng\/\">Vier S\u00e4ulen des BNG<\/a><\/p>\n\n\n\n<p><a href=\"https:\/\/www.culture-relations.net\/presence-leadership\/leading-others\/\"><\/a><\/p>\n<\/div>\n\n\n\n<div class=\"wp-block-group overview-box has-global-padding is-layout-constrained wp-block-group-is-layout-constrained\">\n<figure class=\"wp-block-image aligncenter size-full is-resized\"><a href=\"https:\/\/www.culture-relations.net\/de\/bng-ansatz\/bng-zur-persoenlichen-entwicklung\/\"><img loading=\"lazy\" decoding=\"async\" width=\"335\" height=\"300\" src=\"https:\/\/www.culture-relations.net\/wp-content\/uploads\/2025\/05\/A_04.03_Personal_D_F_E.png\" alt=\"\" class=\"wp-image-7982\" style=\"width:auto;height:90px\"\/><\/a><\/figure>\n\n\n\n<p class=\"has-text-align-center\"><a href=\"https:\/\/www.culture-relations.net\/de\/bng-ansatz\/bng-zur-persoenlichen-entwicklung\/\">BNG zur pers\u00f6nlichen Entwicklung<\/a><\/p>\n\n\n\n<p><a href=\"https:\/\/www.culture-relations.net\/presence-leadership\/leading-others\/\"><\/a><\/p>\n<\/div>\n\n\n\n<div class=\"wp-block-group overview-box has-global-padding is-layout-constrained wp-block-group-is-layout-constrained\">\n<figure class=\"wp-block-image aligncenter size-full is-resized\"><a href=\"https:\/\/www.culture-relations.net\/de\/bng-ansatz\/bng-unternehmen\/\"><img loading=\"lazy\" decoding=\"async\" width=\"529\" height=\"300\" src=\"https:\/\/www.culture-relations.net\/wp-content\/uploads\/2025\/05\/A_04.04_Business_F_D_E.png\" alt=\"\" class=\"wp-image-7987\" style=\"width:auto;height:90px\" srcset=\"https:\/\/www.culture-relations.net\/wp-content\/uploads\/2025\/05\/A_04.04_Business_F_D_E.png 529w, https:\/\/www.culture-relations.net\/wp-content\/uploads\/2025\/05\/A_04.04_Business_F_D_E-350x198.png 350w\" sizes=\"auto, (max-width: 529px) 100vw, 529px\" \/><\/a><\/figure>\n\n\n\n<p class=\"has-text-align-center\"><a href=\"https:\/\/www.culture-relations.net\/de\/bng-ansatz\/bng-unternehmen\/\">BNG f\u00fcr Unternehmen<\/a><\/p>\n\n\n\n<p><a href=\"https:\/\/www.culture-relations.net\/presence-leadership\/leading-others\/\"><\/a><\/p>\n<\/div>\n<\/div>\n<\/div>\n\n\n\n<p class=\"has-text-align-center has-blue-color has-text-color has-medium-font-size\"><strong>Steigerung der Kunden- und Mitarbeiterzufriedenheit<\/strong> <\/p>\n\n\n\n<div class=\"wp-block-group overview has-caveat-font-family has-26-font-size is-content-justification-center is-nowrap is-layout-flex wp-container-core-group-is-layout-c0b7569f wp-block-group-is-layout-flex\" style=\"padding-top:var(--wp--preset--spacing--20);padding-bottom:var(--wp--preset--spacing--20)\">\n<div class=\"wp-block-group overview-box has-global-padding is-layout-constrained wp-block-group-is-layout-constrained\">\n<figure class=\"wp-block-image aligncenter size-full is-resized\"><a href=\"https:\/\/www.culture-relations.net\/de\/dienstleistungen\/\"><img loading=\"lazy\" decoding=\"async\" width=\"326\" height=\"300\" src=\"https:\/\/www.culture-relations.net\/wp-content\/uploads\/2025\/05\/A_00.00_Services.png\" alt=\"\" class=\"wp-image-7895\" style=\"width:auto;height:90px\"\/><\/a><\/figure>\n\n\n\n<p class=\"has-text-align-center\"><a href=\"https:\/\/www.culture-relations.net\/de\/dienstleistungen\/\">Dienstleistungen<\/a><\/p>\n\n\n\n<p><a href=\"https:\/\/www.culture-relations.net\/presence-leadership\/leading-others\/\"><\/a><\/p>\n<\/div>\n<\/div>\n","protected":false},"excerpt":{"rendered":"<p>Gleichgewicht zwischen materiellen und nicht materiellen Werten Geschichte des BNG Vier S\u00e4ulen des BNG BNG zur pers\u00f6nlichen Entwicklung BNG f\u00fcr Unternehmen Steigerung der Kunden- und Mitarbeiterzufriedenheit Dienstleistungen<\/p>\n","protected":false},"author":1,"featured_media":0,"parent":0,"menu_order":0,"comment_status":"closed","ping_status":"closed","template":"overview-GNH.php","meta":{"_genesis_hide_title":false,"_genesis_hide_breadcrumbs":false,"_genesis_hide_singular_image":false,"_genesis_hide_footer_widgets":false,"_genesis_custom_body_class":"","_genesis_custom_post_class":"","_genesis_layout":"","footnotes":""},"class_list":{"0":"post-1018","1":"page","2":"type-page","3":"status-publish","5":"entry"},"_links":{"self":[{"href":"https:\/\/www.culture-relations.net\/de\/wp-json\/wp\/v2\/pages\/1018","targetHints":{"allow":["GET"]}}],"collection":[{"href":"https:\/\/www.culture-relations.net\/de\/wp-json\/wp\/v2\/pages"}],"about":[{"href":"https:\/\/www.culture-relations.net\/de\/wp-json\/wp\/v2\/types\/page"}],"author":[{"embeddable":true,"href":"https:\/\/www.culture-relations.net\/de\/wp-json\/wp\/v2\/users\/1"}],"replies":[{"embeddable":true,"href":"https:\/\/www.culture-relations.net\/de\/wp-json\/wp\/v2\/comments?post=1018"}],"version-history":[{"count":7,"href":"https:\/\/www.culture-relations.net\/de\/wp-json\/wp\/v2\/pages\/1018\/revisions"}],"predecessor-version":[{"id":8015,"href":"https:\/\/www.culture-relations.net\/de\/wp-json\/wp\/v2\/pages\/1018\/revisions\/8015"}],"wp:attachment":[{"href":"https:\/\/www.culture-relations.net\/de\/wp-json\/wp\/v2\/media?parent=1018"}],"curies":[{"name":"wp","href":"https:\/\/api.w.org\/{rel}","templated":true}]}}