{"id":1076,"date":"2018-05-16T17:18:32","date_gmt":"2018-05-16T15:18:32","guid":{"rendered":"http:\/\/www.culture-relations.ch\/ctrl\/presence-leadership\/"},"modified":"2025-05-21T09:44:57","modified_gmt":"2025-05-21T07:44:57","slug":"fuehrungspraesenz","status":"publish","type":"page","link":"https:\/\/www.culture-relations.net\/de\/fuehrungspraesenz\/","title":{"rendered":"F\u00fchrungspr\u00e4senz"},"content":{"rendered":"\n<h3 class=\"wp-block-heading has-text-align-center has-green-color has-text-color has-link-color wp-elements-9c72342394691492cc8ef7b01cd6aa0f\"><em>Die Kunst sich selbst, und andere zu f\u00fchren<\/em><\/h3>\n\n\n\n<div class=\"wp-block-group has-global-padding is-layout-constrained wp-container-core-group-is-layout-a099c240 wp-block-group-is-layout-constrained\">\n<div class=\"wp-block-group overview has-caveat-font-family has-26-font-size is-layout-grid wp-container-core-group-is-layout-a8713c8b wp-block-group-is-layout-grid\" style=\"padding-top:var(--wp--preset--spacing--30);padding-bottom:var(--wp--preset--spacing--30)\">\n<div class=\"wp-block-group overview-box has-global-padding is-layout-constrained wp-block-group-is-layout-constrained\">\n<figure class=\"wp-block-image aligncenter size-full is-resized\"><a href=\"https:\/\/www.culture-relations.net\/de\/fuehrungspraesenz\/sich-selbst-fuehren\/\"><img loading=\"lazy\" decoding=\"async\" width=\"329\" height=\"300\" src=\"https:\/\/www.culture-relations.net\/wp-content\/uploads\/2025\/05\/A_03.01_LP_Oneself.png\" alt=\"\" class=\"wp-image-7942\" style=\"width:auto;height:90px\"\/><\/a><\/figure>\n\n\n\n<p class=\"has-text-align-center\"><a href=\"https:\/\/www.culture-relations.net\/de\/presence-leadership\/sich-selbst-fuehren\/\">Sich selbst f\u00fchren<\/a><\/p>\n\n\n\n<p><a href=\"https:\/\/www.culture-relations.net\/presence-leadership\/leading-others\/\"><\/a><\/p>\n<\/div>\n\n\n\n<div class=\"wp-block-group overview-box has-global-padding is-layout-constrained wp-block-group-is-layout-constrained\">\n<figure class=\"wp-block-image aligncenter size-full is-resized\"><a href=\"https:\/\/www.culture-relations.net\/de\/fuehrungspraesenz\/andere-fuehren\/\"><img loading=\"lazy\" decoding=\"async\" width=\"437\" height=\"300\" src=\"https:\/\/www.culture-relations.net\/wp-content\/uploads\/2025\/05\/A_03.02_LP_Leading_Others_.png\" alt=\"\" class=\"wp-image-7945\" style=\"width:auto;height:90px\" srcset=\"https:\/\/www.culture-relations.net\/wp-content\/uploads\/2025\/05\/A_03.02_LP_Leading_Others_.png 437w, https:\/\/www.culture-relations.net\/wp-content\/uploads\/2025\/05\/A_03.02_LP_Leading_Others_-350x240.png 350w\" sizes=\"auto, (max-width: 437px) 100vw, 437px\" \/><\/a><\/figure>\n\n\n\n<p class=\"has-text-align-center\"><a href=\"https:\/\/www.culture-relations.net\/de\/fuehrungspraesenz\/andere-fuehren\/\">Andere f\u00fchren<\/a><\/p>\n\n\n\n<p><a href=\"https:\/\/www.culture-relations.net\/presence-leadership\/leading-others\/\"><\/a><\/p>\n<\/div>\n<\/div>\n<\/div>\n\n\n\n<p class=\"has-text-align-center has-green-color has-text-color has-medium-font-size\"><strong>Steigerung der pers\u00f6nlichen Leistungsf\u00e4higkeit<\/strong><\/p>\n\n\n\n<div class=\"wp-block-group overview has-caveat-font-family has-26-font-size is-content-justification-center is-nowrap is-layout-flex wp-container-core-group-is-layout-c0b7569f wp-block-group-is-layout-flex\" style=\"padding-top:var(--wp--preset--spacing--20);padding-bottom:var(--wp--preset--spacing--20)\">\n<div class=\"wp-block-group overview-box has-global-padding is-layout-constrained wp-block-group-is-layout-constrained\">\n<figure class=\"wp-block-image aligncenter size-full is-resized\"><a href=\"https:\/\/www.culture-relations.net\/de\/dienstleistungen\/\"><img loading=\"lazy\" decoding=\"async\" width=\"326\" height=\"300\" src=\"https:\/\/www.culture-relations.net\/wp-content\/uploads\/2025\/05\/A_00.00_Services.png\" alt=\"\" class=\"wp-image-7895\" style=\"width:auto;height:90px\"\/><\/a><\/figure>\n\n\n\n<p class=\"has-text-align-center\"><a href=\"https:\/\/www.culture-relations.net\/de\/dienstleistungen\/\">Dienstleistungen<\/a><\/p>\n\n\n\n<p><a href=\"https:\/\/www.culture-relations.net\/presence-leadership\/leading-others\/\"><\/a><\/p>\n<\/div>\n<\/div>\n","protected":false},"excerpt":{"rendered":"<p>Die Kunst sich selbst, und andere zu f\u00fchren Sich selbst f\u00fchren Andere f\u00fchren Steigerung der pers\u00f6nlichen Leistungsf\u00e4higkeit Dienstleistungen<\/p>\n","protected":false},"author":1,"featured_media":0,"parent":0,"menu_order":0,"comment_status":"closed","ping_status":"closed","template":"overview-PL.php","meta":{"_genesis_hide_title":false,"_genesis_hide_breadcrumbs":false,"_genesis_hide_singular_image":false,"_genesis_hide_footer_widgets":false,"_genesis_custom_body_class":"","_genesis_custom_post_class":"","_genesis_layout":"","footnotes":""},"class_list":{"0":"post-1076","1":"page","2":"type-page","3":"status-publish","5":"entry"},"_links":{"self":[{"href":"https:\/\/www.culture-relations.net\/de\/wp-json\/wp\/v2\/pages\/1076","targetHints":{"allow":["GET"]}}],"collection":[{"href":"https:\/\/www.culture-relations.net\/de\/wp-json\/wp\/v2\/pages"}],"about":[{"href":"https:\/\/www.culture-relations.net\/de\/wp-json\/wp\/v2\/types\/page"}],"author":[{"embeddable":true,"href":"https:\/\/www.culture-relations.net\/de\/wp-json\/wp\/v2\/users\/1"}],"replies":[{"embeddable":true,"href":"https:\/\/www.culture-relations.net\/de\/wp-json\/wp\/v2\/comments?post=1076"}],"version-history":[{"count":4,"href":"https:\/\/www.culture-relations.net\/de\/wp-json\/wp\/v2\/pages\/1076\/revisions"}],"predecessor-version":[{"id":7953,"href":"https:\/\/www.culture-relations.net\/de\/wp-json\/wp\/v2\/pages\/1076\/revisions\/7953"}],"wp:attachment":[{"href":"https:\/\/www.culture-relations.net\/de\/wp-json\/wp\/v2\/media?parent=1076"}],"curies":[{"name":"wp","href":"https:\/\/api.w.org\/{rel}","templated":true}]}}