{"id":1667,"date":"2018-07-04T09:45:29","date_gmt":"2018-07-04T07:45:29","guid":{"rendered":"http:\/\/www.culture-relations.ch\/ctrl\/ariane-curdy\/clients\/"},"modified":"2025-04-30T11:50:38","modified_gmt":"2025-04-30T09:50:38","slug":"kunden","status":"publish","type":"page","link":"https:\/\/www.culture-relations.net\/de\/ariane-curdy\/kunden\/","title":{"rendered":"Kunden"},"content":{"rendered":"\n<p>Zu den Kunden von Culture Relations geh\u00f6ren unter anderem Privatunternehmen und multinationale Unternehmen, Gesellschaften mit internationalen Partnern, staatliche und nichtstaatliche Organisationen, internationale humanit\u00e4re Organisationen, internationale Sportverb\u00e4nde und die Welt der Wissenschaft.<br><br><\/p>\n\n\n\n<p>| <span style=\"color: #ed9194;\">ABB Asea Brown Boveri<\/span> | <span style=\"color: #8fd26b;\">Agroscope &#8211; Kompetenzzentrum des Bundes f\u00fcr landwirtschaftliche Forschung<\/span> | <span style=\"color: #6987c5;\">AISTS Lausanne \u2013 Internationale Akademie f\u00fcr Sport Administration und Technologie<\/span> | <span style=\"color: #8fd26b;\">AZB \u2013 Ausbildungszentrum der Bundesverwaltung<\/span> | BAKOM &#8211; Bundesamt f\u00fcr Kommunikation | <span style=\"color: #ed9194;\">BC Partners<\/span> | <span style=\"color: #6987c5;\">BHMS &#8211; Hotelfachschule Luzern<\/span> | BnB \u2013 Bed &amp; Breakfast Schweiz | <span style=\"color: #ed9194;\">BOBST<\/span> | <span style=\"color: #ed9194;\">CABOZ AG<\/span> | <span style=\"color: #ed9194;\">Cartier Uhren<\/span> |  <span style=\"color:#EB8587\" class=\"color\">Celgene International<\/span>| <span style=\"color: #ed9194;\">Centocor<\/span> | <span style=\"color: #6987c5;\">CERAH \u2013 Zentrum f\u00fcr Bildung und Forschung in der humanit\u00e4ren Aktion<\/span> | CINFO &#8211; Zentrum f\u00fcr Information, Beratung und Bildung f\u00fcr Berufe in der internationalen Zusammenarbeit | <span style=\"color: #6987c5;\">CIP \u2013 Interregionales Kompetenzzentrum Tramelan<\/span> | <span style=\"color: #ed9194;\">Codman Neuro Sciences<\/span> | <span style=\"color: #ed9194;\">Cognizant Technology Solutions AG<\/span> | <span style=\"color: #ed9194;\">COLT<\/span> | <span style=\"color: #ed9194;\">Credit Suisse Private Banking<\/span> | <span style=\"color: #6987c5;\">CRPM \u2013 Westschweizer Zentrum f\u00fcr Managementf\u00f6rderung<\/span> | <span style=\"color: #ed9194;\">D\u00e9marche Lausanne<\/span> | <span style=\"color: #ed9194;\">DePuyAce<\/span> | <span style=\"color: #ed9194;\">Deutsche Lufthansa<\/span> | <span style=\"color: #8fd26b;\">DEZA &#8211; Direktion f\u00fcr Entwicklung und Zusammenarbeit<\/span> | <span style=\"color: #6987c5;\">Diafora Leadership<\/span> | <span style=\"color: #ed9194;\">DuPont de Nemours<\/span> | EAIE \u2013 Europ\u00e4ische Vereinigung f\u00fcr internationale Bildung | <span style=\"color: #8fd26b;\">EDA &#8211; Eidgen\u00f6ssischen Departement f\u00fcr ausw\u00e4rtige Angelegenheiten<\/span> | <span style=\"color: #ed9194;\">EEX European Energy Exchange<\/span> | <span style=\"color: #6987c5;\">EHL \u2013 Hotelfachschule Lausanne<\/span> | <span style=\"color: #ed9194;\">Elizabeth Arden<\/span> | <span style=\"color: #ed9194;\">EPEX_SPOT<\/span> | <span style=\"color: #6987c5;\">EPFL &#8211; Eidgen\u00f6ssische technische Hochschule Lausanne<\/span> | <span style=\"color: #6987c5;\">EUROMED Management Marseille<\/span> |<span style=\"color: #8fd26b;\"> EVAM \u2013 Aufnahmezentrum f\u00fcr Migranten in der Waadt<\/span> | <span style=\"color: #8fd26b;\">FEDPOL \u2013 Bundesamt f\u00fcr Polizei<\/span> | <span style=\"color: #6987c5;\">FHNW &#8211; Fachhochschule Nordwestschweiz<\/span> | <span style=\"color: #ed9194;\">Firmenich<\/span> | <span style=\"color: #ed9194;\">Fleur de Pains Lausanne<\/span> | GCSP \u2013 Zentrum f\u00fcr Sicherheitspolitik Genf | <span style=\"color: #ed9194;\">Group-e<\/span> |<span style=\"color: #ed9194;\"> HB Fuller<\/span> | <span style=\"color: #6987c5;\">HEG &#8211; Fachhochschule f\u00fcr Wirtschaft Genf<\/span> | <span style=\"color: #6987c5;\">HEIG-VD &#8211; Hochschule f\u00fcr Wirtschaft und Ingenieurwissenschaften des Kantons Waadt<\/span> | <span style=\"color: #ed9194;\">HSBC Private Bank<\/span> | <span style=\"color: #6987c5;\">HSLU &#8211; Hochschule Luzern<\/span> | <span style=\"color: #6987c5;\">HTW &#8211; Hochschule f\u00fcr Technik und Wirtschaft Chur<\/span> | <span style=\"color: #6987c5;\">HWZ &#8211; Hochschule f\u00fcr Wirtschaft Z\u00fcrich<\/span>| IAS \u2013 Internationale AIDS-Gesellschaft | ICYE \u2013 Internationaler Jugend und Kulturaustausch | IFPMA \u2013 Internationale F\u00f6deration der Pharmazeutischen Industrie | <span style=\"color: #6987c5;\">IHEID &#8211; Hochschulinstitut f\u00fcr internationale Studien und Entwicklung<\/span> | IKRK \u2013 Internationales Komitee des Roten Kreuzes | <span style=\"color: #ed9194;\">INP International Projekte<\/span> | Institut Villa Pierrefeu | IOK &#8211; Internationales Olympisches Komitee | ISO &#8211; Internationale Organisation f\u00fcr Normung | <span style=\"color: #6987c5;\">ITG &#8211; Tropeninstitut Antwerpen<\/span> | <span style=\"color: #6987c5;\">Jaipuria Institute of Management Rajasthan<\/span> | Kinderhaus Holee |<span style=\"color: #ed9194;\"> LSI Lyon<\/span> | <span style=\"color: #ed9194;\">Lundin Petroleum<\/span> | <span style=\"color: #ed9194;\">MGB \u2013 Migros-Genossenschafts-Bund<\/span> | <span style=\"color: #ed9194;\">Migros Klubschule<\/span> | <span style=\"color: #ed9194;\">Migros Waadt<\/span> | Mission 21 Basel | MSF \u2013 \u00c4rzte ohne Grenzen | <span style=\"color: #ed9194;\">Nespresso Green Coffee<\/span> | <span style=\"color: #ed9194;\">Novartis Pharma<\/span> | <span style=\"color: #ed9194;\">Nutriset<\/span> | <span style=\"color: #ed9194;\">OCD \u2013 Johnson &amp; Johnson<\/span> | <span style=\"color: #ed9194;\">Octapharma<\/span> | <span style=\"color: #ed9194;\">Orange Schweiz<\/span> | <span style=\"color: #ed9194;\">L\u2019Or\u00e9al Paris<\/span> | ORS \u2013 Betreuung und Unterbringung von Asylsuchenden und Fl\u00fcchtlingen | <span style=\"color:#6FC541\" class=\"color\">OSET &#8211; Aufenthalts- und Niederlassungb\u00fcro des Kantons Neuenburg<\/span>  | <span style=\"color: #ed9194;\">PlumpyField<\/span> | <span style=\"color: #ed9194;\">Powernext<\/span> | QUNO &#8211; Qu\u00e4ker-B\u00fcros bei den Vereinten Nationen| <span style=\"color: #ed9194;\">Raiffeisen Bank Lausanne<\/span> | <span style=\"color: #ed9194;\">Roche Diagnostics<\/span> | <span style=\"color: #ed9194;\">Roche Global Customer Services<\/span> | <span style=\"color: #8fd26b;\">RTS \u2013 Westschweizer Radio und Fernsehen<\/span> | SBB &#8211; Schweizerische Bundesbahnen | Schwarzkopf | <span style=\"color: #8fd26b;\">SECO &#8211; Staatssekretariat f\u00fcr Wirtschaft<\/span> | <span style=\"color: #ed9194;\">SICAP<\/span> | <span style=\"color: #ed9194;\">SICPA Holding<\/span> | Siemens Building Technology | <span style=\"color: #8fd26b;\">SIR \u2013 Schweizerisches Institut f\u00fcr Rechtsvergleichung<\/span> | SIX Swiss Exchange | Solar Impulse | Spitex BL | <span style=\"color: #8fd26b;\">Stadt Bern<\/span> | <span style=\"color: #8fd26b;\">Stadt Genf<\/span> |<span style=\"color: #ed9194;\">Swisscom<\/span> | <span style=\"color: #ed9194;\">Swiss International Airlines<\/span> | <span style=\"color: #ed9194;\">Swiss Post International<\/span> | <span style=\"color: #ed9194;\">Swiss\u00f4tel Hotels<\/span> | SWONet \u2013 Swiss Women Network | <span style=\"color: #ed9194;\">Tetra Pak<\/span> | <span style=\"color: #ed9194;\">Thermo Fisher Scientific<\/span> | <span style=\"color: #ed9194;\">TL \u2013 \u00d6ffentliche Verkehrsmittel Lausanne<\/span> | <span style=\"color: #ed9194;\">UBS AG<\/span> | UCI \u2013 Internationales Radsportverband | UEFA &#8211; Union Europ\u00e4ischer Fu\u00dfballverb\u00e4nde | UNESCO &#8211; Organisation der Vereinten Nationen f\u00fcr Erziehung, Wissenschaft und Kultur | <span style=\"color: #ed9194;\">Unicible<\/span> | <span style=\"color: #6987c5;\">Unidistance<\/span> | <span style=\"color: #6987c5;\">Universit\u00e4t Bocconi Milano<\/span> | <span style=\"color: #6987c5;\">Universit\u00e4t Basel<\/span> | <span style=\"color: #6987c5;\">Universit\u00e4t Lausanne<\/span> | <span style=\"color: #6987c5;\">Universit\u00e4t St. Gallen<\/span>\u00a0 |\u00a0 <span style=\"color: #6987c5;\">Universit\u00e4t Tsukuba in Tokyo<\/span> | <span style=\"color: #6987c5;\">Universit\u00e4t Z\u00fcrich<\/span> |\u00a0 ONUG &#8211; B\u00fcro der Vereinten Nationen in Genf |\u00a0 <span style=\"color: #ed9194;\">Vattenfall\u00a0<\/span> |<\/p>\n\n\n\n<p><span style=\"color: #ed9194;\"><br>Private und mutinationale Unternehmen <\/span>| <span style=\"color: #8fd26b;\">Staatliche Organisationen <\/span>| Nichtstaatliche Organisationen | <span style=\"color: #6987c5;\">Universt\u00e4ten und Hochschulen<br><\/span><\/p>\n","protected":false},"excerpt":{"rendered":"<p>Zu den Kunden von Culture Relations geh\u00f6ren unter anderem Privatunternehmen und multinationale Unternehmen, Gesellschaften mit internationalen Partnern, staatliche und nichtstaatliche Organisationen, internationale humanit\u00e4re Organisationen, internationale Sportverb\u00e4nde und die Welt der Wissenschaft. | ABB Asea Brown Boveri | Agroscope &#8211; Kompetenzzentrum des Bundes f\u00fcr landwirtschaftliche Forschung | AISTS Lausanne \u2013 Internationale Akademie f\u00fcr Sport Administration und [&hellip;]<\/p>\n","protected":false},"author":1,"featured_media":0,"parent":1071,"menu_order":0,"comment_status":"closed","ping_status":"closed","template":"content-pages-AC.php","meta":{"_genesis_hide_title":false,"_genesis_hide_breadcrumbs":false,"_genesis_hide_singular_image":false,"_genesis_hide_footer_widgets":false,"_genesis_custom_body_class":"","_genesis_custom_post_class":"","_genesis_layout":"","footnotes":""},"class_list":{"0":"post-1667","1":"page","2":"type-page","3":"status-publish","5":"entry"},"_links":{"self":[{"href":"https:\/\/www.culture-relations.net\/de\/wp-json\/wp\/v2\/pages\/1667","targetHints":{"allow":["GET"]}}],"collection":[{"href":"https:\/\/www.culture-relations.net\/de\/wp-json\/wp\/v2\/pages"}],"about":[{"href":"https:\/\/www.culture-relations.net\/de\/wp-json\/wp\/v2\/types\/page"}],"author":[{"embeddable":true,"href":"https:\/\/www.culture-relations.net\/de\/wp-json\/wp\/v2\/users\/1"}],"replies":[{"embeddable":true,"href":"https:\/\/www.culture-relations.net\/de\/wp-json\/wp\/v2\/comments?post=1667"}],"version-history":[{"count":0,"href":"https:\/\/www.culture-relations.net\/de\/wp-json\/wp\/v2\/pages\/1667\/revisions"}],"up":[{"embeddable":true,"href":"https:\/\/www.culture-relations.net\/de\/wp-json\/wp\/v2\/pages\/1071"}],"wp:attachment":[{"href":"https:\/\/www.culture-relations.net\/de\/wp-json\/wp\/v2\/media?parent=1667"}],"curies":[{"name":"wp","href":"https:\/\/api.w.org\/{rel}","templated":true}]}}