{"id":1862,"date":"2018-03-13T11:50:25","date_gmt":"2018-03-13T10:50:25","guid":{"rendered":"http:\/\/www.culture-relations.ch\/ctrl\/intercultural-competence\/intercultural-competence\/"},"modified":"2025-05-20T14:10:11","modified_gmt":"2025-05-20T12:10:11","slug":"interkulturele-kompetenz","status":"publish","type":"page","link":"https:\/\/www.culture-relations.net\/de\/interkulturelle-kompetenz\/interkulturele-kompetenz\/","title":{"rendered":"Interkulturelle Kompetenz"},"content":{"rendered":"\n<div class=\"wp-block-group has-neutral-background-color has-background has-global-padding is-layout-constrained wp-container-core-group-is-layout-52009084 wp-block-group-is-layout-constrained\" style=\"padding-top:var(--wp--preset--spacing--40);padding-right:var(--wp--preset--spacing--40);padding-bottom:var(--wp--preset--spacing--40);padding-left:var(--wp--preset--spacing--40)\">\n<h2 class=\"wp-block-heading\">Warum interkulturelle Kompetenz relevant ist<\/h2>\n\n\n\n<p>In unserer globalisierten Welt ist das Verst\u00e4ndnis f\u00fcr kulturelle Werte und Erwartungen internationaler M\u00e4rkte, Kunden und Kollegen nicht optional \u2013 es ist <strong>essenziell<\/strong>.<\/p>\n\n\n\n<p><strong>Interkulturelle Kompetenz<\/strong> ist die F\u00e4higkeit, \u00fcber kulturelle Grenzen hinweg effektiv und angemessen zu kommunizieren und zu interagieren. Sie zu entwickeln ist eine <strong>lebenslange Reise<\/strong>, die Motivation, Zeit, Reflexion und weit mehr als nur internationale Erfahrung erfordert.<\/p>\n\n\n\n<blockquote class=\"wp-block-quote has-red-color has-text-color has-link-color wp-elements-e131028b987960b3f8ee8decbe610d0a is-layout-flow wp-block-quote-is-layout-flow\">\n<p>&#8221; J<em>ede Reise vertieft sich, wenn wir nach Hause zur\u00fcckkehren und dar\u00fcber reflektieren.<\/em>&#8221; <\/p>\n<cite> &#8211; Pico Iyer<\/cite><\/blockquote>\n<\/div>\n\n\n\n<h2 class=\"wp-block-heading\">Nichts voraussetzen &#8230; Positive Absichten suchen<\/h2>\n\n\n\n<p>Wer in einem internationalen Umfeld arbeitet, begegnet oft Verhaltensweisen, die ungewohnt, \u00fcberraschend oder gar unh\u00f6flich wirken.<br>Doch was w\u00e4re, wenn wir diese Unterschiede mit <strong>Neugier <\/strong>statt mit Urteil begegnen w\u00fcrden?<\/p>\n\n\n\n<h4 class=\"wp-block-heading\">Einige goldene Regeln f\u00fcr interkulturelle Agilit\u00e4t:<\/h4>\n\n\n\n<div class=\"wp-block-columns is-layout-flex wp-container-core-columns-is-layout-28f84493 wp-block-columns-is-layout-flex\">\n<div class=\"wp-block-column is-layout-flow wp-block-column-is-layout-flow\">\n<div style=\"height:7px\" aria-hidden=\"true\" class=\"wp-block-spacer\"><\/div>\n\n\n\n<ul class=\"wp-block-list\">\n<li><strong>Nichts pers\u00f6nlich nehmen<\/strong>.<\/li>\n\n\n\n<li><strong>Die positive Absicht<\/strong> hinter Verhaltensweisen suchen.<\/li>\n\n\n\n<li><strong>Eigene Annahmen hinterfragen<\/strong> \u2013 sie sind nicht universell.<\/li>\n\n\n\n<li>In die <strong>Entwicklung interkultureller Kompetenz<\/strong> investieren, um agiler, kreativer und erfolgreicher zu werden.<\/li>\n<\/ul>\n<\/div>\n\n\n\n<div class=\"wp-block-column is-layout-flow wp-block-column-is-layout-flow\">\n<figure class=\"wp-block-image size-large is-resized\"><img loading=\"lazy\" decoding=\"async\" width=\"1024\" height=\"817\" src=\"https:\/\/www.culture-relations.net\/wp-content\/uploads\/2025\/05\/iC-CURIOUSITY-1024x817.png\" alt=\"\" class=\"wp-image-7807\" style=\"width:267px;height:auto\" srcset=\"https:\/\/www.culture-relations.net\/wp-content\/uploads\/2025\/05\/iC-CURIOUSITY-1024x817.png 1024w, https:\/\/www.culture-relations.net\/wp-content\/uploads\/2025\/05\/iC-CURIOUSITY-350x279.png 350w, https:\/\/www.culture-relations.net\/wp-content\/uploads\/2025\/05\/iC-CURIOUSITY-768x613.png 768w, https:\/\/www.culture-relations.net\/wp-content\/uploads\/2025\/05\/iC-CURIOUSITY-1536x1225.png 1536w, https:\/\/www.culture-relations.net\/wp-content\/uploads\/2025\/05\/iC-CURIOUSITY.png 1571w\" sizes=\"auto, (max-width: 1024px) 100vw, 1024px\" \/><\/figure>\n<\/div>\n<\/div>\n\n\n\n<div style=\"height:100px\" aria-hidden=\"true\" class=\"wp-block-spacer\"><\/div>\n\n\n\n<h2 class=\"wp-block-heading\">Eine Geschichte \u00fcber Kaffee &#8230; und Verst\u00e4ndnis<\/h2>\n\n\n\n<div class=\"wp-block-columns is-layout-flex wp-container-core-columns-is-layout-28f84493 wp-block-columns-is-layout-flex\">\n<div class=\"wp-block-column is-layout-flow wp-block-column-is-layout-flow\" style=\"flex-basis:25%\">\n<figure class=\"wp-block-image aligncenter size-large is-resized\"><img loading=\"lazy\" decoding=\"async\" width=\"1024\" height=\"740\" src=\"https:\/\/www.culture-relations.net\/wp-content\/uploads\/2025\/05\/IC_IC_01_Coffee_-1024x740.png\" alt=\"\" class=\"wp-image-7023\" style=\"width:250px\" srcset=\"https:\/\/www.culture-relations.net\/wp-content\/uploads\/2025\/05\/IC_IC_01_Coffee_-1024x740.png 1024w, https:\/\/www.culture-relations.net\/wp-content\/uploads\/2025\/05\/IC_IC_01_Coffee_-350x253.png 350w, https:\/\/www.culture-relations.net\/wp-content\/uploads\/2025\/05\/IC_IC_01_Coffee_-768x555.png 768w, https:\/\/www.culture-relations.net\/wp-content\/uploads\/2025\/05\/IC_IC_01_Coffee_.png 1491w\" sizes=\"auto, (max-width: 1024px) 100vw, 1024px\" \/><\/figure>\n<\/div>\n\n\n\n<div class=\"wp-block-column is-layout-flow wp-block-column-is-layout-flow\" style=\"flex-basis:66.66%\">\n<p>Als ich den Gouverneur einer Provinz im Irak zum ersten Mal traf, wartete ich zwei Stunden \u00fcber die vereinbarte Zeit hinaus \u2013 ohne jegliche Entschuldigung seinerseits. Als wir schliesslich eingeladen wurden, ihn zu treffen, war ich die einzige Frau unter einer Gruppe von M\u00e4nnern. Kaffee wurde \u201eserviert\u201c \u2026 doch alle Tassen waren leer.<\/p>\n\n\n\n<p>Spontan interpretierte ich diese Geste als Zeichen der Ablehnung. Gl\u00fccklicherweise fl\u00fcsterte mir mein \u00dcbersetzer zu: <em>\u201eBleib sitzen \u2013 und l\u00e4chle einfach weiter.\u201c<\/em><\/p>\n<\/div>\n<\/div>\n\n\n\n<h5 class=\"wp-block-heading\">Sp\u00e4ter erkannte ich:<\/h5>\n\n\n\n<ul class=\"wp-block-list\">\n<li><strong>Die Kaffeezeremonie <\/strong>ist ein grosses Zeichen von<strong> Respekt und Gastfreundschaft<\/strong> in der arabischen Kultur.<\/li>\n\n\n\n<li><strong>Aufgrund eines Embargos war Kaffee nicht verf\u00fcgbar<\/strong> \u2013 aber die Zeremonie selbst war wichtiger als das Getr\u00e4nk.<\/li>\n\n\n\n<li>Ein anderes Getr\u00e4nk anzubieten w\u00e4re <strong>eine Beleidigung<\/strong> gewesen.<br>Indem sie das Ritual ehrten \u2013 selbst nur symbolisch \u2013 ehrten sie mich.<\/li>\n<\/ul>\n\n\n\n<p>Sechs Monate sp\u00e4ter, auf einer weiteren Reise, erlebte ich eine andere Situation: Als ich unangek\u00fcndigt beim Haus des Gouverneurs vorbeischaute, unterbrach er eine Sitzung mit 60 Gemeindeleitern, nur um mich zu begr\u00fcssen. <br><strong>Was hatte sich ver\u00e4ndert?<\/strong> Die gemeinsame Kaffeezeremonie hatte eine Verbindung geschaffen.<\/p>\n\n\n\n<blockquote class=\"wp-block-quote has-red-color has-text-color has-link-color wp-elements-0f5e68cf1895de386d43e64bf3bb92f1 is-layout-flow wp-block-quote-is-layout-flow\">\n<p>&#8220;Alles zu verstehen bedeutet, alles zu vergeben.&#8221; <\/p>\n<cite>&#8211; Madame de Sta\u00ebl<\/cite><\/blockquote>\n\n\n\n<h2 class=\"wp-block-heading\">Unterschiedliche Kulturen &#8230; Unterschiedliche Annahmen<\/h2>\n\n\n\n<div class=\"wp-block-columns is-layout-flex wp-container-core-columns-is-layout-28f84493 wp-block-columns-is-layout-flex\">\n<div class=\"wp-block-column is-layout-flow wp-block-column-is-layout-flow\" style=\"flex-basis:50%\">\n<ul class=\"wp-block-list\">\n<li>In der <strong>Schweiz <\/strong>gilt P\u00fcnktlichkeit, das Einhalten von Zeitpl\u00e4nen, als Zeichen von Respekt.<br><\/li>\n\n\n\n<li>Im <strong>Irak <\/strong>hat die Pflege von Beziehungen Vorrang auf das Zeitmanagement.<\/li>\n<\/ul>\n\n\n\n<p>Keine der beiden Herangehensweisen ist <strong>richtig <\/strong>oder <strong>falsch<\/strong>.<br>Sie spiegeln einfach unterschiedliche kulturelle Werte wider.<\/p>\n<\/div>\n\n\n\n<div class=\"wp-block-column is-layout-flow wp-block-column-is-layout-flow\" style=\"flex-basis:33.33%\">\n<figure class=\"wp-block-image alignleft size-large is-resized\"><img loading=\"lazy\" decoding=\"async\" width=\"1024\" height=\"598\" src=\"https:\/\/www.culture-relations.net\/wp-content\/uploads\/2025\/05\/IC_IC_02_Time-1024x598.png\" alt=\"\" class=\"wp-image-7038\" style=\"width:250px\" srcset=\"https:\/\/www.culture-relations.net\/wp-content\/uploads\/2025\/05\/IC_IC_02_Time-1024x598.png 1024w, https:\/\/www.culture-relations.net\/wp-content\/uploads\/2025\/05\/IC_IC_02_Time-350x204.png 350w, https:\/\/www.culture-relations.net\/wp-content\/uploads\/2025\/05\/IC_IC_02_Time-768x448.png 768w, https:\/\/www.culture-relations.net\/wp-content\/uploads\/2025\/05\/IC_IC_02_Time-1536x896.png 1536w, https:\/\/www.culture-relations.net\/wp-content\/uploads\/2025\/05\/IC_IC_02_Time.png 1669w\" sizes=\"auto, (max-width: 1024px) 100vw, 1024px\" \/><\/figure>\n<\/div>\n<\/div>\n\n\n\n<h2 class=\"wp-block-heading\">Jetzt sind Sie dran &#8230;<\/h2>\n\n\n\n<div class=\"wp-block-columns is-layout-flex wp-container-core-columns-is-layout-28f84493 wp-block-columns-is-layout-flex\">\n<div class=\"wp-block-column is-layout-flow wp-block-column-is-layout-flow\" style=\"flex-basis:20%\">\n<figure class=\"wp-block-image aligncenter size-large is-resized\"><img loading=\"lazy\" decoding=\"async\" width=\"903\" height=\"1024\" src=\"https:\/\/www.culture-relations.net\/wp-content\/uploads\/2025\/05\/IC_IC_03_Q-903x1024.png\" alt=\"\" class=\"wp-image-7026\" style=\"width:150px\" srcset=\"https:\/\/www.culture-relations.net\/wp-content\/uploads\/2025\/05\/IC_IC_03_Q-903x1024.png 903w, https:\/\/www.culture-relations.net\/wp-content\/uploads\/2025\/05\/IC_IC_03_Q-309x350.png 309w, https:\/\/www.culture-relations.net\/wp-content\/uploads\/2025\/05\/IC_IC_03_Q-768x870.png 768w, https:\/\/www.culture-relations.net\/wp-content\/uploads\/2025\/05\/IC_IC_03_Q.png 1117w\" sizes=\"auto, (max-width: 903px) 100vw, 903px\" \/><\/figure>\n<\/div>\n\n\n\n<div class=\"wp-block-column is-layout-flow wp-block-column-is-layout-flow\" style=\"flex-basis:66.66%\">\n<div style=\"height:11px\" aria-hidden=\"true\" class=\"wp-block-spacer\"><\/div>\n\n\n\n<div style=\"height:18px\" aria-hidden=\"true\" class=\"wp-block-spacer\"><\/div>\n\n\n\n<ul class=\"wp-block-list\">\n<li>W\u00fcrden Sie jemanden bei einem ersten Treffen zwei Stunden warten lassen?<br><\/li>\n\n\n\n<li>W\u00fcrden Sie ein wichtiges Meeting verlassen, um einen unerwarteten Gast zu begr\u00fcssen?<\/li>\n<\/ul>\n\n\n\n<p>Wie Sie antworten, h\u00e4ngt von der Kultur ab, in der Sie sich bewegen &nbsp;\u2013 und von Ihren eigenen Annahmen.<\/p>\n<\/div>\n<\/div>\n\n\n\n<p class=\"has-neutral-background-color has-background\">\u2192&nbsp; <strong>Interkulturelle Kompetenz zu entwickeln ist essenziell<\/strong>, wenn Sie international arbeiten, multikulturelle Teams leiten, globale Kunden betreuen oder ins Ausland reisen. Es ist auch eine unglaubliche Reise zu mehr Selbstbewusstsein, Kreativit\u00e4t und menschlicher Verbundenheit.<\/p>\n\n\n\n<hr class=\"wp-block-separator has-css-opacity\"\/>\n\n\n\n<p class=\"has-small-font-size\">* Pico Iyer, britischer Reiseautor indischer Abstammung<br>* Madame de Sta\u00ebl (1766\u2013 1817), aus der Republik Genf stammende franz\u00f6sische Schriftstellerin<\/p>\n\n\n\n<p><\/p>\n","protected":false},"excerpt":{"rendered":"<p>Warum interkulturelle Kompetenz relevant ist In unserer globalisierten Welt ist das Verst\u00e4ndnis f\u00fcr kulturelle Werte und Erwartungen internationaler M\u00e4rkte, Kunden und Kollegen nicht optional \u2013 es ist essenziell. Interkulturelle Kompetenz ist die F\u00e4higkeit, \u00fcber kulturelle Grenzen hinweg effektiv und angemessen zu kommunizieren und zu interagieren. Sie zu entwickeln ist eine lebenslange Reise, die Motivation, Zeit, [&hellip;]<\/p>\n","protected":false},"author":1,"featured_media":0,"parent":903,"menu_order":0,"comment_status":"closed","ping_status":"closed","template":"content-pages-IC.php","meta":{"_genesis_hide_title":false,"_genesis_hide_breadcrumbs":false,"_genesis_hide_singular_image":false,"_genesis_hide_footer_widgets":false,"_genesis_custom_body_class":"","_genesis_custom_post_class":"","_genesis_layout":"","footnotes":""},"class_list":{"0":"post-1862","1":"page","2":"type-page","3":"status-publish","5":"entry"},"_links":{"self":[{"href":"https:\/\/www.culture-relations.net\/de\/wp-json\/wp\/v2\/pages\/1862","targetHints":{"allow":["GET"]}}],"collection":[{"href":"https:\/\/www.culture-relations.net\/de\/wp-json\/wp\/v2\/pages"}],"about":[{"href":"https:\/\/www.culture-relations.net\/de\/wp-json\/wp\/v2\/types\/page"}],"author":[{"embeddable":true,"href":"https:\/\/www.culture-relations.net\/de\/wp-json\/wp\/v2\/users\/1"}],"replies":[{"embeddable":true,"href":"https:\/\/www.culture-relations.net\/de\/wp-json\/wp\/v2\/comments?post=1862"}],"version-history":[{"count":19,"href":"https:\/\/www.culture-relations.net\/de\/wp-json\/wp\/v2\/pages\/1862\/revisions"}],"predecessor-version":[{"id":7814,"href":"https:\/\/www.culture-relations.net\/de\/wp-json\/wp\/v2\/pages\/1862\/revisions\/7814"}],"up":[{"embeddable":true,"href":"https:\/\/www.culture-relations.net\/de\/wp-json\/wp\/v2\/pages\/903"}],"wp:attachment":[{"href":"https:\/\/www.culture-relations.net\/de\/wp-json\/wp\/v2\/media?parent=1862"}],"curies":[{"name":"wp","href":"https:\/\/api.w.org\/{rel}","templated":true}]}}