{"id":1890,"date":"2018-03-13T11:52:20","date_gmt":"2018-03-13T10:52:20","guid":{"rendered":"http:\/\/www.culture-relations.ch\/ctrl\/interkulturelle-kompetenz\/multicultural-teams\/"},"modified":"2025-05-09T22:53:22","modified_gmt":"2025-05-09T20:53:22","slug":"multikulturelle-teams","status":"publish","type":"page","link":"https:\/\/www.culture-relations.net\/de\/interkulturelle-kompetenz\/multikulturelle-teams\/","title":{"rendered":"Multikulturelle Teams"},"content":{"rendered":"\n<div class=\"wp-block-group has-neutral-background-color has-background has-global-padding is-layout-constrained wp-container-core-group-is-layout-52009084 wp-block-group-is-layout-constrained\" style=\"padding-top:var(--wp--preset--spacing--40);padding-right:var(--wp--preset--spacing--40);padding-bottom:var(--wp--preset--spacing--40);padding-left:var(--wp--preset--spacing--40)\">\n<h2 class=\"wp-block-heading\">Die St\u00e4rke der Vielfalt<\/h2>\n\n\n\n<blockquote class=\"wp-block-quote has-red-color has-text-color has-link-color wp-elements-d418b01ec851cd8d0ac6fd5902438a56 is-layout-flow wp-block-quote-is-layout-flow\">\n<p>&#8220;Die St\u00e4rke liegt in den Unterschieden, nicht in den Gemeinsamkeiten.&#8221; <\/p>\n<cite>&#8211; Stephen R. Covey<\/cite><\/blockquote>\n\n\n\n<p>Multikulturelle Teams bringen Innovation, Kreativit\u00e4t und internationale Flexibilit\u00e4t. Studien zeigen: Diversit\u00e4t kann Leistung und Produktivit\u00e4t steigern \u2013 vorausgesetzt, die Teammitglieder erkennen und sch\u00e4tzen die Vielfalt der Perspektiven. Sonst drohen Missverst\u00e4ndnisse, Vertrauensverluste und Reibungsverluste.<\/p>\n<\/div>\n\n\n\n<h2 class=\"wp-block-heading\">Vielfalt ist spannend \u2013 aber nicht immer einfach<\/h2>\n\n\n\n<blockquote class=\"wp-block-quote has-red-color has-text-color has-link-color wp-elements-bc91a3c07aa69f23c5824e419d4291d0 is-layout-flow wp-block-quote-is-layout-flow\">\n<p>&#8220;Wir alle m\u00f6gen Vielfalt, solange sich der andere so verh\u00e4lt wie wir.&#8221; <\/p>\n<cite>&#8211; Howard Phillips<\/cite><\/blockquote>\n\n\n\n<p><strong>Kulturelle Faktoren beeinflussen die Teamarbeit.<\/strong><\/p>\n\n\n\n<p>W\u00e4hrend eines Seminars in den USA erlebte ich hautnah, wie kulturelle Denkweisen aufeinanderprallen k\u00f6nnen: Meine Schweizer Kollege und ich diskutierten akribisch jedes Detail eines Projekts \u2013 w\u00e4hrend unsere amerikanischen Kollegen l\u00e4ngst einen groben Plan aufgestellt hatten. Ihre Devise: \u201eLieber loslegen und unterwegs anpassen.\u201c Dieser Unterschied kann, wenn er geschickt genutzt wird, ein Vorteil sein \u2013 andernfalls ein Stolperstein.<\/p>\n\n\n\n<div class=\"wp-block-columns is-layout-flex wp-container-core-columns-is-layout-28f84493 wp-block-columns-is-layout-flex\">\n<div class=\"wp-block-column is-layout-flow wp-block-column-is-layout-flow\" style=\"flex-basis:33.33%\">\n<figure class=\"wp-block-image size-large\"><img loading=\"lazy\" decoding=\"async\" width=\"1024\" height=\"648\" src=\"https:\/\/www.culture-relations.net\/wp-content\/uploads\/2025\/05\/IC_Multi_02-1024x648.png\" alt=\"\" class=\"wp-image-7241\" srcset=\"https:\/\/www.culture-relations.net\/wp-content\/uploads\/2025\/05\/IC_Multi_02-1024x648.png 1024w, https:\/\/www.culture-relations.net\/wp-content\/uploads\/2025\/05\/IC_Multi_02-350x222.png 350w, https:\/\/www.culture-relations.net\/wp-content\/uploads\/2025\/05\/IC_Multi_02-768x486.png 768w, https:\/\/www.culture-relations.net\/wp-content\/uploads\/2025\/05\/IC_Multi_02-1536x973.png 1536w, https:\/\/www.culture-relations.net\/wp-content\/uploads\/2025\/05\/IC_Multi_02.png 2001w\" sizes=\"auto, (max-width: 1024px) 100vw, 1024px\" \/><\/figure>\n<\/div>\n\n\n\n<div class=\"wp-block-column is-layout-flow wp-block-column-is-layout-flow\" style=\"flex-basis:66.66%\">\n<p><br><strong>Zwei Herangehensweisen <\/strong>im Vergleich<strong>:<\/strong><\/p>\n\n\n\n<ul class=\"wp-block-list\">\n<li><strong>Schweizer Stil<\/strong>: Gr\u00fcndlichkeit, langfristige Planung, langsame Entscheidungen.<br><\/li>\n\n\n\n<li><strong>Nordamerikanischer Stil<\/strong>: Pragmatismus, schnelle Entscheidungen, Flexibilit\u00e4t.<\/li>\n<\/ul>\n<\/div>\n<\/div>\n\n\n\n<div style=\"height:20px\" aria-hidden=\"true\" class=\"wp-block-spacer\"><\/div>\n\n\n\n<h2 class=\"wp-block-heading\">Wenn Vielfalt nicht funktioniert<\/h2>\n\n\n\n<blockquote class=\"wp-block-quote has-red-color has-text-color has-link-color wp-elements-cc289d2f6e7d1263ce33394d970494a7 is-layout-flow wp-block-quote-is-layout-flow\">\n<p>&#8220;Bedauerlicherweise erreichen kulturell vielf\u00e4ltige Teams selten ihr volles Potenzial.&#8221;<\/p>\n<cite>&#8211; Nancy Adler<\/cite><\/blockquote>\n\n\n\n<p><strong>Ohne gemeinsame Basis scheitern selbst hochqualifizierte Teams.<\/strong><\/p>\n\n\n\n<div class=\"wp-block-columns is-layout-flex wp-container-core-columns-is-layout-28f84493 wp-block-columns-is-layout-flex\">\n<div class=\"wp-block-column is-layout-flow wp-block-column-is-layout-flow\" style=\"flex-basis:66.66%\">\n<p><br>In einem Workshop mit einer multikulturellen Gruppe offenbarte eine einfache Team\u00fcbung \u2013 das Bauen des h\u00f6chst m\u00f6glichen Turms aus Zuckerw\u00fcrfeln \u2013 versteckte Br\u00fcche: Eine Gruppe spaltete sich in zwei, weil sie sich nicht auf ein Design einigen konnte: zwei wundersch\u00f6ne, kreative T\u00fcrme\u2026 aber bei weitem die kleinsten: Aufgabe gescheitert.<\/p>\n\n\n\n<p><strong>Fazit:<\/strong> Ohne gemeinsame Vision verpufft das Potenzial.<\/p>\n<\/div>\n\n\n\n<div class=\"wp-block-column is-layout-flow wp-block-column-is-layout-flow\" style=\"flex-basis:33.33%\">\n<figure class=\"wp-block-image size-large\"><img loading=\"lazy\" decoding=\"async\" width=\"1024\" height=\"590\" src=\"https:\/\/www.culture-relations.net\/wp-content\/uploads\/2025\/05\/IC_Multi_03-1024x590.png\" alt=\"\" class=\"wp-image-7274\" srcset=\"https:\/\/www.culture-relations.net\/wp-content\/uploads\/2025\/05\/IC_Multi_03-1024x590.png 1024w, https:\/\/www.culture-relations.net\/wp-content\/uploads\/2025\/05\/IC_Multi_03-350x202.png 350w, https:\/\/www.culture-relations.net\/wp-content\/uploads\/2025\/05\/IC_Multi_03-768x443.png 768w, https:\/\/www.culture-relations.net\/wp-content\/uploads\/2025\/05\/IC_Multi_03-1536x885.png 1536w, https:\/\/www.culture-relations.net\/wp-content\/uploads\/2025\/05\/IC_Multi_03.png 2001w\" sizes=\"auto, (max-width: 1024px) 100vw, 1024px\" \/><\/figure>\n<\/div>\n<\/div>\n\n\n\n<div style=\"height:20px\" aria-hidden=\"true\" class=\"wp-block-spacer\"><\/div>\n\n\n\n<h2 class=\"wp-block-heading\">Globale und virtuelle Teams: Noch komplexer<\/h2>\n\n\n\n<blockquote class=\"wp-block-quote has-red-color has-text-color has-link-color wp-elements-3843fd5393dde9d5e095679c6ef0fad8 is-layout-flow wp-block-quote-is-layout-flow\">\n<p>&#8221; Die Herausforderung der Zusammenarbeit \u00fcber L\u00e4ndergrenzen hinweg ist nicht die Entfernung, sondern der fehlende gemeinsame Kontext.&#8221;   <\/p>\n<cite>&#8211; Erin Meyer<\/cite><\/blockquote>\n\n\n\n<p>Zusammenarbeit \u00fcber Kontinente und Zeitzonen hinweg bringt zus\u00e4tzliche Herausforderungen: Wenig pers\u00f6nliche N\u00e4he, unterschiedliche Erwartungen und eine st\u00e4rkere Bindung an lokale statt globale Teams. Das<strong> Erfolgsrezept <\/strong>istessich bewusst Zeit zu nehmen um Beziehungen aufbauen, Erwartungen zu kl\u00e4ren und gegenseitige Perspektiven verstehen. Einfach gesagt \u2013 aber in einer schnelllebigen Businesswelt oft schwer umzusetzen.<\/p>\n\n\n\n<div class=\"wp-block-columns is-layout-flex wp-container-core-columns-is-layout-28f84493 wp-block-columns-is-layout-flex\">\n<div class=\"wp-block-column is-layout-flow wp-block-column-is-layout-flow\" style=\"flex-basis:25%\">\n<figure class=\"wp-block-image aligncenter size-large is-resized\"><img loading=\"lazy\" decoding=\"async\" width=\"966\" height=\"1024\" src=\"https:\/\/www.culture-relations.net\/wp-content\/uploads\/2025\/05\/IC_Global_Team-966x1024.png\" alt=\"\" class=\"wp-image-7606\" style=\"width:170px;height:auto\" srcset=\"https:\/\/www.culture-relations.net\/wp-content\/uploads\/2025\/05\/IC_Global_Team-966x1024.png 966w, https:\/\/www.culture-relations.net\/wp-content\/uploads\/2025\/05\/IC_Global_Team-330x350.png 330w, https:\/\/www.culture-relations.net\/wp-content\/uploads\/2025\/05\/IC_Global_Team-768x814.png 768w, https:\/\/www.culture-relations.net\/wp-content\/uploads\/2025\/05\/IC_Global_Team.png 1024w\" sizes=\"auto, (max-width: 966px) 100vw, 966px\" \/><\/figure>\n<\/div>\n\n\n\n<div class=\"wp-block-column is-layout-flow wp-block-column-is-layout-flow\" style=\"flex-basis:75%\">\n<p>In einem Workshop mit einem Team aus f\u00fcnf L\u00e4ndern und drei Kontinenten stellte jeder \u201eRespekt\u201c ins Zentrum seiner Werte. Doch hinter diesem Wort verbargen sich ganz unterschiedliche Vorstellungen: Respekt f\u00fcr die Gruppe, die Hierarchie, \u00e4ltere Menschen , die H\u00f6flichkeit oder f\u00fcr Gesetze. <br><br>Es wurde zu einem wichtigen Aha-Erlebnis: <strong>Werte m\u00f6gen gleich klingen, doch ihre Bedeutung kann sich tiefgreifend unterscheiden<\/strong>.<\/p>\n<\/div>\n<\/div>\n\n\n\n<div style=\"height:40px\" aria-hidden=\"true\" class=\"wp-block-spacer\"><\/div>\n\n\n\n<div class=\"wp-block-group has-global-padding is-layout-constrained wp-block-group-is-layout-constrained\">\n<p class=\"has-very-light-gray-background-color has-background\">\u2192 Reflexion \u00fcber kulturelle Unterschiede und Gemeinsamkeiten verbessert Kommunikation, Prozesse und Zusammenarbeit \u2013 und macht Vielfalt zum echten Wettbewerbsvorteil.<\/p>\n\n\n\n<div style=\"height:40px\" aria-hidden=\"true\" class=\"wp-block-spacer\"><\/div>\n\n\n\n<hr class=\"wp-block-separator has-css-opacity\"\/>\n\n\n\n<p class=\"has-small-font-size\">* Stephen R. Covey, <em>Die 7 Wege zur Effektivit\u00e4t: Prinzipien f\u00fcr pers\u00f6nlichen und beruflichen Erfolg<\/em><br>* Howard J. Phillips, dreifacher Kandidat zur US-Amerikanischen Pr\u00e4sidentschaft <br>* Nancy J. Adler, Professorin in Internationalem Management an der McGill Universit\u00e4t in Montreal<\/p>\n\n\n\n<p><br><\/p>\n\n\n\n<p><br><br><\/p>\n<\/div>\n","protected":false},"excerpt":{"rendered":"<p>Die St\u00e4rke der Vielfalt &#8220;Die St\u00e4rke liegt in den Unterschieden, nicht in den Gemeinsamkeiten.&#8221; Multikulturelle Teams bringen Innovation, Kreativit\u00e4t und internationale Flexibilit\u00e4t. Studien zeigen: Diversit\u00e4t kann Leistung und Produktivit\u00e4t steigern \u2013 vorausgesetzt, die Teammitglieder erkennen und sch\u00e4tzen die Vielfalt der Perspektiven. Sonst drohen Missverst\u00e4ndnisse, Vertrauensverluste und Reibungsverluste. Vielfalt ist spannend \u2013 aber nicht immer einfach [&hellip;]<\/p>\n","protected":false},"author":1,"featured_media":0,"parent":903,"menu_order":0,"comment_status":"closed","ping_status":"closed","template":"content-pages-IC.php","meta":{"_genesis_hide_title":false,"_genesis_hide_breadcrumbs":false,"_genesis_hide_singular_image":false,"_genesis_hide_footer_widgets":false,"_genesis_custom_body_class":"","_genesis_custom_post_class":"","_genesis_layout":"","footnotes":""},"class_list":{"0":"post-1890","1":"page","2":"type-page","3":"status-publish","5":"entry"},"_links":{"self":[{"href":"https:\/\/www.culture-relations.net\/de\/wp-json\/wp\/v2\/pages\/1890","targetHints":{"allow":["GET"]}}],"collection":[{"href":"https:\/\/www.culture-relations.net\/de\/wp-json\/wp\/v2\/pages"}],"about":[{"href":"https:\/\/www.culture-relations.net\/de\/wp-json\/wp\/v2\/types\/page"}],"author":[{"embeddable":true,"href":"https:\/\/www.culture-relations.net\/de\/wp-json\/wp\/v2\/users\/1"}],"replies":[{"embeddable":true,"href":"https:\/\/www.culture-relations.net\/de\/wp-json\/wp\/v2\/comments?post=1890"}],"version-history":[{"count":10,"href":"https:\/\/www.culture-relations.net\/de\/wp-json\/wp\/v2\/pages\/1890\/revisions"}],"predecessor-version":[{"id":7613,"href":"https:\/\/www.culture-relations.net\/de\/wp-json\/wp\/v2\/pages\/1890\/revisions\/7613"}],"up":[{"embeddable":true,"href":"https:\/\/www.culture-relations.net\/de\/wp-json\/wp\/v2\/pages\/903"}],"wp:attachment":[{"href":"https:\/\/www.culture-relations.net\/de\/wp-json\/wp\/v2\/media?parent=1890"}],"curies":[{"name":"wp","href":"https:\/\/api.w.org\/{rel}","templated":true}]}}