{"id":2021,"date":"2018-03-13T11:53:58","date_gmt":"2018-03-13T10:53:58","guid":{"rendered":"http:\/\/www.culture-relations.ch\/ctrl\/interkulturelle-kompetenz\/international-mergers\/"},"modified":"2025-05-22T11:29:31","modified_gmt":"2025-05-22T09:29:31","slug":"internationale-zusammenschluesse","status":"publish","type":"page","link":"https:\/\/www.culture-relations.net\/de\/interkulturelle-kompetenz\/internationale-zusammenschluesse\/","title":{"rendered":"Internationale Zusammenschl\u00fcsse"},"content":{"rendered":"\n<div class=\"wp-block-group has-global-padding is-layout-constrained wp-block-group-is-layout-constrained\">\n<div class=\"wp-block-group box has-neutral-background-color has-background has-global-padding is-layout-constrained wp-container-core-group-is-layout-800f937d wp-block-group-is-layout-constrained\" style=\"margin-bottom:var(--wp--preset--spacing--30);padding-top:var(--wp--preset--spacing--40);padding-right:var(--wp--preset--spacing--40);padding-bottom:var(--wp--preset--spacing--40);padding-left:var(--wp--preset--spacing--40)\">\n<h2 class=\"wp-block-heading\">Der Erfolgs- oder Misserfolgsfaktor bei M&amp;A: die Kultur<\/h2>\n\n\n\n<blockquote class=\"wp-block-quote has-red-color has-text-color has-link-color wp-elements-11c4582f136a40815d76f151b21811ef is-layout-flow wp-block-quote-is-layout-flow\">\n<p>&#8221; K<em>ulturell denken \u2013 historisch denken<\/em> &#8220;<\/p>\n<cite>&#8211; Edgar Schein<\/cite><\/blockquote>\n\n\n\n<p>Seit der \u00abScheidung des Jahrhunderts\u00bb zwischen Daimler und Chrysler im Jahr 2007 ist klar: <strong>Kulturelle Unterschiede k\u00f6nnen \u00fcber den Erfolg oder Misserfolg einer Fusion entscheiden<\/strong>.<br>Sch\u00e4tzungen zufolge scheitern rund 30 % der Fusionen und \u00dcbernahmen (M&amp;A) aufgrund kultureller Konflikte.<\/p>\n<\/div>\n\n\n\n<h2 class=\"wp-block-heading\">Zwei Kulturen &#8211; zwei Welten<\/h2>\n\n\n\n<p>Zwei Schweizer Unternehmen, gegr\u00fcndet in den 90er Jahren, jung, dynamisch, im selben Markt aktiv.<br>Auf den ersten Blick eine ideale Partnerschaft \u2013 doch ein Blick hinter die Kulissen zeigte mir:<\/p>\n\n\n\n<div class=\"wp-block-columns is-layout-flex wp-container-core-columns-is-layout-28f84493 wp-block-columns-is-layout-flex\">\n<div class=\"wp-block-column is-layout-flow wp-block-column-is-layout-flow\" style=\"flex-basis:66.66%\">\n<div style=\"height:22px\" aria-hidden=\"true\" class=\"wp-block-spacer\"><\/div>\n\n\n\n<ul class=\"wp-block-list\">\n<li><strong>Empfang<\/strong>: herzlich und beziehungsorientiert vs. funktional und distanziert.<br><\/li>\n\n\n\n<li><strong>Arbeitsumfeld<\/strong>: flexible Arbeitspl\u00e4tze und Homeoffice vs. Einzelb\u00fcros mit geschlossenen T\u00fcren.<br><\/li>\n\n\n\n<li><strong>Arbeitsorganisation<\/strong>: flexible Arbeitszeiten vs. starre Strukturen.<br><\/li>\n\n\n\n<li><strong>Unternehmenswerte<\/strong>: intern ausgerichtet (Zusammenarbeit) vs. extern ausgerichtet (Kundeninteraktion).<\/li>\n<\/ul>\n\n\n\n<p class=\"has-text-align-left\">F\u00fchrungsstil, Entscheidungsprozesse, interne Kommunikation und Marketingans\u00e4tze unterschieden sich ebenfalls deutlich. <strong>Am Ende kam die Fusion nicht zustande.<\/strong><br><\/p>\n<\/div>\n\n\n\n<div class=\"wp-block-column is-layout-flow wp-block-column-is-layout-flow\" style=\"flex-basis:33.33%\">\n<figure class=\"wp-block-image size-large is-resized\"><img loading=\"lazy\" decoding=\"async\" width=\"1024\" height=\"824\" src=\"https:\/\/www.culture-relations.net\/wp-content\/uploads\/2025\/05\/OCAI_D-1024x824.png\" alt=\"\" class=\"wp-image-8112\" style=\"width:256px;height:auto\" srcset=\"https:\/\/www.culture-relations.net\/wp-content\/uploads\/2025\/05\/OCAI_D-1024x824.png 1024w, https:\/\/www.culture-relations.net\/wp-content\/uploads\/2025\/05\/OCAI_D-350x281.png 350w, https:\/\/www.culture-relations.net\/wp-content\/uploads\/2025\/05\/OCAI_D-768x618.png 768w, https:\/\/www.culture-relations.net\/wp-content\/uploads\/2025\/05\/OCAI_D.png 1507w\" sizes=\"auto, (max-width: 1024px) 100vw, 1024px\" \/><\/figure>\n\n\n\n<p><em><strong>OCAI <\/strong>(Organizational Culture Assessment Instrument)<\/em><\/p>\n<\/div>\n<\/div>\n\n\n\n<h2 class=\"wp-block-heading\">Grenz\u00fcberschreitende Herausforderungen<\/h2>\n\n\n\n<p>In einem anderen Fall \u2013 einer Fusion zwischen der Schweiz und Frankreich \u2013 traten weitere Unterschiede zutage:<br>W\u00e4hrend das Schweizer Unternehmen auf einem <strong>qualit\u00e4tsorientierten <\/strong>Heimmarkt etabliert war, agierte der franz\u00f6sische Partner auch in <strong>Wachstumsm\u00e4rkten<\/strong>, wo der <strong>Preis<\/strong> wichtiger war als die <strong>Perfektion<\/strong>.<\/p>\n\n\n\n<div class=\"wp-block-columns is-layout-flex wp-container-core-columns-is-layout-28f84493 wp-block-columns-is-layout-flex\">\n<div class=\"wp-block-column is-layout-flow wp-block-column-is-layout-flow\">\n<p><br>W\u00e4hrend einer Arbeitssitzung sagte mir ein franz\u00f6sischer Gesch\u00e4ftsf\u00fchrer scherzhaft:<\/p>\n\n\n\n<p><strong><em>&#8220;Sie bauen Rolls-Royces f\u00fcr einen Markt, der Renault 4Ls braucht.&#8221;<\/em><\/strong><strong><\/strong><\/p>\n\n\n\n<p>Die Fusion hat nie die erwarteten Ergebnisse gebracht und wurde als Misserfolg betrachtet.<\/p>\n<\/div>\n\n\n\n<div class=\"wp-block-column is-layout-flow wp-block-column-is-layout-flow\" style=\"flex-basis:40%\">\n<figure class=\"wp-block-image size-large\"><img loading=\"lazy\" decoding=\"async\" width=\"1024\" height=\"463\" src=\"https:\/\/www.culture-relations.net\/wp-content\/uploads\/2025\/05\/IC_FUSIONS_2-1024x463.png\" alt=\"\" class=\"wp-image-7326\" srcset=\"https:\/\/www.culture-relations.net\/wp-content\/uploads\/2025\/05\/IC_FUSIONS_2-1024x463.png 1024w, https:\/\/www.culture-relations.net\/wp-content\/uploads\/2025\/05\/IC_FUSIONS_2-350x158.png 350w, https:\/\/www.culture-relations.net\/wp-content\/uploads\/2025\/05\/IC_FUSIONS_2-768x347.png 768w, https:\/\/www.culture-relations.net\/wp-content\/uploads\/2025\/05\/IC_FUSIONS_2-1536x694.png 1536w, https:\/\/www.culture-relations.net\/wp-content\/uploads\/2025\/05\/IC_FUSIONS_2.png 1883w\" sizes=\"auto, (max-width: 1024px) 100vw, 1024px\" \/><\/figure>\n<\/div>\n<\/div>\n\n\n\n<h2 class=\"wp-block-heading\">Kultur als Schl\u00fcssel zum Erfolg<\/h2>\n\n\n\n<p>Die jeweiligen F\u00fchrungsteams haben aus diesen schmerzhaften M&amp;A-Erfahrungen gelernt: <strong>Kulturelle Faktoren m\u00fcssen fr\u00fchzeitig ber\u00fccksichtigt werden<\/strong>. Ohne gezielte Kulturprogramme k\u00f6nnen selbst die besten Synergien und Gesch\u00e4ftsstrategien scheitern.<\/p>\n\n\n\n<blockquote class=\"wp-block-quote has-red-color has-text-color has-link-color wp-elements-365812baee3c8e5d62db2bb0bfa3bbb3 is-layout-flow wp-block-quote-is-layout-flow\">\n<p>&#8221; <em>Vor jeder strategischen Ver\u00e4nderung sollte die Kultur analysiert werden<\/em>&#8221; <\/p>\n<cite>&#8211;&nbsp; Edgar Schein<\/cite><\/blockquote>\n\n\n\n<div style=\"height:30px\" aria-hidden=\"true\" class=\"wp-block-spacer\"><\/div>\n\n\n\n<p class=\"has-neutral-background-color has-background\">\u2192 In jeder Fusion verdient die Unternehmenskultur <strong>genauso viel Aufmerksamkeit wie Finanzen, Synergien und Performance<\/strong>.<br><strong>Kulturelles Bewusstsein und Sensibilit\u00e4t<\/strong> sind entscheidend, um Konflikte zu vermeiden und eine gemeinsame Identit\u00e4t zu schaffen.<\/p>\n\n\n\n<hr class=\"wp-block-separator has-css-opacity\"\/>\n\n\n\n<p class=\"has-small-font-size\">* Kim S. Cameron and Robert E. Quinn, et. al, <em>Competing Values Leadership<\/em> &#8211; OCAI<br>* Edgar H. Schein, <em>Organizational Culture and Leadership <\/em>and <em>The Corporate Culture Survival Guide<\/em><\/p>\n\n\n\n<p><\/p>\n<\/div>\n\n\n\n<div style=\"height:30px\" aria-hidden=\"true\" class=\"wp-block-spacer\"><\/div>\n","protected":false},"excerpt":{"rendered":"<p>Der Erfolgs- oder Misserfolgsfaktor bei M&amp;A: die Kultur &#8221; Kulturell denken \u2013 historisch denken &#8220; Seit der \u00abScheidung des Jahrhunderts\u00bb zwischen Daimler und Chrysler im Jahr 2007 ist klar: Kulturelle Unterschiede k\u00f6nnen \u00fcber den Erfolg oder Misserfolg einer Fusion entscheiden.Sch\u00e4tzungen zufolge scheitern rund 30 % der Fusionen und \u00dcbernahmen (M&amp;A) aufgrund kultureller Konflikte. Zwei Kulturen [&hellip;]<\/p>\n","protected":false},"author":1,"featured_media":0,"parent":903,"menu_order":0,"comment_status":"closed","ping_status":"closed","template":"content-pages-IC.php","meta":{"_genesis_hide_title":false,"_genesis_hide_breadcrumbs":false,"_genesis_hide_singular_image":false,"_genesis_hide_footer_widgets":false,"_genesis_custom_body_class":"","_genesis_custom_post_class":"","_genesis_layout":"","footnotes":""},"class_list":{"0":"post-2021","1":"page","2":"type-page","3":"status-publish","5":"entry"},"_links":{"self":[{"href":"https:\/\/www.culture-relations.net\/de\/wp-json\/wp\/v2\/pages\/2021","targetHints":{"allow":["GET"]}}],"collection":[{"href":"https:\/\/www.culture-relations.net\/de\/wp-json\/wp\/v2\/pages"}],"about":[{"href":"https:\/\/www.culture-relations.net\/de\/wp-json\/wp\/v2\/types\/page"}],"author":[{"embeddable":true,"href":"https:\/\/www.culture-relations.net\/de\/wp-json\/wp\/v2\/users\/1"}],"replies":[{"embeddable":true,"href":"https:\/\/www.culture-relations.net\/de\/wp-json\/wp\/v2\/comments?post=2021"}],"version-history":[{"count":5,"href":"https:\/\/www.culture-relations.net\/de\/wp-json\/wp\/v2\/pages\/2021\/revisions"}],"predecessor-version":[{"id":8118,"href":"https:\/\/www.culture-relations.net\/de\/wp-json\/wp\/v2\/pages\/2021\/revisions\/8118"}],"up":[{"embeddable":true,"href":"https:\/\/www.culture-relations.net\/de\/wp-json\/wp\/v2\/pages\/903"}],"wp:attachment":[{"href":"https:\/\/www.culture-relations.net\/de\/wp-json\/wp\/v2\/media?parent=2021"}],"curies":[{"name":"wp","href":"https:\/\/api.w.org\/{rel}","templated":true}]}}