{"id":2053,"date":"2018-05-17T10:00:05","date_gmt":"2018-05-17T08:00:05","guid":{"rendered":"http:\/\/www.culture-relations.ch\/ctrl\/bng-ansatz\/history-of-gnh\/"},"modified":"2025-05-25T17:27:51","modified_gmt":"2025-05-25T15:27:51","slug":"geschichte-des-bng","status":"publish","type":"page","link":"https:\/\/www.culture-relations.net\/de\/bng-ansatz\/geschichte-des-bng\/","title":{"rendered":"Die Geschichte des BNG"},"content":{"rendered":"\n<div class=\"wp-block-group has-global-padding is-layout-constrained wp-block-group-is-layout-constrained\">\n<h2 class=\"wp-block-heading\">BNG \u2013 Wenn Gl\u00fcck zum nationalen Richtwert wird<\/h2>\n\n\n\n<blockquote class=\"wp-block-quote has-blue-color has-text-color has-link-color wp-elements-719de9b03042f44b3a76da89e76d6558 is-layout-flow wp-block-quote-is-layout-flow\">\n<p><strong>\u201c  <strong><strong>Bruttonationalgl\u00fcck (BNG) ist wichtiger als das Bruttoinlandsprodukt.<\/strong><\/strong>\u201d<\/strong><\/p>\n<cite>&#8211; Jigme Singye Wangchuck, <strong>&#8220;K4&#8221;<\/strong>, vierter K\u00f6nig Bhutans (von 1972 bis 2006)<\/cite><\/blockquote>\n\n\n\n<div class=\"wp-block-columns is-layout-flex wp-container-core-columns-is-layout-28f84493 wp-block-columns-is-layout-flex\">\n<div class=\"wp-block-column is-layout-flow wp-block-column-is-layout-flow\">\n<figure class=\"wp-block-image size-large\"><img loading=\"lazy\" decoding=\"async\" width=\"1024\" height=\"768\" src=\"https:\/\/www.culture-relations.net\/wp-content\/uploads\/2018\/12\/Peak-1-1024x768.jpg\" alt=\"\" class=\"wp-image-5695\" srcset=\"https:\/\/www.culture-relations.net\/wp-content\/uploads\/2018\/12\/Peak-1-1024x768.jpg 1024w, https:\/\/www.culture-relations.net\/wp-content\/uploads\/2018\/12\/Peak-1-300x225.jpg 300w, https:\/\/www.culture-relations.net\/wp-content\/uploads\/2018\/12\/Peak-1-768x576.jpg 768w, https:\/\/www.culture-relations.net\/wp-content\/uploads\/2018\/12\/Peak-1.jpg 1500w\" sizes=\"auto, (max-width: 1024px) 100vw, 1024px\" \/><\/figure>\n<\/div>\n\n\n\n<div class=\"wp-block-column is-layout-flow wp-block-column-is-layout-flow\">\n<p><br>Mit diesem Satz legte der damals 17-j\u00e4hrige K\u00f6nig von Bhutan, <strong>Jigme Singye Wangchuck<\/strong>, im Jahr 1972 den Grundstein f\u00fcr eine radikal neue Entwicklungsvision.<\/p>\n\n\n\n<p>Bhutan \u2013 ein kleines Himalaya-K\u00f6nigreich zwischen Indien und China, etwa so gross wie die Schweiz \u2013 wurde nie kolonisiert und ist tief im Buddhismus verwurzelt. <\/p>\n\n\n\n<p>Es ist kein Paradies, und sieht sich mit vielen modernen Herausforderungen konfrontiert. Aber es ist ein Land, das sich eine grundlegende Frage stellte: <em><strong>Was w\u00e4re, wenn das Ziel von Fortschritt das Gl\u00fcck der Menschen w\u00e4re?<\/strong><\/em><br><br><\/p>\n<\/div>\n<\/div>\n\n\n\n<h2 class=\"wp-block-heading\">Eine Philosophie in Bewegung<\/h2>\n\n\n\n<p>Bereits <strong>1975<\/strong> erkl\u00e4rte Bhutan das <strong>Bruttonationalgl\u00fcck (BNG<\/strong> &#8211; <em><strong>GNH <\/strong>Gross National Happiness auf englisch<\/em>)  offiziell zur Grundlage seiner Entwicklungspolitik. <br><br>Der ganzheitliche Ansatz will wirtschaftliches Wachstum, pers\u00f6nliches Wohlbefinden, \u00f6kologische Nachhaltigkeit und sozialen Zusammenhalt in Einklang bringen. Seine Wurzeln reichen zur\u00fcck bis zum <strong>Rechtskodex von 1629<\/strong>, der festhielt:<\/p>\n\n\n\n<blockquote class=\"wp-block-quote has-blue-color has-text-color has-link-color wp-elements-d3c3eb807d7ed04d81991e124d31ba87 is-layout-flow wp-block-quote-is-layout-flow\">\n<p>&#8221; <em>W<em>enn die Regierung das Gl\u00fcck der Bev\u00f6lkerung nicht schaffen kann, hat sie keinen Daseinszweck<\/em>i. <\/em>\u201d<\/p>\n<\/blockquote>\n\n\n\n<h2 class=\"wp-block-heading\">Von der Vision zu konkreten Instrumenten<\/h2>\n\n\n\n<p>Anfang der <strong>2000er-Jahre<\/strong> begann Bhutan, &nbsp;angesichts der wachsenden internationalen Aufmerksamkeit, Instrumente zu entwickeln, um das BNG <strong>messbar <\/strong>und<strong> umsetzbar <\/strong>zu machen:<\/p>\n\n\n\n<div class=\"wp-block-columns is-layout-flex wp-container-core-columns-is-layout-28f84493 wp-block-columns-is-layout-flex\">\n<div class=\"wp-block-column is-layout-flow wp-block-column-is-layout-flow\">\n<ul class=\"wp-block-list\">\n<li><strong>2008<\/strong> wurden ein <strong>BNG-Politikfilter<\/strong> sowie ein <strong>BNG-Index<\/strong> eingef\u00fchrt, um das Wohlbefinden der Bev\u00f6lkerung regelm\u00e4ssig zu messen.<\/li>\n\n\n\n<li>Im selben Jahr trat die <strong>erste schriftliche Verfassung<\/strong> in Kraft, die das <strong>BNG<\/strong> als Staatsziel verankerte.<\/li>\n<\/ul>\n\n\n\n<p><strong><strong><strong>BNG auf der Weltb\u00fchne<\/strong><\/strong><\/strong><\/p>\n\n\n\n<p>Unter Premierminister <strong>Jigme Yoser Thinley<\/strong> (2008 &#8211; 2013) gewann das BNG weltweit an Bedeutung:<\/p>\n\n\n\n<ul class=\"wp-block-list\">\n<li><strong>2011<\/strong> verabschiedete die UNO eine von Bhutan eingebrachte Resolution f\u00fcr einen <strong>ganzheitlichen Entwicklungsansatz<\/strong>.<\/li>\n\n\n\n<li><strong>2012<\/strong> organisierte Bhutan am UNO-Hauptsitz in New York ein <strong>Hochrangiges Treffen<\/strong> unter dem Titel  &#8220;<em>Gl\u00fcck und Wohlbefinden: Eine neue Wirtschaftsordnung definieren.<\/em>&#8220;<\/li>\n<\/ul>\n<\/div>\n\n\n\n<div class=\"wp-block-column is-layout-flow wp-block-column-is-layout-flow\">\n<figure class=\"wp-block-image size-large\"><img loading=\"lazy\" decoding=\"async\" width=\"1024\" height=\"768\" src=\"https:\/\/www.culture-relations.net\/wp-content\/uploads\/2018\/12\/01-History-of-GNH-Flags-Praying-1024x768.jpg\" alt=\"\" class=\"wp-image-2796\" srcset=\"https:\/\/www.culture-relations.net\/wp-content\/uploads\/2018\/12\/01-History-of-GNH-Flags-Praying-1024x768.jpg 1024w, https:\/\/www.culture-relations.net\/wp-content\/uploads\/2018\/12\/01-History-of-GNH-Flags-Praying-300x225.jpg 300w, https:\/\/www.culture-relations.net\/wp-content\/uploads\/2018\/12\/01-History-of-GNH-Flags-Praying-768x576.jpg 768w, https:\/\/www.culture-relations.net\/wp-content\/uploads\/2018\/12\/01-History-of-GNH-Flags-Praying.jpg 1500w\" sizes=\"auto, (max-width: 1024px) 100vw, 1024px\" \/><\/figure>\n<\/div>\n<\/div>\n\n\n\n<p><strong><strong><strong>R\u00fcckkehr zum Lokalen<\/strong><\/strong><\/strong><\/p>\n\n\n\n<p>Unter Premierminister <strong>Tshering Tobgay<\/strong> (2013 &#8211; 2018) verlagerte sich der Fokus zur\u00fcck nach Bhutan:<\/p>\n\n\n\n<ul class=\"wp-block-list\">\n<li>Die Regierung entwickelte ein <strong>BNG-Tool f\u00fcr Unternehmen<\/strong>, um wirtschaftliches Handeln mit sozialen Werten zu verkn\u00fcpfen.<\/li>\n\n\n\n<li><strong>2018<\/strong> wurde die erste <strong>BNG-Zertifizierung<\/strong> f\u00fcr Unternehmen eingef\u00fchrt, die soziale Wirkung sichtbar macht.<\/li>\n<\/ul>\n\n\n\n<div style=\"height:26px\" aria-hidden=\"true\" class=\"wp-block-spacer\"><\/div>\n\n\n\n<h2 class=\"wp-block-heading\">Wegweiser f\u00fcr die Zukunft<\/h2>\n\n\n\n<blockquote class=\"wp-block-quote has-blue-color has-text-color has-link-color wp-elements-8098cd52346e409e58955148814a1ff0 is-layout-flow wp-block-quote-is-layout-flow\">\n<p>&#8221; <strong>Das Bruttonationalgl\u00fcck ist eine Vision, ein Set von Prinzipien, das uns auf dem Weg zu einer nachhaltigen und gerechten Gesellschaft leitet. Es ist unser Polarstern<\/strong>&#8220;<\/p>\n<cite>\u2013 Thakur Singh Powdyel, ehemaliger Bildungsminister<\/cite><\/blockquote>\n\n\n\n<figure class=\"wp-block-image aligncenter size-large is-resized\"><img loading=\"lazy\" decoding=\"async\" width=\"1024\" height=\"768\" src=\"https:\/\/www.culture-relations.net\/wp-content\/uploads\/2018\/12\/Buddhism-1024x768.jpg\" alt=\"\" class=\"wp-image-5717\" style=\"width:680px;height:auto\" srcset=\"https:\/\/www.culture-relations.net\/wp-content\/uploads\/2018\/12\/Buddhism-1024x768.jpg 1024w, https:\/\/www.culture-relations.net\/wp-content\/uploads\/2018\/12\/Buddhism-400x300.jpg 400w, https:\/\/www.culture-relations.net\/wp-content\/uploads\/2018\/12\/Buddhism-768x576.jpg 768w, https:\/\/www.culture-relations.net\/wp-content\/uploads\/2018\/12\/Buddhism.jpg 1500w\" sizes=\"auto, (max-width: 1024px) 100vw, 1024px\" \/><\/figure>\n\n\n\n<div style=\"height:100px\" aria-hidden=\"true\" class=\"wp-block-spacer\"><\/div>\n\n\n\n<hr class=\"wp-block-separator has-alpha-channel-opacity\"\/>\n\n\n\n<div class=\"wp-block-columns is-layout-flex wp-container-core-columns-is-layout-28f84493 wp-block-columns-is-layout-flex\">\n<div class=\"wp-block-column is-layout-flow wp-block-column-is-layout-flow\" style=\"flex-basis:33.33%\">\n<figure class=\"wp-block-image alignright size-large is-resized\"><img loading=\"lazy\" decoding=\"async\" width=\"1024\" height=\"1018\" src=\"https:\/\/www.culture-relations.net\/wp-content\/uploads\/2025\/05\/Q-1024x1018.png\" alt=\"\" class=\"wp-image-8276\" style=\"width:150px\" srcset=\"https:\/\/www.culture-relations.net\/wp-content\/uploads\/2025\/05\/Q-1024x1018.png 1024w, https:\/\/www.culture-relations.net\/wp-content\/uploads\/2025\/05\/Q-350x348.png 350w, https:\/\/www.culture-relations.net\/wp-content\/uploads\/2025\/05\/Q-150x150.png 150w, https:\/\/www.culture-relations.net\/wp-content\/uploads\/2025\/05\/Q-768x763.png 768w, https:\/\/www.culture-relations.net\/wp-content\/uploads\/2025\/05\/Q.png 1330w\" sizes=\"auto, (max-width: 1024px) 100vw, 1024px\" \/><\/figure>\n<\/div>\n\n\n\n<div class=\"wp-block-column is-layout-flow wp-block-column-is-layout-flow\" style=\"flex-basis:66.66%\">\n<p><strong><strong><strong>Was w\u00e4re, wenn kollektives Gl\u00fcck kein Traum, sondern eine bewusste politische Entscheidung w\u00e4re?<\/strong><\/strong><\/strong><br><br><em><em><em>Wie s\u00e4he unsere Gesellschaft aus, wenn das Wohlbefinden aller im Zentrum stehen w\u00fcrde?<\/em><\/em><\/em><\/p>\n<\/div>\n<\/div>\n<\/div>\n","protected":false},"excerpt":{"rendered":"<p>BNG \u2013 Wenn Gl\u00fcck zum nationalen Richtwert wird \u201c Bruttonationalgl\u00fcck (BNG) ist wichtiger als das Bruttoinlandsprodukt.\u201d Mit diesem Satz legte der damals 17-j\u00e4hrige K\u00f6nig von Bhutan, Jigme Singye Wangchuck, im Jahr 1972 den Grundstein f\u00fcr eine radikal neue Entwicklungsvision. Bhutan \u2013 ein kleines Himalaya-K\u00f6nigreich zwischen Indien und China, etwa so gross wie die Schweiz \u2013 [&hellip;]<\/p>\n","protected":false},"author":1,"featured_media":0,"parent":1018,"menu_order":0,"comment_status":"closed","ping_status":"closed","template":"content-pages-GNH.php","meta":{"_genesis_hide_title":false,"_genesis_hide_breadcrumbs":false,"_genesis_hide_singular_image":false,"_genesis_hide_footer_widgets":false,"_genesis_custom_body_class":"","_genesis_custom_post_class":"","_genesis_layout":"","footnotes":""},"class_list":{"0":"post-2053","1":"page","2":"type-page","3":"status-publish","5":"entry"},"_links":{"self":[{"href":"https:\/\/www.culture-relations.net\/de\/wp-json\/wp\/v2\/pages\/2053","targetHints":{"allow":["GET"]}}],"collection":[{"href":"https:\/\/www.culture-relations.net\/de\/wp-json\/wp\/v2\/pages"}],"about":[{"href":"https:\/\/www.culture-relations.net\/de\/wp-json\/wp\/v2\/types\/page"}],"author":[{"embeddable":true,"href":"https:\/\/www.culture-relations.net\/de\/wp-json\/wp\/v2\/users\/1"}],"replies":[{"embeddable":true,"href":"https:\/\/www.culture-relations.net\/de\/wp-json\/wp\/v2\/comments?post=2053"}],"version-history":[{"count":7,"href":"https:\/\/www.culture-relations.net\/de\/wp-json\/wp\/v2\/pages\/2053\/revisions"}],"predecessor-version":[{"id":8283,"href":"https:\/\/www.culture-relations.net\/de\/wp-json\/wp\/v2\/pages\/2053\/revisions\/8283"}],"up":[{"embeddable":true,"href":"https:\/\/www.culture-relations.net\/de\/wp-json\/wp\/v2\/pages\/1018"}],"wp:attachment":[{"href":"https:\/\/www.culture-relations.net\/de\/wp-json\/wp\/v2\/media?parent=2053"}],"curies":[{"name":"wp","href":"https:\/\/api.w.org\/{rel}","templated":true}]}}