{"id":2076,"date":"2018-05-17T10:01:20","date_gmt":"2018-05-17T08:01:20","guid":{"rendered":"http:\/\/www.culture-relations.ch\/ctrl\/bng-ansatz\/four-pillars-gnh\/"},"modified":"2025-05-25T17:45:22","modified_gmt":"2025-05-25T15:45:22","slug":"vier-saeulen-bng","status":"publish","type":"page","link":"https:\/\/www.culture-relations.net\/de\/bng-ansatz\/vier-saeulen-bng\/","title":{"rendered":"Die vier S\u00e4ulen des BNG"},"content":{"rendered":"\n<div class=\"wp-block-group has-global-padding is-layout-constrained wp-block-group-is-layout-constrained\">\n<h2 class=\"wp-block-heading\">Gl\u00fcck ist kein Luxus \u2013 es ist ein Fundament<\/h2>\n\n\n\n<p>Das <strong>Bruttonationalgl\u00fcck (BNG)<\/strong> stellt die Idee infrage, dass wirtschaftliches Wachstum automatisch zu mehr Lebensqualit\u00e4t f\u00fchrt.<br><br>Stattdessen st\u00fctzt sich Bhutan auf <strong>vier eng verbundene S\u00e4ulen<\/strong>, die <strong>materielle Sicherheit <\/strong>mit <strong>emotionaler<\/strong>, <strong>kultureller <\/strong>und <strong>spiritueller Gesundheit <\/strong>in Einklang bringen.<br><\/p>\n\n\n\n<figure class=\"wp-block-image\"><a href=\"https:\/\/www.culture-relations.net\/wp-content\/uploads\/2018\/12\/02-Four-Pillars-Good-Governance-With-her-Royal-Highnes.jpg\"><img decoding=\"async\" src=\"https:\/\/www.culture-relations.net\/wp-content\/uploads\/2018\/12\/02-Four-Pillars-Good-Governance-With-her-Royal-Highnes-1024x490.jpg\" alt=\"\" class=\"wp-image-2834\"\/><\/a><figcaption class=\"wp-element-caption\">Treffen mit <strong>I.K.H. Prinzessin Ashi Kesang Choden Wangchuck<\/strong> (in der Mitte sitzend), Schwester des jetzigen K\u00f6nig Bhutans, und Pr\u00e4sidentin des Bruttonationalgl\u00fcckszentrum in Bhutan (Thimphu, Oktober 2015)<\/figcaption><\/figure>\n\n\n\n<hr class=\"wp-block-separator has-css-opacity\"\/>\n\n\n\n<h2 class=\"wp-block-heading\">1. Nachhaltige und gerechte sozio\u00f6konomische Entwicklung<\/h2>\n\n\n\n<p>Fortschritt ist nur dann sinnvoll, wenn er <strong>gerecht<\/strong> und <strong>nachhaltig<\/strong> ist.<br><br>Bhutan beschr\u00e4nkt bewusst den Konsum, verbietet Werbung und investiert Tourismus-Einnahmen in kostenlose Bildung und Gesundheitsversorgung.<\/p>\n\n\n\n<ul class=\"wp-block-list\">\n<li>Bei meiner Ankunft in Paro fiel mir sofort auf: <strong>keine Werbetafeln<\/strong>, nur ein grosses, ruhiges Bild des K\u00f6nigspaars.<\/li>\n\n\n\n<li>Reisende zahlen eine Tagespauschale, von der ein Teil direkt ins Gemeinwohl fliesst. <strong>Besuchen heisst hier auch: beitragen.<\/strong><\/li>\n<\/ul>\n\n\n\n<hr class=\"wp-block-separator has-css-opacity\"\/>\n\n\n\n<h2 class=\"wp-block-heading\">2. Erhalt und F\u00f6rderung der Kultur<\/h2>\n\n\n\n<p>Kultur pr\u00e4gt <strong>Identit\u00e4t<\/strong>, <strong>Werte <\/strong>und <strong>Verbundenheit<\/strong>.<br><br>Bhutan bewahrt sein Erbe \u2013 von traditionellen Kleidervorschriften bis zu seinen 13 klassischen K\u00fcnsten, die in spezialisierten Schulen gelehrt werden.<\/p>\n\n\n\n<div class=\"wp-block-columns is-layout-flex wp-container-core-columns-is-layout-28f84493 wp-block-columns-is-layout-flex\">\n<div class=\"wp-block-column is-layout-flow wp-block-column-is-layout-flow\" style=\"flex-basis:40%\">\n<div style=\"height:22px\" aria-hidden=\"true\" class=\"wp-block-spacer\"><\/div>\n\n\n\n<ul class=\"wp-block-list\">\n<li><em>&nbsp;In Thimphu, besuchte ich Kunstschulen, in denen junge Menschen <strong>Thangkas malen, Masken schnitzen und traditionelle Stiefel n\u00e4hen<\/strong> \u2013 ganz wie vor Jahrhunderten.<\/em><br><\/li>\n\n\n\n<li><em>Eine Frau sagte zu mir: &#8220;<strong>Gl\u00fcck ist, wenn wir zusammen essen und Geschichten erz\u00e4hlen.<\/strong>&#8221; Erz\u00e4hltraditionen vermitteln Werte und st\u00e4rken Familienbande \u00fcber Generationen hinweg.<\/em><\/li>\n<\/ul>\n<\/div>\n\n\n\n<div class=\"wp-block-column is-layout-flow wp-block-column-is-layout-flow\" style=\"flex-basis:60%\">\n<figure class=\"wp-block-image size-large is-resized\"><img loading=\"lazy\" decoding=\"async\" width=\"1024\" height=\"771\" src=\"https:\/\/www.culture-relations.net\/wp-content\/uploads\/2018\/12\/02-Four-Pillars-Preservation-of-culture-1024x771.jpg\" alt=\"\" class=\"wp-image-5697\" style=\"width:379px;height:auto\" srcset=\"https:\/\/www.culture-relations.net\/wp-content\/uploads\/2018\/12\/02-Four-Pillars-Preservation-of-culture-1024x771.jpg 1024w, https:\/\/www.culture-relations.net\/wp-content\/uploads\/2018\/12\/02-Four-Pillars-Preservation-of-culture-400x300.jpg 400w, https:\/\/www.culture-relations.net\/wp-content\/uploads\/2018\/12\/02-Four-Pillars-Preservation-of-culture-768x578.jpg 768w, https:\/\/www.culture-relations.net\/wp-content\/uploads\/2018\/12\/02-Four-Pillars-Preservation-of-culture.jpg 1500w\" sizes=\"auto, (max-width: 1024px) 100vw, 1024px\" \/><\/figure>\n<\/div>\n<\/div>\n\n\n\n<hr class=\"wp-block-separator has-css-opacity\"\/>\n\n\n\n<h2 class=\"wp-block-heading\">3. Umweltschutz<\/h2>\n\n\n\n<p>Im Bhutan ist die Natur nicht nur eine Kulisse \u2013 sie ist heilig.<br><br>Bhutan ist kohlenstoffnegativ, verbietet das Besteigen aller als heilig geltender Gipfel und strebt eine 100 % biologische Landwirtschaft an.<br>Mehr als 70 % des Gebiets sind bewaldet und durch die Verfassung gesch\u00fctzt.<\/p>\n\n\n\n<div class=\"wp-block-columns is-layout-flex wp-container-core-columns-is-layout-28f84493 wp-block-columns-is-layout-flex\">\n<div class=\"wp-block-column is-layout-flow wp-block-column-is-layout-flow\" style=\"flex-basis:40%\">\n<figure class=\"wp-block-image alignright size-full is-resized\"><img loading=\"lazy\" decoding=\"async\" width=\"600\" height=\"800\" src=\"https:\/\/www.culture-relations.net\/wp-content\/uploads\/2018\/12\/02-Four-Pillars-Nature.jpg\" alt=\"\" class=\"wp-image-2851\" style=\"width:296px;height:auto\" srcset=\"https:\/\/www.culture-relations.net\/wp-content\/uploads\/2018\/12\/02-Four-Pillars-Nature.jpg 600w, https:\/\/www.culture-relations.net\/wp-content\/uploads\/2018\/12\/02-Four-Pillars-Nature-225x300.jpg 225w\" sizes=\"auto, (max-width: 600px) 100vw, 600px\" \/><\/figure>\n<\/div>\n\n\n\n<div class=\"wp-block-column is-layout-flow wp-block-column-is-layout-flow\" style=\"flex-basis:60%\">\n<div style=\"height:0px\" aria-hidden=\"true\" class=\"wp-block-spacer\"><\/div>\n\n\n\n<ul class=\"wp-block-list\">\n<li><em>Beim Anflug auf Bhutan war ich sprachlos: <strong>weite W\u00e4lder, unber\u00fchrte Gipfel, tiefe Schluchten<\/strong>.<\/em><br><\/li>\n\n\n\n<li><em>Als ich einem Bhutanesen sagte, dass ihre W\u00e4lder gr\u00fcner erschienen als die in der Schweiz, antwortete er einfach: <strong>&#8220;Wir beten jeden Tag f\u00fcr unsere Berge, unsere W\u00e4lder und unsere Fl\u00fcsse.\u201c<\/strong><\/em><\/li>\n<\/ul>\n\n\n\n<blockquote class=\"wp-block-quote has-blue-color has-text-color has-link-color wp-elements-45701a87c0a07de2dddeb0b12b7fee01 is-layout-flow wp-block-quote-is-layout-flow\">\n<p>&#8220;Der Baum ist im Buddhismus der Hervorbringer und N\u00e4hrer aller Lebensformen. Er symbolisiert ein langes Leben, Gesundheit, Sch\u00f6nheit und sogar Mitgef\u00fchl.\u201c<\/p>\n<\/blockquote>\n<\/div>\n<\/div>\n\n\n\n<hr class=\"wp-block-separator has-css-opacity\"\/>\n\n\n\n<h2 class=\"wp-block-heading\">4. Gute Regierungsf\u00fchrung<\/h2>\n\n\n\n<div class=\"wp-block-columns is-layout-flex wp-container-core-columns-is-layout-28f84493 wp-block-columns-is-layout-flex\">\n<div class=\"wp-block-column is-layout-flow wp-block-column-is-layout-flow\">\n<p><br>F\u00fchrung heisst <strong>Verantwortung \u2013 nicht Macht<\/strong>.<br><br>Obwohl die Bev\u00f6lkerung ihrem vierten K\u00f6nig vertraute, \u00fcbergab er freiwillig die Macht an das Volk und begr\u00fcndete parlamentarische Monarchie. <br><br>Heute wird <strong>jede politische Entscheidung durch die GNH-Prinzipien gepr\u00fcft<\/strong> \u2013 mit dem Ziel: langfristiges Gl\u00fcck.<\/p>\n<\/div>\n\n\n\n<div class=\"wp-block-column is-layout-flow wp-block-column-is-layout-flow\">\n<figure class=\"wp-block-image alignleft size-large is-resized\"><img loading=\"lazy\" decoding=\"async\" width=\"1024\" height=\"768\" src=\"https:\/\/www.culture-relations.net\/wp-content\/uploads\/2018\/12\/Tigers-Nest-3-1024x768.jpg\" alt=\"\" class=\"wp-image-3070\" style=\"width:398px;height:auto\" srcset=\"https:\/\/www.culture-relations.net\/wp-content\/uploads\/2018\/12\/Tigers-Nest-3-1024x768.jpg 1024w, https:\/\/www.culture-relations.net\/wp-content\/uploads\/2018\/12\/Tigers-Nest-3-400x300.jpg 400w, https:\/\/www.culture-relations.net\/wp-content\/uploads\/2018\/12\/Tigers-Nest-3-768x576.jpg 768w, https:\/\/www.culture-relations.net\/wp-content\/uploads\/2018\/12\/Tigers-Nest-3.jpg 1500w\" sizes=\"auto, (max-width: 1024px) 100vw, 1024px\" \/><\/figure>\n<\/div>\n<\/div>\n\n\n\n<div style=\"height:0px\" aria-hidden=\"true\" class=\"wp-block-spacer\"><\/div>\n\n\n\n<div style=\"height:0px\" aria-hidden=\"true\" class=\"wp-block-spacer\"><\/div>\n\n\n\n<hr class=\"wp-block-separator has-css-opacity\"\/>\n\n\n\n<div style=\"height:100px\" aria-hidden=\"true\" class=\"wp-block-spacer\"><\/div>\n\n\n\n<h3 class=\"wp-block-heading has-blue-color has-text-color has-link-color wp-elements-56d8e13f3c407a13784a5c3ba828644b\"><strong><strong><strong>BNG jagt dem Gl\u00fcck nicht hinterher \u2013 es schafft Raum, in dem es wachsen kann.<\/strong><\/strong><\/strong><\/h3>\n\n\n\n<div style=\"height:100px\" aria-hidden=\"true\" class=\"wp-block-spacer\"><\/div>\n\n\n\n<hr class=\"wp-block-separator has-alpha-channel-opacity\"\/>\n\n\n\n<div class=\"wp-block-columns is-layout-flex wp-container-core-columns-is-layout-28f84493 wp-block-columns-is-layout-flex\">\n<div class=\"wp-block-column is-layout-flow wp-block-column-is-layout-flow\" style=\"flex-basis:66.66%\">\n<p><strong>Welche dieser vier S\u00e4ulen erscheint Ihnen heute am verletzlichsten \u2013 in Ihrem Leben, Ihrem Umfeld oder Ihrer Organisation?<br><br><\/strong><br><em>Und was k\u00f6nnte sich ver\u00e4ndern, wenn Sie ihr mehr Raum geben w\u00fcrden?<\/em><\/p>\n<\/div>\n\n\n\n<div class=\"wp-block-column is-layout-flow wp-block-column-is-layout-flow\" style=\"flex-basis:33.33%\">\n<figure class=\"wp-block-image alignleft size-large is-resized\"><img loading=\"lazy\" decoding=\"async\" width=\"733\" height=\"1024\" src=\"https:\/\/www.culture-relations.net\/wp-content\/uploads\/2025\/05\/Q2-733x1024.png\" alt=\"\" class=\"wp-image-8286\" style=\"width:150px\" srcset=\"https:\/\/www.culture-relations.net\/wp-content\/uploads\/2025\/05\/Q2-733x1024.png 733w, https:\/\/www.culture-relations.net\/wp-content\/uploads\/2025\/05\/Q2-251x350.png 251w, https:\/\/www.culture-relations.net\/wp-content\/uploads\/2025\/05\/Q2-768x1072.png 768w, https:\/\/www.culture-relations.net\/wp-content\/uploads\/2025\/05\/Q2.png 969w\" sizes=\"auto, (max-width: 733px) 100vw, 733px\" \/><\/figure>\n<\/div>\n<\/div>\n<\/div>\n","protected":false},"excerpt":{"rendered":"<p>Gl\u00fcck ist kein Luxus \u2013 es ist ein Fundament Das Bruttonationalgl\u00fcck (BNG) stellt die Idee infrage, dass wirtschaftliches Wachstum automatisch zu mehr Lebensqualit\u00e4t f\u00fchrt. Stattdessen st\u00fctzt sich Bhutan auf vier eng verbundene S\u00e4ulen, die materielle Sicherheit mit emotionaler, kultureller und spiritueller Gesundheit in Einklang bringen. 1. Nachhaltige und gerechte sozio\u00f6konomische Entwicklung Fortschritt ist nur dann [&hellip;]<\/p>\n","protected":false},"author":1,"featured_media":0,"parent":1018,"menu_order":0,"comment_status":"closed","ping_status":"closed","template":"content-pages-GNH.php","meta":{"_genesis_hide_title":false,"_genesis_hide_breadcrumbs":false,"_genesis_hide_singular_image":false,"_genesis_hide_footer_widgets":false,"_genesis_custom_body_class":"","_genesis_custom_post_class":"","_genesis_layout":"","footnotes":""},"class_list":{"0":"post-2076","1":"page","2":"type-page","3":"status-publish","5":"entry"},"_links":{"self":[{"href":"https:\/\/www.culture-relations.net\/de\/wp-json\/wp\/v2\/pages\/2076","targetHints":{"allow":["GET"]}}],"collection":[{"href":"https:\/\/www.culture-relations.net\/de\/wp-json\/wp\/v2\/pages"}],"about":[{"href":"https:\/\/www.culture-relations.net\/de\/wp-json\/wp\/v2\/types\/page"}],"author":[{"embeddable":true,"href":"https:\/\/www.culture-relations.net\/de\/wp-json\/wp\/v2\/users\/1"}],"replies":[{"embeddable":true,"href":"https:\/\/www.culture-relations.net\/de\/wp-json\/wp\/v2\/comments?post=2076"}],"version-history":[{"count":7,"href":"https:\/\/www.culture-relations.net\/de\/wp-json\/wp\/v2\/pages\/2076\/revisions"}],"predecessor-version":[{"id":8302,"href":"https:\/\/www.culture-relations.net\/de\/wp-json\/wp\/v2\/pages\/2076\/revisions\/8302"}],"up":[{"embeddable":true,"href":"https:\/\/www.culture-relations.net\/de\/wp-json\/wp\/v2\/pages\/1018"}],"wp:attachment":[{"href":"https:\/\/www.culture-relations.net\/de\/wp-json\/wp\/v2\/media?parent=2076"}],"curies":[{"name":"wp","href":"https:\/\/api.w.org\/{rel}","templated":true}]}}