{"id":2083,"date":"2018-05-17T10:00:31","date_gmt":"2018-05-17T08:00:31","guid":{"rendered":"http:\/\/www.culture-relations.ch\/ctrl\/bng-ansatz\/personal-development-tool\/"},"modified":"2025-05-25T17:44:32","modified_gmt":"2025-05-25T15:44:32","slug":"bng-zur-persoenlichen-entwicklung","status":"publish","type":"page","link":"https:\/\/www.culture-relations.net\/de\/bng-ansatz\/bng-zur-persoenlichen-entwicklung\/","title":{"rendered":"BNG als Kompass f\u00fcr pers\u00f6nliche Entwicklungals"},"content":{"rendered":"\n<div class=\"wp-block-group has-global-padding is-layout-constrained wp-block-group-is-layout-constrained\">\n<p>Fragen Sie die Bhutaner nicht, was GNH bedeutet \u2013 <strong>beobachten Sie, wie sie es leben<\/strong>.<br><br>Das Bruttonationalgl\u00fcck ist in Bhutan kein theoretisches Konzept. Es ist ein <strong>gelebter Alltag <\/strong>\u2013 gepr\u00e4gt von <strong>buddhistischen Werten<\/strong>, <strong>Ritualen <\/strong>und einer tiefen <strong>Verbundenheit <\/strong>mit <strong>Mensch <\/strong>und <strong>Natur<\/strong>.<\/p>\n\n\n\n<p>Doch wenn man nach den vier <strong>Tiersymbolen <\/strong>fragt, \u00f6ffnet sich eine tiefere T\u00fcr. Der <strong>Tiger<\/strong>, der <strong>Schneel\u00f6we<\/strong>, der <strong>Garuda <\/strong>und der <strong>Drache <\/strong>\u2013 drei mythische Wesen, eines real \u2013 stehen f\u00fcr innere Qualit\u00e4ten, die unsere pers\u00f6nliche Entwicklung leiten. <br><br>Sie spiegeln die vier BNG-S\u00e4ulen, und zeigen zugleich einen <strong>Weg, sich mit sich selbst, anderen und der Welt neu zu verbinden.<\/strong><\/p>\n\n\n\n<h2 class=\"wp-block-heading\">1. Sich mit sich selbst verbinden \u2014 <em>Der achtsame TIGER<\/em><\/h2>\n\n\n\n<p><strong>Der TIGER bewegt sich wachsam, kraftvoll, zentriert.<br><br><\/strong>In Bhutan habe ich gelernt, dass Achtsamkeit kein Luxus ist \u2013 sondern lebenswichtig.<br>In stillen D\u00f6rfern wird jede Geste zur Einladung, gegenw\u00e4rtig zu sein.<\/p>\n\n\n\n<blockquote class=\"wp-block-quote has-blue-color has-text-color has-link-color wp-elements-86ed33897a35b79c167c3411f8af53cc is-layout-flow wp-block-quote-is-layout-flow\">\n<p>\u201c Die beste Art, den Moment zu erfassen, ist, ihm Aufmerksamkeit zu schenken.\u201d<\/p>\n<cite>\u2013 Jon Kabat-Zinn     <\/cite><\/blockquote>\n\n\n\n<div class=\"wp-block-columns is-layout-flex wp-container-core-columns-is-layout-28f84493 wp-block-columns-is-layout-flex\">\n<div class=\"wp-block-column is-layout-flow wp-block-column-is-layout-flow\" style=\"flex-basis:40%\">\n<p><strong>Diese Phase ermutigt uns zu:<\/strong><\/p>\n\n\n\n<ul class=\"wp-block-list\">\n<li>Den Automatikmodus verlassen, um <strong>bewusst zu handeln<\/strong><br><\/li>\n\n\n\n<li><strong>Antworten <\/strong>statt reagieren<br><\/li>\n\n\n\n<li>Die innere <strong>Unruhe <\/strong>beruhigen<br><\/li>\n\n\n\n<li>Die <strong>Aufmerksamkeit <\/strong>im Jetzt verankern<\/li>\n<\/ul>\n<\/div>\n\n\n\n<div class=\"wp-block-column is-layout-flow wp-block-column-is-layout-flow\" style=\"flex-basis:60%\">\n<figure class=\"wp-block-image alignleft size-large is-resized\"><img loading=\"lazy\" decoding=\"async\" width=\"1024\" height=\"758\" src=\"https:\/\/www.culture-relations.net\/wp-content\/uploads\/2018\/12\/03-Personal-Dvlp-01-Tiger-1024x758.jpg\" alt=\"\" class=\"wp-image-5705\" style=\"width:330px\" srcset=\"https:\/\/www.culture-relations.net\/wp-content\/uploads\/2018\/12\/03-Personal-Dvlp-01-Tiger-1024x758.jpg 1024w, https:\/\/www.culture-relations.net\/wp-content\/uploads\/2018\/12\/03-Personal-Dvlp-01-Tiger-400x296.jpg 400w, https:\/\/www.culture-relations.net\/wp-content\/uploads\/2018\/12\/03-Personal-Dvlp-01-Tiger-768x568.jpg 768w, https:\/\/www.culture-relations.net\/wp-content\/uploads\/2018\/12\/03-Personal-Dvlp-01-Tiger.jpg 1500w\" sizes=\"auto, (max-width: 1024px) 100vw, 1024px\" \/><\/figure>\n<\/div>\n<\/div>\n\n\n\n<hr class=\"wp-block-separator has-alpha-channel-opacity\"\/>\n\n\n\n<h2 class=\"wp-block-heading\">2. Sich mit anderen und der Umwelt verbinden \u2014 <em>Der neugierige SCHNEEL\u00d6WE<\/em><\/h2>\n\n\n\n<p><strong>Der SCHNEEL\u00d6WE springt \u00fcber Gipfel \u2013 verspielt, offen, erkundend.<\/strong><br><br>Im Bhutanischen Alltag ist Neugier gleichbedeutend mit Respekt. <br>Ich lernte, tiefer zuzuh\u00f6ren, feiner wahrzunehmen.<\/p>\n\n\n\n<blockquote class=\"wp-block-quote has-blue-color has-text-color has-link-color wp-elements-0ef0920785a3272bbc261f7f9eae4f80 is-layout-flow wp-block-quote-is-layout-flow\">\n<p>\u201c Die wahre Entdeckungsreise\u2026 ist mit neuen Augen zu schauen.\u201d<\/p>\n<cite>&#8211; Pico Iyer<br><\/cite><\/blockquote>\n\n\n\n<div class=\"wp-block-columns is-layout-flex wp-container-core-columns-is-layout-28f84493 wp-block-columns-is-layout-flex\">\n<div class=\"wp-block-column is-layout-flow wp-block-column-is-layout-flow\">\n<figure class=\"wp-block-image alignright size-large is-resized\"><img loading=\"lazy\" decoding=\"async\" width=\"1024\" height=\"768\" src=\"https:\/\/www.culture-relations.net\/wp-content\/uploads\/2018\/12\/03-Personal-Dvlp-02-Snow-Lion-1024x768.jpg\" alt=\"\" class=\"wp-image-5707\" style=\"width:330px\" srcset=\"https:\/\/www.culture-relations.net\/wp-content\/uploads\/2018\/12\/03-Personal-Dvlp-02-Snow-Lion-1024x768.jpg 1024w, https:\/\/www.culture-relations.net\/wp-content\/uploads\/2018\/12\/03-Personal-Dvlp-02-Snow-Lion-400x300.jpg 400w, https:\/\/www.culture-relations.net\/wp-content\/uploads\/2018\/12\/03-Personal-Dvlp-02-Snow-Lion-768x576.jpg 768w, https:\/\/www.culture-relations.net\/wp-content\/uploads\/2018\/12\/03-Personal-Dvlp-02-Snow-Lion.jpg 1500w\" sizes=\"auto, (max-width: 1024px) 100vw, 1024px\" \/><\/figure>\n<\/div>\n\n\n\n<div class=\"wp-block-column is-layout-flow wp-block-column-is-layout-flow\">\n<p><strong>Diese Phase l\u00e4dt ein, zu:<\/strong><\/p>\n\n\n\n<ul class=\"wp-block-list\">\n<li>Von Absicht zu <strong>Entdeckungsfreude <\/strong>zu wechseln<br><\/li>\n\n\n\n<li>Alle <strong>Sinne <\/strong>f\u00fcr die Welt zu \u00f6ffnen<br><\/li>\n\n\n\n<li><strong>Beziehungen <\/strong>bewusst zu gestalten<br><\/li>\n\n\n\n<li><strong>Offen <\/strong>zu bleiben f\u00fcr Neues<\/li>\n<\/ul>\n<\/div>\n<\/div>\n\n\n\n<hr class=\"wp-block-separator has-alpha-channel-opacity\"\/>\n\n\n\n<h2 class=\"wp-block-heading\">3. Sich mit Empathie und Kreativit\u00e4t verbinden\u2014 <em>Der weitsichtige GARUDA<\/em><\/h2>\n\n\n\n<p><strong>Der Garuda fliegt hoch, mit \u00dcberblick und Mut.<\/strong><br><br>Ob in Kunsthandwerk oder Politik \u2013 im Bhutan entsteht Kreativit\u00e4t aus Tiefe. Ich erlebte das im Ausdruck, in der Stille, im Blick.<\/p>\n\n\n\n<blockquote class=\"wp-block-quote has-blue-color has-text-color has-link-color wp-elements-323c22bc9039da6ffc1e8294f5a016c2 is-layout-flow wp-block-quote-is-layout-flow\">\n<p>&#8221; In jeder Kunstform suchen wir das Erlebnis, \u00fcber das Bekannte hinauszugehen.&#8221;<\/p>\n<cite>&#8211; Viola Spolin<br><\/cite><\/blockquote>\n\n\n\n<div class=\"wp-block-columns is-layout-flex wp-container-core-columns-is-layout-28f84493 wp-block-columns-is-layout-flex\">\n<div class=\"wp-block-column is-layout-flow wp-block-column-is-layout-flow\" style=\"flex-basis:40%\">\n<p><strong>Diese Phase bedeutet:<\/strong><\/p>\n\n\n\n<ul class=\"wp-block-list\">\n<li>Das <strong>Ganze <\/strong>erfassen, bevor man handelt<br><\/li>\n\n\n\n<li><strong>Fehler <\/strong>als Lernweg willkommen heissen<br><\/li>\n\n\n\n<li><strong>Flexibel <\/strong>reagieren, wenn\u2019s anders kommt<br><\/li>\n\n\n\n<li><strong>Neues <\/strong>aus echtem Verstehen sch\u00f6pfen<\/li>\n<\/ul>\n<\/div>\n\n\n\n<div class=\"wp-block-column is-layout-flow wp-block-column-is-layout-flow\" style=\"flex-basis:60%\">\n<figure class=\"wp-block-image alignleft size-large is-resized\"><img loading=\"lazy\" decoding=\"async\" width=\"1024\" height=\"762\" src=\"https:\/\/www.culture-relations.net\/wp-content\/uploads\/2018\/12\/03-Personal-Dvlp-03-Garuda-1024x762.jpg\" alt=\"\" class=\"wp-image-2886\" style=\"width:330px\" srcset=\"https:\/\/www.culture-relations.net\/wp-content\/uploads\/2018\/12\/03-Personal-Dvlp-03-Garuda-1024x762.jpg 1024w, https:\/\/www.culture-relations.net\/wp-content\/uploads\/2018\/12\/03-Personal-Dvlp-03-Garuda-400x298.jpg 400w, https:\/\/www.culture-relations.net\/wp-content\/uploads\/2018\/12\/03-Personal-Dvlp-03-Garuda-768x571.jpg 768w, https:\/\/www.culture-relations.net\/wp-content\/uploads\/2018\/12\/03-Personal-Dvlp-03-Garuda.jpg 1500w\" sizes=\"auto, (max-width: 1024px) 100vw, 1024px\" \/><\/figure>\n<\/div>\n<\/div>\n\n\n\n<hr class=\"wp-block-separator has-alpha-channel-opacity\"\/>\n\n\n\n<h2 class=\"wp-block-heading\">4. Sich mit unserer inneren Weisheit verbinden&nbsp;\u2014 <em>Der authentische DRACHE<\/em><\/h2>\n\n\n\n<p><strong>Der Drache steht f\u00fcr Klarheit, Wahrhaftigkeit, F\u00fchrung.<\/strong><br><br>Im Bhutan bedeutet F\u00fchren: vorleben, Vertrauen schaffen, Wandel erm\u00f6glichen.<br>Der Drache ist allgegenw\u00e4rtig: auf der Flagge, im K\u00f6nigstitel (Druk Gyalpo), im Selbstverst\u00e4ndnis des Volkes (Drukpa).<\/p>\n\n\n\n<blockquote class=\"wp-block-quote has-blue-color has-text-color has-link-color wp-elements-383cacdbc6f8c926c886ccaeb743cc43 is-layout-flow wp-block-quote-is-layout-flow\">\n<p>\u201c Die Kunst der Kommunikation ist die Sprache der F\u00fchrung.&#8221;<\/p>\n<cite>&#8211; James Hunt<br><\/cite><\/blockquote>\n\n\n\n<div class=\"wp-block-columns is-layout-flex wp-container-core-columns-is-layout-28f84493 wp-block-columns-is-layout-flex\">\n<div class=\"wp-block-column is-layout-flow wp-block-column-is-layout-flow\">\n<div style=\"height:14px\" aria-hidden=\"true\" class=\"wp-block-spacer\"><\/div>\n\n\n\n<figure class=\"wp-block-image alignright size-full\"><img loading=\"lazy\" decoding=\"async\" width=\"1500\" height=\"488\" src=\"https:\/\/www.culture-relations.net\/wp-content\/uploads\/2018\/12\/03-Personal-Dvlp-04-Dragon.jpg\" alt=\"\" class=\"wp-image-5711\" srcset=\"https:\/\/www.culture-relations.net\/wp-content\/uploads\/2018\/12\/03-Personal-Dvlp-04-Dragon.jpg 1500w, https:\/\/www.culture-relations.net\/wp-content\/uploads\/2018\/12\/03-Personal-Dvlp-04-Dragon-400x130.jpg 400w, https:\/\/www.culture-relations.net\/wp-content\/uploads\/2018\/12\/03-Personal-Dvlp-04-Dragon-768x250.jpg 768w, https:\/\/www.culture-relations.net\/wp-content\/uploads\/2018\/12\/03-Personal-Dvlp-04-Dragon-1024x333.jpg 1024w\" sizes=\"auto, (max-width: 1500px) 100vw, 1500px\" \/><\/figure>\n<\/div>\n\n\n\n<div class=\"wp-block-column is-layout-flow wp-block-column-is-layout-flow\">\n<p><strong>Diese letzte Phase l\u00e4dt uns ein, zu:<\/strong><\/p>\n\n\n\n<ul class=\"wp-block-list\">\n<li>Mit <strong>Integrit\u00e4t <\/strong>voranzugehen<br><\/li>\n\n\n\n<li>Klar und inspirierend zu <strong>kommunizieren<\/strong><br><\/li>\n\n\n\n<li><strong>Wandel <\/strong>bewusst zu gestalten<br><\/li>\n\n\n\n<li>Andere durch <strong>Echtheit <\/strong>zu f\u00fchren<\/li>\n<\/ul>\n<\/div>\n<\/div>\n\n\n\n<hr class=\"wp-block-separator has-css-opacity\" style=\"margin-top:var(--wp--preset--spacing--30);margin-bottom:var(--wp--preset--spacing--30)\"\/>\n\n\n\n<h2 class=\"wp-block-heading\">Jedes Tier steht symbolisch f\u00fcr eine BNG-S\u00e4ule:<\/h2>\n\n\n\n<div class=\"wp-block-columns is-layout-flex wp-container-core-columns-is-layout-28f84493 wp-block-columns-is-layout-flex\">\n<div class=\"wp-block-column is-layout-flow wp-block-column-is-layout-flow\" style=\"flex-basis:40%\">\n<div style=\"height:30px\" aria-hidden=\"true\" class=\"wp-block-spacer\"><\/div>\n\n\n\n<ul class=\"wp-block-list\">\n<li><strong>Tiger <\/strong>\u2013 Umweltschutz<br><\/li>\n\n\n\n<li><strong>Schneel\u00f6we <\/strong>\u2013 Kulturerhalt<br><\/li>\n\n\n\n<li><strong>Garuda <\/strong>\u2013 Gerechte sozio\u00f6konomische Entwicklung<br><\/li>\n\n\n\n<li><strong>Drache <\/strong>\u2013 Gute Regierungsf\u00fchrung<\/li>\n<\/ul>\n<\/div>\n\n\n\n<div class=\"wp-block-column is-layout-flow wp-block-column-is-layout-flow\" style=\"flex-basis:60%\">\n<figure class=\"wp-block-image size-full is-resized\"><img loading=\"lazy\" decoding=\"async\" width=\"1565\" height=\"1719\" src=\"https:\/\/www.culture-relations.net\/wp-content\/uploads\/2025\/05\/BNG-4-s.png\" alt=\"\" class=\"wp-image-8212\" style=\"width:222px;height:auto\" srcset=\"https:\/\/www.culture-relations.net\/wp-content\/uploads\/2025\/05\/BNG-4-s.png 1565w, https:\/\/www.culture-relations.net\/wp-content\/uploads\/2025\/05\/BNG-4-s-319x350.png 319w, https:\/\/www.culture-relations.net\/wp-content\/uploads\/2025\/05\/BNG-4-s-932x1024.png 932w, https:\/\/www.culture-relations.net\/wp-content\/uploads\/2025\/05\/BNG-4-s-768x844.png 768w\" sizes=\"auto, (max-width: 1565px) 100vw, 1565px\" \/><\/figure>\n<\/div>\n<\/div>\n\n\n\n<p>In einer Welt voller Ablenkung bringt uns dieses Modell zur\u00fcck zum Wesentlichen: <strong>Pr\u00e4senz<\/strong>, <strong>Verbindung<\/strong>, <strong>Mut <\/strong>und <strong>Klarheit<\/strong>.<\/p>\n\n\n\n<hr class=\"wp-block-separator has-css-opacity\"\/>\n\n\n\n<div style=\"height:54px\" aria-hidden=\"true\" class=\"wp-block-spacer\"><\/div>\n\n\n\n<p class=\"has-small-font-size\">* Jon Kabat-Zinn, Gr\u00fcnder des MBSR Programms (MBSR mindfulness-based stress reduction)<br>* Pico Iyer, <em>\u201eDieKunst des Innehaltens: Ein Pl\u00e4doyer f\u00fcr Entschleunigung\u201c<br>* <\/em>Viola Spolin (1906 &#8211; 1994), amerikanische Theaterwissenschaftlerin, P\u00e4dagogin und Schauspieltrainerin<br>* James (Jerry) G. Hunt (1932 &#8211; 2008), amerikanischer Managementprofessor<br><\/p>\n\n\n\n<div style=\"height:100px\" aria-hidden=\"true\" class=\"wp-block-spacer\"><\/div>\n\n\n\n<hr class=\"wp-block-separator has-alpha-channel-opacity\"\/>\n\n\n\n<div class=\"wp-block-columns is-layout-flex wp-container-core-columns-is-layout-28f84493 wp-block-columns-is-layout-flex\">\n<div class=\"wp-block-column is-layout-flow wp-block-column-is-layout-flow\" style=\"flex-basis:33.33%\">\n<figure class=\"wp-block-image alignright size-large is-resized\"><img loading=\"lazy\" decoding=\"async\" width=\"1024\" height=\"995\" src=\"https:\/\/www.culture-relations.net\/wp-content\/uploads\/2025\/05\/Q3-1024x995.png\" alt=\"\" class=\"wp-image-8294\" style=\"width:150px;height:auto\" srcset=\"https:\/\/www.culture-relations.net\/wp-content\/uploads\/2025\/05\/Q3-1024x995.png 1024w, https:\/\/www.culture-relations.net\/wp-content\/uploads\/2025\/05\/Q3-350x340.png 350w, https:\/\/www.culture-relations.net\/wp-content\/uploads\/2025\/05\/Q3-768x746.png 768w, https:\/\/www.culture-relations.net\/wp-content\/uploads\/2025\/05\/Q3.png 1250w\" sizes=\"auto, (max-width: 1024px) 100vw, 1024px\" \/><\/figure>\n<\/div>\n\n\n\n<div class=\"wp-block-column is-layout-flow wp-block-column-is-layout-flow\" style=\"flex-basis:66.66%\">\n<p><strong><strong><strong><strong>Wo stehen Sie auf diesem vierstufigen Weg gerade?<br><\/strong><\/strong><\/strong><\/strong><br><br><em><em><em><em>Welche Qualit\u00e4t \u2013 Achtsamkeit, Verbindung, Mut oder Weisheit \u2013 ruft Sie heute besonders?<\/em><\/em><\/em><\/em><\/p>\n<\/div>\n<\/div>\n<\/div>\n","protected":false},"excerpt":{"rendered":"<p>Fragen Sie die Bhutaner nicht, was GNH bedeutet \u2013 beobachten Sie, wie sie es leben. Das Bruttonationalgl\u00fcck ist in Bhutan kein theoretisches Konzept. Es ist ein gelebter Alltag \u2013 gepr\u00e4gt von buddhistischen Werten, Ritualen und einer tiefen Verbundenheit mit Mensch und Natur. Doch wenn man nach den vier Tiersymbolen fragt, \u00f6ffnet sich eine tiefere T\u00fcr. [&hellip;]<\/p>\n","protected":false},"author":1,"featured_media":0,"parent":1018,"menu_order":0,"comment_status":"closed","ping_status":"closed","template":"content-pages-GNH.php","meta":{"_genesis_hide_title":false,"_genesis_hide_breadcrumbs":false,"_genesis_hide_singular_image":false,"_genesis_hide_footer_widgets":false,"_genesis_custom_body_class":"","_genesis_custom_post_class":"","_genesis_layout":"","footnotes":""},"class_list":{"0":"post-2083","1":"page","2":"type-page","3":"status-publish","5":"entry"},"_links":{"self":[{"href":"https:\/\/www.culture-relations.net\/de\/wp-json\/wp\/v2\/pages\/2083","targetHints":{"allow":["GET"]}}],"collection":[{"href":"https:\/\/www.culture-relations.net\/de\/wp-json\/wp\/v2\/pages"}],"about":[{"href":"https:\/\/www.culture-relations.net\/de\/wp-json\/wp\/v2\/types\/page"}],"author":[{"embeddable":true,"href":"https:\/\/www.culture-relations.net\/de\/wp-json\/wp\/v2\/users\/1"}],"replies":[{"embeddable":true,"href":"https:\/\/www.culture-relations.net\/de\/wp-json\/wp\/v2\/comments?post=2083"}],"version-history":[{"count":9,"href":"https:\/\/www.culture-relations.net\/de\/wp-json\/wp\/v2\/pages\/2083\/revisions"}],"predecessor-version":[{"id":8301,"href":"https:\/\/www.culture-relations.net\/de\/wp-json\/wp\/v2\/pages\/2083\/revisions\/8301"}],"up":[{"embeddable":true,"href":"https:\/\/www.culture-relations.net\/de\/wp-json\/wp\/v2\/pages\/1018"}],"wp:attachment":[{"href":"https:\/\/www.culture-relations.net\/de\/wp-json\/wp\/v2\/media?parent=2083"}],"curies":[{"name":"wp","href":"https:\/\/api.w.org\/{rel}","templated":true}]}}