{"id":2122,"date":"2018-03-05T17:59:43","date_gmt":"2018-03-05T16:59:43","guid":{"rendered":"http:\/\/www.culture-relations.ch\/ctrl\/credits\/"},"modified":"2025-05-08T10:21:26","modified_gmt":"2025-05-08T08:21:26","slug":"credits","status":"publish","type":"page","link":"https:\/\/www.culture-relations.net\/de\/credits\/","title":{"rendered":"Impressum"},"content":{"rendered":"\n<div class=\"wp-block-columns has-2-columns is-layout-flex wp-container-core-columns-is-layout-c5711a3b wp-block-columns-is-layout-flex\">\n<div class=\"wp-block-column is-layout-flow wp-block-column-is-layout-flow\">\n<h3 class=\"wp-block-heading\">Inhaber<\/h3>\n\n\n\n<p><strong>Ctrl Culture Relations \u2013 Ariane Curdy&nbsp;<\/strong><br>Avenue Sainte-Luce 4Bis <br>1003 Lausanne<br>Schweiz<br>Tel: +41-76-572 04 79<br>Email: <a href=\"mailto:ctrl@culture-relations.ch\">ctrl@culture-relations.ch<\/a><\/p>\n\n\n\n<h3 class=\"wp-block-heading\">Copyright<\/h3>\n\n\n\n<p>Alle Rechte vorbehalten. Layout, Texte, Bilder, Illustrationen, Grafiken sowie downloadbare Dokumente unterliegen dem Schutz des Urheberrechts.<\/p>\n\n\n\n<h3 class=\"wp-block-heading\" id=\"mce_13\">Illustrationen<\/h3>\n\n\n\n<p>Alle Illustrationen by Ariane Curdy<\/p>\n\n\n\n<h3 class=\"wp-block-heading\">Website<\/h3>\n\n\n\n<p><a rel=\"noreferrer noopener\" href=\"https:\/\/www.kirschner-webdesign.com\" target=\"_blank\">kirschner webdesign \ufeff<\/a><\/p>\n<\/div>\n\n\n\n<div class=\"wp-block-column is-layout-flow wp-block-column-is-layout-flow\">\n<figure class=\"wp-block-image aligncenter size-large is-resized\"><img loading=\"lazy\" decoding=\"async\" width=\"1024\" height=\"897\" src=\"https:\/\/www.culture-relations.net\/wp-content\/uploads\/2024\/04\/Illustration_sans_titre-6-1024x897.jpg\" alt=\"\" class=\"wp-image-6654\" style=\"aspect-ratio:1;object-fit:cover;width:215px;height:auto\" srcset=\"https:\/\/www.culture-relations.net\/wp-content\/uploads\/2024\/04\/Illustration_sans_titre-6-1024x897.jpg 1024w, https:\/\/www.culture-relations.net\/wp-content\/uploads\/2024\/04\/Illustration_sans_titre-6-350x307.jpg 350w, https:\/\/www.culture-relations.net\/wp-content\/uploads\/2024\/04\/Illustration_sans_titre-6-768x673.jpg 768w, https:\/\/www.culture-relations.net\/wp-content\/uploads\/2024\/04\/Illustration_sans_titre-6.jpg 1079w\" sizes=\"auto, (max-width: 1024px) 100vw, 1024px\" \/><\/figure>\n\n\n\n<h3 class=\"wp-block-heading\" id=\"mce_19\">Haftungshinweis<\/h3>\n\n\n\n<p>Alle Texte und Links wurden sorgf\u00e4ltig gepr\u00fcft und werden laufend aktualisiert. Wir \u00fcbernehmen aber keinerlei Verantwortung, Garantien oder Haftung daf\u00fcr, dass die durch diese Website bereitgestellten Informationen, richtig, vollst\u00e4ndig oder aktuell sind. Links zu externen Anbietern wurden zum Zeitpunkt ihrer Aufnahme \u00fcberpr\u00fcft, Ctrl Culture Relations&nbsp; haftet aber nicht f\u00fcr deren Inhalte und Verf\u00fcgbarkeit. F\u00fcr illegale oder fehlerhafte Inhalte und insbesondere f\u00fcr Sch\u00e4den, die durch Inhalte verkn\u00fcpfter Seiten entstehen, haftet allein der Anbieter der Seite, auf welche verwiesen wurde. <\/p>\n<\/div>\n<\/div>\n\n\n\n<div class=\"wp-block-columns has-2-columns is-layout-flex wp-container-core-columns-is-layout-28f84493 wp-block-columns-is-layout-flex\">\n<div class=\"wp-block-column is-layout-flow wp-block-column-is-layout-flow\"><\/div>\n\n\n\n<div class=\"wp-block-column is-layout-flow wp-block-column-is-layout-flow\"><\/div>\n<\/div>\n","protected":false},"excerpt":{"rendered":"<p>Inhaber Ctrl Culture Relations \u2013 Ariane Curdy&nbsp;Avenue Sainte-Luce 4Bis 1003 LausanneSchweizTel: +41-76-572 04 79Email: ctrl@culture-relations.ch Copyright Alle Rechte vorbehalten. Layout, Texte, Bilder, Illustrationen, Grafiken sowie downloadbare Dokumente unterliegen dem Schutz des Urheberrechts. Illustrationen Alle Illustrationen by Ariane Curdy Website kirschner webdesign \ufeff Haftungshinweis Alle Texte und Links wurden sorgf\u00e4ltig gepr\u00fcft und werden laufend aktualisiert. Wir [&hellip;]<\/p>\n","protected":false},"author":1,"featured_media":0,"parent":0,"menu_order":0,"comment_status":"closed","ping_status":"closed","template":"content-pages.php","meta":{"_genesis_hide_title":false,"_genesis_hide_breadcrumbs":false,"_genesis_hide_singular_image":false,"_genesis_hide_footer_widgets":false,"_genesis_custom_body_class":"","_genesis_custom_post_class":"","_genesis_layout":"","footnotes":""},"class_list":{"0":"post-2122","1":"page","2":"type-page","3":"status-publish","5":"entry"},"_links":{"self":[{"href":"https:\/\/www.culture-relations.net\/de\/wp-json\/wp\/v2\/pages\/2122","targetHints":{"allow":["GET"]}}],"collection":[{"href":"https:\/\/www.culture-relations.net\/de\/wp-json\/wp\/v2\/pages"}],"about":[{"href":"https:\/\/www.culture-relations.net\/de\/wp-json\/wp\/v2\/types\/page"}],"author":[{"embeddable":true,"href":"https:\/\/www.culture-relations.net\/de\/wp-json\/wp\/v2\/users\/1"}],"replies":[{"embeddable":true,"href":"https:\/\/www.culture-relations.net\/de\/wp-json\/wp\/v2\/comments?post=2122"}],"version-history":[{"count":2,"href":"https:\/\/www.culture-relations.net\/de\/wp-json\/wp\/v2\/pages\/2122\/revisions"}],"predecessor-version":[{"id":7252,"href":"https:\/\/www.culture-relations.net\/de\/wp-json\/wp\/v2\/pages\/2122\/revisions\/7252"}],"wp:attachment":[{"href":"https:\/\/www.culture-relations.net\/de\/wp-json\/wp\/v2\/media?parent=2122"}],"curies":[{"name":"wp","href":"https:\/\/api.w.org\/{rel}","templated":true}]}}