{"id":2304,"date":"2018-07-09T09:33:10","date_gmt":"2018-07-09T07:33:10","guid":{"rendered":"https:\/\/www.culture-relations.net\/services\/trainings\/"},"modified":"2025-04-30T12:03:35","modified_gmt":"2025-04-30T10:03:35","slug":"schulungen","status":"publish","type":"page","link":"https:\/\/www.culture-relations.net\/de\/dienstleistungen\/schulungen\/","title":{"rendered":"Schulungen"},"content":{"rendered":"\n<p>Massgeschneiderte, hochgradig interaktive und lernerzentrierte Schulungs- und Entwicklungsprogramme, die Einzelpersonen, Teams und Unternehmen dabei helfen, sich in einem zunehmend vernetzten, multikulturellen, komplexen und wechselhaften Umfeld erfolgreich zu bewegen. <\/p>\n\n\n\n<h2 class=\"wp-block-heading\">Interkulturelle Kompetenz<\/h2>\n\n\n\n<p class=\"has-red-color has-text-color\"><strong><em>In einer von Unterschieden gepr\u00e4gten Welt arbeiten<\/em><\/strong><\/p>\n\n\n\n<ul class=\"wp-block-list\">\n<li>Allgemeines interkulturelles Bewusstsein<\/li>\n\n\n\n<li>Kulturspezifische Schulungen und Briefings (globale Erfahrung)<\/li>\n\n\n\n<li>Kulturvielfalt im Team (Multikulturelles Teambuilding)<\/li>\n\n\n\n<li>Interkulturelle Kommunikation<\/li>\n\n\n\n<li>Vorbereitungstrainings f\u00fcr Auslandsentsendung (Expatriation) <\/li>\n<\/ul>\n\n\n\n<h2 class=\"wp-block-heading\">Organisationsentwicklung <\/h2>\n\n\n\n<p class=\"has-yellow-color has-text-color\"><strong><em>Anpassung an ein sich st\u00e4ndig ver\u00e4nderndes Umfeld<\/em><\/strong><br><\/p>\n\n\n\n<ul class=\"wp-block-list\">\n<li>Mechanismen und Probleme bei Ver\u00e4nderungen verstehen <\/li>\n\n\n\n<li>Den Mehrwert des Ver\u00e4nderungsmanagements erkennen<\/li>\n\n\n\n<li>Ver\u00e4nderungsmanagement in einer VUCA-Welt<\/li>\n\n\n\n<li>Appreciative Inquiry f\u00fcr eine positive Ver\u00e4nderung <\/li>\n<\/ul>\n\n\n\n<h2 class=\"wp-block-heading\">F\u00fchrungspr\u00e4senz<\/h2>\n\n\n\n<p class=\"has-green-color has-text-color\"><em><strong>Die Kunst sich selbst, und andere zu f\u00fchren<\/strong><\/em><\/p>\n\n\n\n<ul class=\"wp-block-list\">\n<li>Sich selbst kennen und f\u00fchren<\/li>\n\n\n\n<li>Andere durch Pr\u00e4senz f\u00fchren<\/li>\n\n\n\n<li>Aufmerksamkeit steuern und \u00fcber der Linie bleiben <\/li>\n\n\n\n<li>Miksang \u2013 das richtige Auge \u00f6ffnen<\/li>\n<\/ul>\n\n\n\n<h2 class=\"wp-block-heading\">BNG-basierter Ansatz<\/h2>\n\n\n\n<p class=\"has-blue-color has-text-color\"><em><strong>Gleichgewicht zwischen materiellen und nicht materiellen Werten<\/strong><\/em><\/p>\n\n\n\n<ul class=\"wp-block-list\">\n<li>Einf\u00fchrung in den BNG-basierten Ansatz<\/li>\n\n\n\n<li>Vier-Stufen-Pers\u00f6nlichkeitsentwicklungsprogramme (vier Stufen)<\/li>\n\n\n\n<li>Vier S\u00e4ulen des BNG und ihre Umsetzung am Arbeitsplatz<\/li>\n<\/ul>\n\n\n\n<div style=\"height:30px\" aria-hidden=\"true\" class=\"wp-block-spacer\"><\/div>\n\n\n\n<figure class=\"wp-block-gallery has-nested-images columns-4 is-cropped wp-block-gallery-1 is-layout-flex wp-block-gallery-is-layout-flex\">\n<figure class=\"wp-block-image\"><a href=\"https:\/\/www.culture-relations.net\/wp-content\/uploads\/2018\/12\/Trainings-1.jpg\"><img loading=\"lazy\" decoding=\"async\" width=\"1024\" height=\"765\" data-id=\"3151\" src=\"https:\/\/www.culture-relations.net\/wp-content\/uploads\/2018\/12\/Trainings-1-1024x765.jpg\" alt=\"\" class=\"wp-image-3151\" srcset=\"https:\/\/www.culture-relations.net\/wp-content\/uploads\/2018\/12\/Trainings-1-1024x765.jpg 1024w, https:\/\/www.culture-relations.net\/wp-content\/uploads\/2018\/12\/Trainings-1-400x300.jpg 400w, https:\/\/www.culture-relations.net\/wp-content\/uploads\/2018\/12\/Trainings-1-768x573.jpg 768w, https:\/\/www.culture-relations.net\/wp-content\/uploads\/2018\/12\/Trainings-1.jpg 1500w\" sizes=\"auto, (max-width: 1024px) 100vw, 1024px\" \/><\/a><\/figure>\n\n\n\n<figure class=\"wp-block-image\"><a href=\"https:\/\/www.culture-relations.net\/wp-content\/uploads\/2018\/12\/01-Trainings-2-1024x683.jpg\"><img decoding=\"async\" data-id=\"3181\" src=\"https:\/\/www.culture-relations.net\/wp-content\/uploads\/2018\/12\/01-Trainings-2-1024x683.jpg\" alt=\"\" class=\"wp-image-3181\"\/><\/a><\/figure>\n\n\n\n<figure class=\"wp-block-image\"><a href=\"https:\/\/www.culture-relations.net\/wp-content\/uploads\/2019\/01\/Training3.jpg\"><img loading=\"lazy\" decoding=\"async\" width=\"1024\" height=\"768\" data-id=\"5050\" src=\"https:\/\/www.culture-relations.net\/wp-content\/uploads\/2019\/01\/Training3-1024x768.jpg\" alt=\"Training\" class=\"wp-image-5050\" srcset=\"https:\/\/www.culture-relations.net\/wp-content\/uploads\/2019\/01\/Training3-1024x768.jpg 1024w, https:\/\/www.culture-relations.net\/wp-content\/uploads\/2019\/01\/Training3-400x300.jpg 400w, https:\/\/www.culture-relations.net\/wp-content\/uploads\/2019\/01\/Training3-768x576.jpg 768w, https:\/\/www.culture-relations.net\/wp-content\/uploads\/2019\/01\/Training3.jpg 1500w\" sizes=\"auto, (max-width: 1024px) 100vw, 1024px\" \/><\/a><\/figure>\n\n\n\n<figure class=\"wp-block-image\"><a href=\"https:\/\/www.culture-relations.net\/wp-content\/uploads\/2019\/01\/Training-Outdoor-1024x768.jpg\"><img decoding=\"async\" data-id=\"5062\" src=\"https:\/\/www.culture-relations.net\/wp-content\/uploads\/2019\/01\/Training-Outdoor-1024x768.jpg\" alt=\"\" class=\"wp-image-5062\"\/><\/a><\/figure>\n\n\n\n<figure class=\"wp-block-image\"><a href=\"https:\/\/www.culture-relations.net\/wp-content\/uploads\/2019\/01\/Training-tools.jpg\"><img loading=\"lazy\" decoding=\"async\" width=\"1024\" height=\"283\" data-id=\"5071\" src=\"https:\/\/www.culture-relations.net\/wp-content\/uploads\/2019\/01\/Training-tools-1024x283.jpg\" alt=\"\" class=\"wp-image-5071\" srcset=\"https:\/\/www.culture-relations.net\/wp-content\/uploads\/2019\/01\/Training-tools-1024x283.jpg 1024w, https:\/\/www.culture-relations.net\/wp-content\/uploads\/2019\/01\/Training-tools-400x111.jpg 400w, https:\/\/www.culture-relations.net\/wp-content\/uploads\/2019\/01\/Training-tools-768x212.jpg 768w, https:\/\/www.culture-relations.net\/wp-content\/uploads\/2019\/01\/Training-tools.jpg 1500w\" sizes=\"auto, (max-width: 1024px) 100vw, 1024px\" \/><\/a><\/figure>\n<\/figure>\n","protected":false},"excerpt":{"rendered":"<p>Massgeschneiderte, hochgradig interaktive und lernerzentrierte Schulungs- und Entwicklungsprogramme, die Einzelpersonen, Teams und Unternehmen dabei helfen, sich in einem zunehmend vernetzten, multikulturellen, komplexen und wechselhaften Umfeld erfolgreich zu bewegen. Interkulturelle Kompetenz In einer von Unterschieden gepr\u00e4gten Welt arbeiten Organisationsentwicklung Anpassung an ein sich st\u00e4ndig ver\u00e4nderndes Umfeld F\u00fchrungspr\u00e4senz Die Kunst sich selbst, und andere zu f\u00fchren BNG-basierter [&hellip;]<\/p>\n","protected":false},"author":1,"featured_media":0,"parent":1142,"menu_order":0,"comment_status":"closed","ping_status":"closed","template":"content-pages-Services.php","meta":{"_genesis_hide_title":false,"_genesis_hide_breadcrumbs":false,"_genesis_hide_singular_image":false,"_genesis_hide_footer_widgets":false,"_genesis_custom_body_class":"","_genesis_custom_post_class":"","_genesis_layout":"","footnotes":""},"class_list":{"0":"post-2304","1":"page","2":"type-page","3":"status-publish","5":"entry"},"_links":{"self":[{"href":"https:\/\/www.culture-relations.net\/de\/wp-json\/wp\/v2\/pages\/2304","targetHints":{"allow":["GET"]}}],"collection":[{"href":"https:\/\/www.culture-relations.net\/de\/wp-json\/wp\/v2\/pages"}],"about":[{"href":"https:\/\/www.culture-relations.net\/de\/wp-json\/wp\/v2\/types\/page"}],"author":[{"embeddable":true,"href":"https:\/\/www.culture-relations.net\/de\/wp-json\/wp\/v2\/users\/1"}],"replies":[{"embeddable":true,"href":"https:\/\/www.culture-relations.net\/de\/wp-json\/wp\/v2\/comments?post=2304"}],"version-history":[{"count":0,"href":"https:\/\/www.culture-relations.net\/de\/wp-json\/wp\/v2\/pages\/2304\/revisions"}],"up":[{"embeddable":true,"href":"https:\/\/www.culture-relations.net\/de\/wp-json\/wp\/v2\/pages\/1142"}],"wp:attachment":[{"href":"https:\/\/www.culture-relations.net\/de\/wp-json\/wp\/v2\/media?parent=2304"}],"curies":[{"name":"wp","href":"https:\/\/api.w.org\/{rel}","templated":true}]}}