{"id":2331,"date":"2018-03-22T09:43:05","date_gmt":"2018-03-22T08:43:05","guid":{"rendered":"https:\/\/www.culture-relations.net\/organization-development\/a-vuca-world\/"},"modified":"2025-05-20T16:31:24","modified_gmt":"2025-05-20T14:31:24","slug":"eine-vuca-welt","status":"publish","type":"page","link":"https:\/\/www.culture-relations.net\/de\/organisationsentwicklung\/eine-vuca-welt\/","title":{"rendered":"Eine VUCA-Welt"},"content":{"rendered":"\n<div class=\"wp-block-group has-global-padding is-layout-constrained wp-block-group-is-layout-constrained\">\n<h3 class=\"wp-block-heading\"><strong>Eine VUKA-WELT <\/strong> meistern<\/h3>\n\n\n\n<p class=\"has-neutral-background-color has-background\"><strong>Ver\u00e4nderung <\/strong>ist ein Teil unseres Lebens \u2013 privat, beruflich und unternehmerisch.<br><br>Doch in Zeiten von Globalisierung und Digitalisierung hat sich die Ver\u00e4nderung selbst ver\u00e4ndert: Willkommen in der <strong>VUKA<\/strong>-Welt \u2013 <strong>volatil, unsicher, komplex <\/strong>und <strong>ambig<\/strong>.<\/p>\n\n\n\n<blockquote class=\"wp-block-quote has-yellow-color has-text-color has-link-color wp-elements-f5806e6a2d8e9e6a7de45873e3710ede is-layout-flow wp-block-quote-is-layout-flow\">\n<p>&#8221; <em>Nichts ist ewig \u2013 ausser der Ver\u00e4nderung<\/em>.&#8221;<\/p>\n<cite>&#8211; Siddh\u0101rtha Gautama<\/cite><\/blockquote>\n\n\n\n<h2 class=\"wp-block-heading\">Was heisst VUKA konkret?<\/h2>\n\n\n\n<div style=\"height:26px\" aria-hidden=\"true\" class=\"wp-block-spacer\"><\/div>\n\n\n\n<div class=\"wp-block-columns is-layout-flex wp-container-core-columns-is-layout-28f84493 wp-block-columns-is-layout-flex\">\n<div class=\"wp-block-column is-layout-flow wp-block-column-is-layout-flow\">\n<figure class=\"wp-block-image alignwide size-large\"><img loading=\"lazy\" decoding=\"async\" width=\"1024\" height=\"914\" src=\"https:\/\/www.culture-relations.net\/wp-content\/uploads\/2025\/05\/Vuca1-1024x914.png\" alt=\"\" class=\"wp-image-7679\" srcset=\"https:\/\/www.culture-relations.net\/wp-content\/uploads\/2025\/05\/Vuca1-1024x914.png 1024w, https:\/\/www.culture-relations.net\/wp-content\/uploads\/2025\/05\/Vuca1-350x312.png 350w, https:\/\/www.culture-relations.net\/wp-content\/uploads\/2025\/05\/Vuca1-768x685.png 768w, https:\/\/www.culture-relations.net\/wp-content\/uploads\/2025\/05\/Vuca1.png 1433w\" sizes=\"auto, (max-width: 1024px) 100vw, 1024px\" \/><\/figure>\n\n\n\n<p><strong>VOLATILIT\u00c4T<\/strong><br><br>Ver\u00e4nderungen sind schneller, massiver und weniger vorhersehbar als je zuvor. Was heute boomt, kann morgen verschwinden. In dieser Dynamik z\u00e4hlt, wer flexibel bleibt.<\/p>\n<\/div>\n\n\n\n<div class=\"wp-block-column is-layout-flow wp-block-column-is-layout-flow\">\n<figure class=\"wp-block-image size-large\"><img loading=\"lazy\" decoding=\"async\" width=\"1024\" height=\"933\" src=\"https:\/\/www.culture-relations.net\/wp-content\/uploads\/2025\/05\/Vuca2-1024x933.png\" alt=\"\" class=\"wp-image-7682\" srcset=\"https:\/\/www.culture-relations.net\/wp-content\/uploads\/2025\/05\/Vuca2-1024x933.png 1024w, https:\/\/www.culture-relations.net\/wp-content\/uploads\/2025\/05\/Vuca2-350x319.png 350w, https:\/\/www.culture-relations.net\/wp-content\/uploads\/2025\/05\/Vuca2-768x699.png 768w, https:\/\/www.culture-relations.net\/wp-content\/uploads\/2025\/05\/Vuca2.png 1131w\" sizes=\"auto, (max-width: 1024px) 100vw, 1024px\" \/><\/figure>\n\n\n\n<p><strong><strong>UNSICHERHEIT<\/strong><\/strong><\/p>\n\n\n\n<p>Prognosen werden unsicherer, Entscheidungen riskanter. Ereignisse auf der anderen Seite der Welt beeinflussen M\u00e4rkte hier und jetzt. Entscheiden unter Unsicherheit wird zur Kernkompetenz.<\/p>\n<\/div>\n\n\n\n<div class=\"wp-block-column is-layout-flow wp-block-column-is-layout-flow\">\n<figure class=\"wp-block-image size-large\"><img loading=\"lazy\" decoding=\"async\" width=\"1024\" height=\"833\" src=\"https:\/\/www.culture-relations.net\/wp-content\/uploads\/2025\/05\/Vuca_3-1024x833.png\" alt=\"\" class=\"wp-image-7687\" srcset=\"https:\/\/www.culture-relations.net\/wp-content\/uploads\/2025\/05\/Vuca_3-1024x833.png 1024w, https:\/\/www.culture-relations.net\/wp-content\/uploads\/2025\/05\/Vuca_3-350x285.png 350w, https:\/\/www.culture-relations.net\/wp-content\/uploads\/2025\/05\/Vuca_3-768x625.png 768w, https:\/\/www.culture-relations.net\/wp-content\/uploads\/2025\/05\/Vuca_3-1536x1250.png 1536w, https:\/\/www.culture-relations.net\/wp-content\/uploads\/2025\/05\/Vuca_3.png 1604w\" sizes=\"auto, (max-width: 1024px) 100vw, 1024px\" \/><\/figure>\n\n\n\n<p><br><strong><strong>KOMPLEXIT\u00c4T<\/strong><\/strong><\/p>\n\n\n\n<p>Globale M\u00e4rkte, Technologien, Kulturen \u2013 alles ist vernetzt. F\u00fchrung heisst heute, komplexe Zusammenh\u00e4nge zu verstehen und trotzdem fokussiert zu handeln.<\/p>\n<\/div>\n\n\n\n<div class=\"wp-block-column is-layout-flow wp-block-column-is-layout-flow\">\n<figure class=\"wp-block-image size-large is-resized\"><img loading=\"lazy\" decoding=\"async\" width=\"991\" height=\"1024\" src=\"https:\/\/www.culture-relations.net\/wp-content\/uploads\/2025\/05\/Vuca_4-991x1024.png\" alt=\"\" class=\"wp-image-7693\" style=\"width:191px;height:auto\" srcset=\"https:\/\/www.culture-relations.net\/wp-content\/uploads\/2025\/05\/Vuca_4-991x1024.png 991w, https:\/\/www.culture-relations.net\/wp-content\/uploads\/2025\/05\/Vuca_4-339x350.png 339w, https:\/\/www.culture-relations.net\/wp-content\/uploads\/2025\/05\/Vuca_4-768x793.png 768w, https:\/\/www.culture-relations.net\/wp-content\/uploads\/2025\/05\/Vuca_4.png 1148w\" sizes=\"auto, (max-width: 991px) 100vw, 991px\" \/><\/figure>\n\n\n\n<p><strong><strong>AMBIGUIT\u00c4T<\/strong><\/strong><\/p>\n\n\n\n<p>Unklare Situationen, mehrdeutige Signale: Wer in unbekanntem Terrain agieren will, braucht Mut, Offenheit und Lernbereitschaft.<\/p>\n<\/div>\n<\/div>\n\n\n\n<blockquote class=\"wp-block-quote has-yellow-color has-text-color has-link-color wp-elements-d86c55a8e9a441c06e8ad48285e908e4 is-layout-flow wp-block-quote-is-layout-flow\">\n<p>&#8221; <em>Wer etwas Neues will, muss etwas Altes loslassen.<\/em>&#8220;<\/p>\n<cite>&#8211; Peter Drucker<br><\/cite><\/blockquote>\n\n\n\n<h2 class=\"wp-block-heading\">Bew\u00e4ltigung von VUCA<\/h2>\n\n\n\n<p>VUKA verlangt spezifische F\u00fchrungsqualit\u00e4ten:<\/p>\n\n\n\n<div class=\"wp-block-columns is-layout-flex wp-container-core-columns-is-layout-28f84493 wp-block-columns-is-layout-flex\">\n<div class=\"wp-block-column is-layout-flow wp-block-column-is-layout-flow\" style=\"flex-basis:25%\">\n<figure class=\"wp-block-image aligncenter size-full is-resized\"><img loading=\"lazy\" decoding=\"async\" width=\"495\" height=\"405\" src=\"https:\/\/www.culture-relations.net\/wp-content\/uploads\/2025\/05\/Vision.png\" alt=\"\" class=\"wp-image-7703\" style=\"width:auto;height:150px\" srcset=\"https:\/\/www.culture-relations.net\/wp-content\/uploads\/2025\/05\/Vision.png 495w, https:\/\/www.culture-relations.net\/wp-content\/uploads\/2025\/05\/Vision-350x286.png 350w\" sizes=\"auto, (max-width: 495px) 100vw, 495px\" \/><\/figure>\n\n\n\n<p><strong> VISION<\/strong><\/p>\n\n\n\n<p>Ein klares Bild der Zukunft und ein starker innerer Kompass<\/p>\n<\/div>\n\n\n\n<div class=\"wp-block-column is-layout-flow wp-block-column-is-layout-flow\" style=\"flex-basis:25%\">\n<figure class=\"wp-block-image aligncenter size-full is-resized\"><img loading=\"lazy\" decoding=\"async\" width=\"360\" height=\"444\" src=\"https:\/\/www.culture-relations.net\/wp-content\/uploads\/2025\/05\/Understanding_.png\" alt=\"\" class=\"wp-image-7707\" style=\"width:117px;height:auto\" srcset=\"https:\/\/www.culture-relations.net\/wp-content\/uploads\/2025\/05\/Understanding_.png 360w, https:\/\/www.culture-relations.net\/wp-content\/uploads\/2025\/05\/Understanding_-284x350.png 284w\" sizes=\"auto, (max-width: 360px) 100vw, 360px\" \/><\/figure>\n\n\n\n<p><strong><strong>VERST\u00c4NDNIS<\/strong><\/strong><\/p>\n\n\n\n<p>Zuh\u00f6ren, beobachten, Zusammenh\u00e4nge erfassen<\/p>\n<\/div>\n\n\n\n<div class=\"wp-block-column is-layout-flow wp-block-column-is-layout-flow\" style=\"flex-basis:25%\">\n<figure class=\"wp-block-image aligncenter size-full is-resized\"><img loading=\"lazy\" decoding=\"async\" width=\"510\" height=\"471\" src=\"https:\/\/www.culture-relations.net\/wp-content\/uploads\/2025\/05\/Courage_.png\" alt=\"\" class=\"wp-image-7710\" style=\"width:155px;height:auto\" srcset=\"https:\/\/www.culture-relations.net\/wp-content\/uploads\/2025\/05\/Courage_.png 510w, https:\/\/www.culture-relations.net\/wp-content\/uploads\/2025\/05\/Courage_-350x323.png 350w\" sizes=\"auto, (max-width: 510px) 100vw, 510px\" \/><\/figure>\n\n\n\n<p><strong>K\u00dcHNHEIT<\/strong><\/p>\n\n\n\n<p>Entscheiden und handeln, auch bei Unsicherheit<\/p>\n<\/div>\n\n\n\n<div class=\"wp-block-column is-layout-flow wp-block-column-is-layout-flow\"><\/div>\n\n\n\n<div class=\"wp-block-column is-layout-flow wp-block-column-is-layout-flow\" style=\"flex-basis:25%\">\n<figure class=\"wp-block-image aligncenter size-full is-resized\"><img loading=\"lazy\" decoding=\"async\" width=\"401\" height=\"437\" src=\"https:\/\/www.culture-relations.net\/wp-content\/uploads\/2025\/05\/Agility.png\" alt=\"\" class=\"wp-image-7714\" style=\"width:136px;height:auto\" srcset=\"https:\/\/www.culture-relations.net\/wp-content\/uploads\/2025\/05\/Agility.png 401w, https:\/\/www.culture-relations.net\/wp-content\/uploads\/2025\/05\/Agility-321x350.png 321w\" sizes=\"auto, (max-width: 401px) 100vw, 401px\" \/><\/figure>\n\n\n\n<p><strong>AGILIT\u00c4T<\/strong><\/p>\n\n\n\n<p>Schnell reagieren, ohne die strategische Ausrichtung zu verlieren<\/p>\n<\/div>\n<\/div>\n\n\n\n<div style=\"height:100px\" aria-hidden=\"true\" class=\"wp-block-spacer\"><\/div>\n\n\n\n<p class=\"has-neutral-background-color has-background\">\u2192&nbsp;Mit Ans\u00e4tzen aus dem <strong>Appreciative Inquiry<\/strong>, durch <strong>Leadership Presence<\/strong> und <strong>Improvisationstechniken<\/strong> unterst\u00fctze ich Ihre F\u00e4higkeit, in der VUKA-Welt erfolgreich und nachhaltig zu f\u00fchren.<\/p>\n\n\n\n<div style=\"height:100px\" aria-hidden=\"true\" class=\"wp-block-spacer\"><\/div>\n\n\n\n<hr class=\"wp-block-separator has-css-opacity\"\/>\n\n\n\n<p class=\"has-small-font-size\">* Siddh\u0101rtha Gautama, Bouddha (c. 563\/480 \u2013 c. 483\/400 BCE)<br>* Peter F. Drucker (1909 \u2013 2005), Pionier des modern management<br><br><\/p>\n<\/div>\n","protected":false},"excerpt":{"rendered":"<p>Eine VUKA-WELT meistern Ver\u00e4nderung ist ein Teil unseres Lebens \u2013 privat, beruflich und unternehmerisch. Doch in Zeiten von Globalisierung und Digitalisierung hat sich die Ver\u00e4nderung selbst ver\u00e4ndert: Willkommen in der VUKA-Welt \u2013 volatil, unsicher, komplex und ambig. &#8221; Nichts ist ewig \u2013 ausser der Ver\u00e4nderung.&#8221; Was heisst VUKA konkret? VOLATILIT\u00c4T Ver\u00e4nderungen sind schneller, massiver und [&hellip;]<\/p>\n","protected":false},"author":1,"featured_media":0,"parent":1083,"menu_order":0,"comment_status":"closed","ping_status":"closed","template":"content-pages-OD.php","meta":{"_genesis_hide_title":false,"_genesis_hide_breadcrumbs":false,"_genesis_hide_singular_image":false,"_genesis_hide_footer_widgets":false,"_genesis_custom_body_class":"","_genesis_custom_post_class":"","_genesis_layout":"","footnotes":""},"class_list":{"0":"post-2331","1":"page","2":"type-page","3":"status-publish","5":"entry"},"_links":{"self":[{"href":"https:\/\/www.culture-relations.net\/de\/wp-json\/wp\/v2\/pages\/2331","targetHints":{"allow":["GET"]}}],"collection":[{"href":"https:\/\/www.culture-relations.net\/de\/wp-json\/wp\/v2\/pages"}],"about":[{"href":"https:\/\/www.culture-relations.net\/de\/wp-json\/wp\/v2\/types\/page"}],"author":[{"embeddable":true,"href":"https:\/\/www.culture-relations.net\/de\/wp-json\/wp\/v2\/users\/1"}],"replies":[{"embeddable":true,"href":"https:\/\/www.culture-relations.net\/de\/wp-json\/wp\/v2\/comments?post=2331"}],"version-history":[{"count":5,"href":"https:\/\/www.culture-relations.net\/de\/wp-json\/wp\/v2\/pages\/2331\/revisions"}],"predecessor-version":[{"id":7839,"href":"https:\/\/www.culture-relations.net\/de\/wp-json\/wp\/v2\/pages\/2331\/revisions\/7839"}],"up":[{"embeddable":true,"href":"https:\/\/www.culture-relations.net\/de\/wp-json\/wp\/v2\/pages\/1083"}],"wp:attachment":[{"href":"https:\/\/www.culture-relations.net\/de\/wp-json\/wp\/v2\/media?parent=2331"}],"curies":[{"name":"wp","href":"https:\/\/api.w.org\/{rel}","templated":true}]}}