{"id":2336,"date":"2018-05-16T11:10:52","date_gmt":"2018-05-16T09:10:52","guid":{"rendered":"https:\/\/www.culture-relations.net\/organization-development\/keeping-dynamic-balance\/"},"modified":"2025-05-20T16:50:35","modified_gmt":"2025-05-20T14:50:35","slug":"eine-dynamische-balance-halten","status":"publish","type":"page","link":"https:\/\/www.culture-relations.net\/de\/organisationsentwicklung\/eine-dynamische-balance-halten\/","title":{"rendered":"Eine dynamische Balance halten"},"content":{"rendered":"\n<div class=\"wp-block-group has-global-padding is-layout-constrained wp-block-group-is-layout-constrained\">\n<h3 class=\"wp-block-heading has-yellow-color has-text-color has-link-color wp-elements-f44496d13a85b27a26e23a3dec586076\"><strong>Mit der Themenzentrierten Interaktion (TZI) Ver\u00e4nderungen erfolgreich steuern<\/strong><\/h3>\n\n\n\n<div style=\"height:40px\" aria-hidden=\"true\" class=\"wp-block-spacer\"><\/div>\n\n\n\n<p class=\"has-neutral-background-color has-background\"><strong>Organisationsentwicklung (OE)<\/strong> heisst, den Wandel aktiv anzunehmen \u2013 intern wie extern \u2013 und als Motor f\u00fcr Erneuerung zu nutzen.<br><br>Das Ziel? Organisationen fit zu machen f\u00fcr eine VUKA-Welt: volatil, unsicher, komplex und ambig.<\/p>\n\n\n\n<blockquote class=\"wp-block-quote has-yellow-color has-text-color has-link-color wp-elements-7271e082fd5f8c954bbd7f32c985eda1 is-layout-flow wp-block-quote-is-layout-flow\">\n<p>&#8221; Unternehmen \u2013 wie jede Organisation \u2013 m\u00fcssen heute so gestaltet sein, dass Ver\u00e4nderung die Norm ist. Sie sollen Ver\u00e4nderung bewirken, und nicht nur darauf reagieren.\u201c<\/p>\n<cite>&#8211; Peter Drucker<\/cite><\/blockquote>\n\n\n\n<p>OE bringt systemische Ver\u00e4nderungen mit sich, die alle Bereiche einer Organisation erfassen \u2013 Strukturen, Prozesse und Denkweisen.<br>Es geht nicht nur darum, Systeme weiterzuentwickeln, sondern vor allem auch Menschen wachsen zu lassen.<\/p>\n\n\n\n<p>Um zu verstehen, wie externe Einfl\u00fcsse mit internen Prozessen (Mitarbeiterentwicklung, Kommunikation, Innovation) zusammenspielen, bietet die <strong>Themenzentrierte Interaktion (TZI)<\/strong> von Ruth Cohn wertvolle Orientierung.<\/p>\n\n\n\n<div style=\"height:38px\" aria-hidden=\"true\" class=\"wp-block-spacer\"><\/div>\n\n\n\n<div class=\"wp-block-columns is-layout-flex wp-container-core-columns-is-layout-28f84493 wp-block-columns-is-layout-flex\">\n<div class=\"wp-block-column is-layout-flow wp-block-column-is-layout-flow\">\n<p><strong>TZI zeigt die drei Kr\u00e4fte auf, die Organisationen voranbringen:<\/strong><\/p>\n\n\n\n<ul class=\"wp-block-list\">\n<li><strong>Die Einzelpersonen<\/strong>: ihre Kompetenzen, ihre Motivation, ihre Verantwortung.<br><\/li>\n\n\n\n<li><strong>Die Gruppe<\/strong>: die Dynamik, die im Miteinander entsteht.<br><\/li>\n\n\n\n<li><strong>Die Aufgabe<\/strong>: die gemeinsamen Projekte, Produkte und Dienstleistungen.<\/li>\n<\/ul>\n\n\n\n<p>Diese drei Elemente bilden ein dynamisches <strong>Dreieck<\/strong>. Rundherum wirkt der <strong>GLOBE <\/strong>\/ das Umfeld \u2013 Markttrends, neue Technologien, gesellschaftliche Entwicklungen.<br>Ver\u00e4ndert sich das Umfeld, verschieben sich auch die Schwerpunkte im Dreieck: eine kontinuierliche Balance ist gefragt.<\/p>\n<\/div>\n\n\n\n<div class=\"wp-block-column is-layout-flow wp-block-column-is-layout-flow\">\n<figure class=\"wp-block-image size-large is-resized\"><img loading=\"lazy\" decoding=\"async\" width=\"1000\" height=\"1024\" src=\"https:\/\/www.culture-relations.net\/wp-content\/uploads\/2025\/05\/TZI_D-1000x1024.png\" alt=\"\" class=\"wp-image-7841\" style=\"width:308px;height:auto\" srcset=\"https:\/\/www.culture-relations.net\/wp-content\/uploads\/2025\/05\/TZI_D-1000x1024.png 1000w, https:\/\/www.culture-relations.net\/wp-content\/uploads\/2025\/05\/TZI_D-342x350.png 342w, https:\/\/www.culture-relations.net\/wp-content\/uploads\/2025\/05\/TZI_D-768x786.png 768w, https:\/\/www.culture-relations.net\/wp-content\/uploads\/2025\/05\/TZI_D.png 1399w\" sizes=\"auto, (max-width: 1000px) 100vw, 1000px\" \/><\/figure>\n<\/div>\n<\/div>\n\n\n\n<p>In der OE geht es darum, diese drei Pole st\u00e4ndig im Blick zu behalten \u2013 die Einzelnen zu st\u00e4rken, die Gruppendynamik zu f\u00f6rdern und die Aufgaben klar auszurichten \u2013, w\u00e4hrend man flexibel auf \u00e4ussere Ver\u00e4nderungen reagiert.<br>Dominieren einzelne Aspekte zu stark, ger\u00e4t das Gleichgewicht in Gefahr.<\/p>\n\n\n\n<p>Zwei Prinzipien der TZI sind dabei besonders wichtig:<\/p>\n\n\n\n<ul class=\"wp-block-list\">\n<li><strong>\u201c<strong>Sei deine eigene Chairperson<\/strong>\u201d<\/strong> \u2013 Pers\u00f6nliche Autonomie: auf die eigenen Bed\u00fcrfnisse h\u00f6ren, sie formulieren und verantwortungsvoll <br><\/li>\n\n\n\n<li><strong>\u201c<strong>St\u00f6rungen haben Vorrang<\/strong>\u201d<\/strong> \u2013 Irritationen und Unklarheiten fr\u00fchzeitig erkennen und ansprechen, damit Ver\u00e4nderungsprozesse nicht blockiert werden.<\/li>\n<\/ul>\n\n\n\n<p class=\"has-neutral-background-color has-background\">\u2192 <strong> Die TZI ist ein starker Kompass f\u00fcr jede Organisationsentwicklung<\/strong>, der hilft, externe Einfl\u00fcsse zu verstehen und interne \u00dcberg\u00e4nge klug zu steuern.<br><\/p>\n\n\n\n<hr class=\"wp-block-separator has-css-opacity\"\/>\n\n\n\n<p class=\"has-small-font-size\">* Peter F. Drucker (1909\u20132005) \u2013 Pionier der modernen Managementlehre<br>* Ruth C. Cohn (1912\u20132010) \u2013 US-amerikanisch-schweizerische Psychotherapeutin und P\u00e4dagogin, Begr\u00fcnderin der Themenzentrierten Interaktion (TZI).<\/p>\n<\/div>\n\n\n\n<p><\/p>\n","protected":false},"excerpt":{"rendered":"<p>Mit der Themenzentrierten Interaktion (TZI) Ver\u00e4nderungen erfolgreich steuern Organisationsentwicklung (OE) heisst, den Wandel aktiv anzunehmen \u2013 intern wie extern \u2013 und als Motor f\u00fcr Erneuerung zu nutzen. Das Ziel? Organisationen fit zu machen f\u00fcr eine VUKA-Welt: volatil, unsicher, komplex und ambig. &#8221; Unternehmen \u2013 wie jede Organisation \u2013 m\u00fcssen heute so gestaltet sein, dass Ver\u00e4nderung [&hellip;]<\/p>\n","protected":false},"author":1,"featured_media":0,"parent":1083,"menu_order":0,"comment_status":"closed","ping_status":"closed","template":"content-pages-OD.php","meta":{"_genesis_hide_title":false,"_genesis_hide_breadcrumbs":false,"_genesis_hide_singular_image":false,"_genesis_hide_footer_widgets":false,"_genesis_custom_body_class":"","_genesis_custom_post_class":"","_genesis_layout":"","footnotes":""},"class_list":{"0":"post-2336","1":"page","2":"type-page","3":"status-publish","5":"entry"},"_links":{"self":[{"href":"https:\/\/www.culture-relations.net\/de\/wp-json\/wp\/v2\/pages\/2336","targetHints":{"allow":["GET"]}}],"collection":[{"href":"https:\/\/www.culture-relations.net\/de\/wp-json\/wp\/v2\/pages"}],"about":[{"href":"https:\/\/www.culture-relations.net\/de\/wp-json\/wp\/v2\/types\/page"}],"author":[{"embeddable":true,"href":"https:\/\/www.culture-relations.net\/de\/wp-json\/wp\/v2\/users\/1"}],"replies":[{"embeddable":true,"href":"https:\/\/www.culture-relations.net\/de\/wp-json\/wp\/v2\/comments?post=2336"}],"version-history":[{"count":6,"href":"https:\/\/www.culture-relations.net\/de\/wp-json\/wp\/v2\/pages\/2336\/revisions"}],"predecessor-version":[{"id":7845,"href":"https:\/\/www.culture-relations.net\/de\/wp-json\/wp\/v2\/pages\/2336\/revisions\/7845"}],"up":[{"embeddable":true,"href":"https:\/\/www.culture-relations.net\/de\/wp-json\/wp\/v2\/pages\/1083"}],"wp:attachment":[{"href":"https:\/\/www.culture-relations.net\/de\/wp-json\/wp\/v2\/media?parent=2336"}],"curies":[{"name":"wp","href":"https:\/\/api.w.org\/{rel}","templated":true}]}}