{"id":2342,"date":"2018-03-22T09:45:51","date_gmt":"2018-03-22T08:45:51","guid":{"rendered":"https:\/\/www.culture-relations.net\/organization-development\/change-is-changing-requesting-vision-intelligence-courage-agility\/"},"modified":"2025-05-20T17:23:40","modified_gmt":"2025-05-20T15:23:40","slug":"veranderungen-begleiten","status":"publish","type":"page","link":"https:\/\/www.culture-relations.net\/de\/organisationsentwicklung\/veranderungen-begleiten\/","title":{"rendered":"Ver\u00e4nderungen begleiten"},"content":{"rendered":"\n<div class=\"wp-block-group has-global-padding is-layout-constrained wp-block-group-is-layout-constrained\">\n<h3 class=\"wp-block-heading has-yellow-color has-text-color has-link-color wp-elements-4ef33c06ec7826c9ed678fc5c6084eb0\"><strong><strong>Ver\u00e4nderung von innen heraus begleiten<\/strong><\/strong><\/h3>\n\n\n\n<div style=\"height:var(--wp--preset--spacing--30)\" aria-hidden=\"true\" class=\"wp-block-spacer\"><\/div>\n\n\n\n<p class=\"has-neutral-background-color has-background\"><strong><strong>Das eigentliche Problem ist nicht der Wandel \u2013 sondern wie er gef\u00fchrt wird.<\/strong><\/strong><br><br>In jeder Transformation geht es nicht nur um Strategien \u2013 sondern um die Menschen, die sie umsetzen.<br><br>Ver\u00e4nderung ist das Ziel. Doch der eigentliche Erfolgsfaktor liegt in der <strong>Transition<\/strong> \u2013 dem menschlichen Weg vom Bekannten (A) zum Neuen (B).<\/p>\n\n\n\n<h2 class=\"wp-block-heading\">Menschen haben nicht grunds\u00e4tzlich Angst vor Ver\u00e4nderung<\/h2>\n\n\n\n<div class=\"wp-block-columns is-layout-flex wp-container-core-columns-is-layout-28f84493 wp-block-columns-is-layout-flex\">\n<div class=\"wp-block-column is-layout-flow wp-block-column-is-layout-flow\">\n<p class=\"has-text-align-center\"><strong>Was sie wirklich zur\u00fcckh\u00e4lt, ist<\/strong><\/p>\n\n\n\n<ul class=\"wp-block-list\">\n<li><strong>Unsicherheit<\/strong><\/li>\n\n\n\n<li>Fehlende <strong>Klarheit<\/strong>, fehlender <strong>Sinn<\/strong><\/li>\n\n\n\n<li>Das Gef\u00fchl, nicht <strong>geh\u00f6rt <\/strong>oder einbezogen zu werden<\/li>\n<\/ul>\n\n\n\n<figure class=\"wp-block-image aligncenter size-large is-resized\"><img loading=\"lazy\" decoding=\"async\" width=\"1024\" height=\"894\" src=\"https:\/\/www.culture-relations.net\/wp-content\/uploads\/2025\/05\/Change_1-1024x894.png\" alt=\"\" class=\"wp-image-7741\" style=\"width:280px;height:auto\" srcset=\"https:\/\/www.culture-relations.net\/wp-content\/uploads\/2025\/05\/Change_1-1024x894.png 1024w, https:\/\/www.culture-relations.net\/wp-content\/uploads\/2025\/05\/Change_1-350x306.png 350w, https:\/\/www.culture-relations.net\/wp-content\/uploads\/2025\/05\/Change_1-768x671.png 768w, https:\/\/www.culture-relations.net\/wp-content\/uploads\/2025\/05\/Change_1-1536x1342.png 1536w, https:\/\/www.culture-relations.net\/wp-content\/uploads\/2025\/05\/Change_1.png 1581w\" sizes=\"auto, (max-width: 1024px) 100vw, 1024px\" \/><\/figure>\n<\/div>\n\n\n\n<div class=\"wp-block-column is-layout-flow wp-block-column-is-layout-flow\">\n<p class=\"has-text-align-left\"><strong><strong><strong>Was die Ver\u00e4nderung wirksam und nachhaltig macht<\/strong><\/strong><\/strong><\/p>\n\n\n\n<ul class=\"wp-block-list\">\n<li>Eine geteilte, verst\u00e4ndliche und inspirierende <strong>Vision<\/strong><\/li>\n\n\n\n<li>Klare und ehrliche <strong>Kommunikation<\/strong><\/li>\n\n\n\n<li>Echte <strong>Beteiligung <\/strong>der betroffenen Personen<\/li>\n<\/ul>\n\n\n\n<figure class=\"wp-block-image aligncenter size-large is-resized\"><img loading=\"lazy\" decoding=\"async\" width=\"1024\" height=\"968\" src=\"https:\/\/www.culture-relations.net\/wp-content\/uploads\/2025\/05\/Change_2-1024x968.png\" alt=\"\" class=\"wp-image-7762\" style=\"width:238px;height:auto\" srcset=\"https:\/\/www.culture-relations.net\/wp-content\/uploads\/2025\/05\/Change_2-1024x968.png 1024w, https:\/\/www.culture-relations.net\/wp-content\/uploads\/2025\/05\/Change_2-350x331.png 350w, https:\/\/www.culture-relations.net\/wp-content\/uploads\/2025\/05\/Change_2-768x726.png 768w, https:\/\/www.culture-relations.net\/wp-content\/uploads\/2025\/05\/Change_2.png 1436w\" sizes=\"auto, (max-width: 1024px) 100vw, 1024px\" \/><\/figure>\n<\/div>\n<\/div>\n\n\n\n<div style=\"height:21px\" aria-hidden=\"true\" class=\"wp-block-spacer\"><\/div>\n\n\n\n<p>Ver\u00e4nderungen werden nicht einfach durchgesetzt. Die <strong>Transformationen werden begleitet<\/strong>. Die Einzelnen, Teams und Organisationen werden unterst\u00fctzt um den anstehenen Wandel zu verstehen, und ihn mitzugestalten und mitzutragen.<br><\/p>\n\n\n\n<h2 class=\"wp-block-heading\">Der Mensch im Mittelpunkt des Wandels<\/h2>\n\n\n\n<p>Meine Arbeit verbindet fundierte Theorie mit praxisnahen Tools, die Menschen aktiv in den Wandel einbinden \u2013 und zwar von Anfang an.<\/p>\n\n\n\n<p>Zum Einsatz kommen unter anderem:<\/p>\n\n\n\n<ul class=\"wp-block-list\">\n<li><strong>Themenzentrierte Interaktion (TZI)<\/strong> \u2013 f\u00fcr ein ausgewogenes Zusammenspiel von Individuum, Gruppe und Aufgabe<\/li>\n\n\n\n<li><strong>Appreciative Inquiry<\/strong> \u2013 um auf St\u00e4rken aufzubauen und gemeinsam Sinn zu schaffen<\/li>\n\n\n\n<li><strong>Der Ver\u00e4nderungs-Puzzle\u00a9<\/strong> \u2013 ein visuelles, partizipatives Tool, das Ver\u00e4nderung greifbar und verst\u00e4ndlich macht<\/li>\n<\/ul>\n\n\n\n<p>Diese Methoden helfen, die <strong>wahren Hebel der Transformation<\/strong> zu erkennen \u2013 jenseits von Prozessen und Strukturen \u2013 und f\u00f6rdern die gemeinsame Gestaltung eines tief verankerten Wandels.<\/p>\n\n\n\n<figure class=\"wp-block-image aligncenter size-large is-resized\"><img loading=\"lazy\" decoding=\"async\" width=\"1024\" height=\"617\" src=\"https:\/\/www.culture-relations.net\/wp-content\/uploads\/2025\/05\/Change_3-1024x617.png\" alt=\"\" class=\"wp-image-7774\" style=\"width:357px;height:auto\" srcset=\"https:\/\/www.culture-relations.net\/wp-content\/uploads\/2025\/05\/Change_3-1024x617.png 1024w, https:\/\/www.culture-relations.net\/wp-content\/uploads\/2025\/05\/Change_3-350x211.png 350w, https:\/\/www.culture-relations.net\/wp-content\/uploads\/2025\/05\/Change_3-768x463.png 768w, https:\/\/www.culture-relations.net\/wp-content\/uploads\/2025\/05\/Change_3-1536x926.png 1536w, https:\/\/www.culture-relations.net\/wp-content\/uploads\/2025\/05\/Change_3.png 1597w\" sizes=\"auto, (max-width: 1024px) 100vw, 1024px\" \/><\/figure>\n\n\n\n<p class=\"has-neutral-background-color has-background\">\u2192 Wenn Menschen den Sinn verstehen, einbezogen werden und aktiv mitgestalten k\u00f6nnen, ist Ver\u00e4nderung nicht mehr etwas, das man \u00fcber sich ergehen l\u00e4sst \u2013 sondern <strong>eine gemeinsame Reise<\/strong>.<\/p>\n<\/div>\n","protected":false},"excerpt":{"rendered":"<p>Ver\u00e4nderung von innen heraus begleiten Das eigentliche Problem ist nicht der Wandel \u2013 sondern wie er gef\u00fchrt wird. In jeder Transformation geht es nicht nur um Strategien \u2013 sondern um die Menschen, die sie umsetzen. Ver\u00e4nderung ist das Ziel. Doch der eigentliche Erfolgsfaktor liegt in der Transition \u2013 dem menschlichen Weg vom Bekannten (A) zum [&hellip;]<\/p>\n","protected":false},"author":1,"featured_media":0,"parent":1083,"menu_order":0,"comment_status":"closed","ping_status":"closed","template":"content-pages-OD.php","meta":{"_genesis_hide_title":false,"_genesis_hide_breadcrumbs":false,"_genesis_hide_singular_image":false,"_genesis_hide_footer_widgets":false,"_genesis_custom_body_class":"","_genesis_custom_post_class":"","_genesis_layout":"","footnotes":""},"class_list":{"0":"post-2342","1":"page","2":"type-page","3":"status-publish","5":"entry"},"_links":{"self":[{"href":"https:\/\/www.culture-relations.net\/de\/wp-json\/wp\/v2\/pages\/2342","targetHints":{"allow":["GET"]}}],"collection":[{"href":"https:\/\/www.culture-relations.net\/de\/wp-json\/wp\/v2\/pages"}],"about":[{"href":"https:\/\/www.culture-relations.net\/de\/wp-json\/wp\/v2\/types\/page"}],"author":[{"embeddable":true,"href":"https:\/\/www.culture-relations.net\/de\/wp-json\/wp\/v2\/users\/1"}],"replies":[{"embeddable":true,"href":"https:\/\/www.culture-relations.net\/de\/wp-json\/wp\/v2\/comments?post=2342"}],"version-history":[{"count":6,"href":"https:\/\/www.culture-relations.net\/de\/wp-json\/wp\/v2\/pages\/2342\/revisions"}],"predecessor-version":[{"id":7849,"href":"https:\/\/www.culture-relations.net\/de\/wp-json\/wp\/v2\/pages\/2342\/revisions\/7849"}],"up":[{"embeddable":true,"href":"https:\/\/www.culture-relations.net\/de\/wp-json\/wp\/v2\/pages\/1083"}],"wp:attachment":[{"href":"https:\/\/www.culture-relations.net\/de\/wp-json\/wp\/v2\/media?parent=2342"}],"curies":[{"name":"wp","href":"https:\/\/api.w.org\/{rel}","templated":true}]}}