{"id":2349,"date":"2018-03-22T09:44:14","date_gmt":"2018-03-22T08:44:14","guid":{"rendered":"https:\/\/www.culture-relations.net\/organisationsentwicklung\/appreciative-inquiry-2\/"},"modified":"2025-05-20T17:50:28","modified_gmt":"2025-05-20T15:50:28","slug":"appreciative-inquiry-2","status":"publish","type":"page","link":"https:\/\/www.culture-relations.net\/de\/organisationsentwicklung\/appreciative-inquiry-2\/","title":{"rendered":"Appreciative Inquiry"},"content":{"rendered":"\n<div class=\"wp-block-group has-global-padding is-layout-constrained wp-block-group-is-layout-constrained\">\n<h3 class=\"wp-block-heading has-text-align-center has-yellow-color has-text-color has-link-color wp-elements-6f5211c61d1166cb8cbd94eaa3029089\"><strong>Positive Ver\u00e4nderungen durch Appreciative Inquiry (AI) f\u00f6rdern<\/strong><\/h3>\n\n\n\n<div style=\"height:var(--wp--preset--spacing--20)\" aria-hidden=\"true\" class=\"wp-block-spacer\"><\/div>\n\n\n\n<p class=\"has-neutral-background-color has-background\"><strong>Appreciative Inquiry (AI)<\/strong> ist ein kollaborativer Ansatz der Organisationsentwicklung, der sich auf die St\u00e4rken einer Organisation oder eines Teams fokussiert \u2013 und nicht auf die Defizite.<br><br>Denn Systeme entwickeln sich immer in die Richtung, auf die wir unsere Aufmerksamkeit richten.<\/p>\n\n\n\n<p>Stellen Sie sich vor:<br>Beginnen Sie eine Teamsitzung mit der Frage <em>\u00abWas ist schiefgelaufen?\u00bb<\/em>, landen Sie schnell an einer Klagemauer.<br>Fragen Sie dagegen <em>\u00abWas lief diese Woche besonders gut?\u00bb<\/em>, \u00f6ffnen Sie Raum f\u00fcr Inspiration und erkennen die St\u00e4rken Ihres Teams.<\/p>\n\n\n\n<h2 class=\"wp-block-heading\">Die Kraft der wertsch\u00e4tzenden Erkundung<\/h2>\n\n\n\n<p>Appreciative Inquiry, oder Wertsch\u00e4tzende Unternehmensberatung, l\u00e4dt zur <strong>Erkundung <\/strong>und <strong>Entdeckung <\/strong>ein: Es geht darum, kraftvolle Fragen zu stellen, offen f\u00fcr neue Potenziale zu sein und bestehende St\u00e4rken sowie Erfolge sichtbar zu machen.<br><br>&#8220;Wertsch\u00e4tzend&#8221; bedeutet, das Bestehende zu w\u00fcrdigen und das zu erkennen, was Energie und Exzellenz f\u00f6rdert.<\/p>\n\n\n\n<p>AI ist keine starre Methode, sondern ein <strong>flexibler An<\/strong>satz mit festen Grundprinzipien:<\/p>\n\n\n\n<div class=\"wp-block-columns is-layout-flex wp-container-core-columns-is-layout-28f84493 wp-block-columns-is-layout-flex\">\n<div class=\"wp-block-column is-layout-flow wp-block-column-is-layout-flow\">\n<div style=\"height:13px\" aria-hidden=\"true\" class=\"wp-block-spacer\"><\/div>\n\n\n\n<ul class=\"wp-block-list\">\n<li><strong>Dialogorientiert<\/strong>: Fragen und Gespr\u00e4che stehen im Zentrum.<\/li>\n\n\n\n<li><strong>Systemisch<\/strong>: Alle Beteiligten werden einbezogen.<\/li>\n\n\n\n<li><strong>Positiv fokussiert<\/strong>: Positive Fragen f\u00fchren zu positiver Ver\u00e4nderung.<\/li>\n\n\n\n<li><strong>Zukunftsorientiert<\/strong>: Gemeinsame Visionen inspirieren zu konkretem Handeln.<\/li>\n<\/ul>\n<\/div>\n\n\n\n<div class=\"wp-block-column is-layout-flow wp-block-column-is-layout-flow\">\n<figure class=\"wp-block-image size-full is-resized\"><img decoding=\"async\" src=\"https:\/\/www.culture-relations.net\/wp-content\/uploads\/2025\/05\/Ai_-5-PRINCIPLES-ENGLISH.png\" alt=\"\" class=\"wp-image-7779\" style=\"width:395px;height:auto\"\/><\/figure>\n<\/div>\n<\/div>\n\n\n\n<p>Der <strong>F\u00fcnf-D-Zyklus<\/strong> bietet einen klaren Rahmen, um gemeinsam Initiativen zur Entwicklung zu gestalten:<\/p>\n\n\n\n<div class=\"wp-block-columns is-layout-flex wp-container-core-columns-is-layout-28f84493 wp-block-columns-is-layout-flex\">\n<div class=\"wp-block-column is-layout-flow wp-block-column-is-layout-flow\">\n<figure class=\"wp-block-image size-full is-resized\"><img decoding=\"async\" src=\"https:\/\/www.culture-relations.net\/wp-content\/uploads\/2025\/05\/AI_-_5_D_-_E.png\" alt=\"\" class=\"wp-image-7785\" style=\"width:399px;height:auto\"\/><\/figure>\n<\/div>\n\n\n\n<div class=\"wp-block-column is-layout-flow wp-block-column-is-layout-flow\">\n<div style=\"height:8px\" aria-hidden=\"true\" class=\"wp-block-spacer\"><\/div>\n\n\n\n<ul class=\"wp-block-list\">\n<li><strong>Define<\/strong> \u2013 Kl\u00e4rung des Projektschwerpunkts: Welche Fragen m\u00f6chten wir gemeinsam erforschen?<\/li>\n\n\n\n<li><strong>Discover<\/strong> \u2013 Entdeckung von Erfolgen und H\u00f6hepunkten durch gegenseitiges Erz\u00e4hlen und Zuh\u00f6ren.<\/li>\n\n\n\n<li><strong>Dream<\/strong> \u2013 Entwicklung einer gemeinsamen Vision der idealen Zukunft auf Basis vergangener Erfolge.<\/li>\n\n\n\n<li><strong>Design<\/strong> \u2013 Gemeinsames Entwerfen der Schritte, um diese Vision Realit\u00e4t werden zu lassen.<\/li>\n\n\n\n<li><strong>Deliver<\/strong> \u2013 Umsetzung der entwickelten Massnahmen.<\/li>\n<\/ul>\n<\/div>\n<\/div>\n\n\n\n<div class=\"wp-block-columns is-layout-flex wp-container-core-columns-is-layout-28f84493 wp-block-columns-is-layout-flex\">\n<div class=\"wp-block-column is-layout-flow wp-block-column-is-layout-flow\">\n<div style=\"height:43px\" aria-hidden=\"true\" class=\"wp-block-spacer\"><\/div>\n\n\n\n<p><strong>Wertsch\u00e4tzende Dialogue <\/strong>sind eine zentrale S\u00e4ule der Appreciative Inquiry und dienen als Katalysator f\u00fcr jeden Ver\u00e4nderungsprozess. Sie sind ein kraftvolles Instrument, um St\u00e4rken aufzudecken, Zusammenarbeit zu f\u00f6rdern und innovative L\u00f6sungen zu inspirieren, die auch in jedem Teamkontext effektiv angewendet werden k\u00f6nnen.<\/p>\n<\/div>\n\n\n\n<div class=\"wp-block-column is-layout-flow wp-block-column-is-layout-flow\">\n<figure class=\"wp-block-image size-large\"><img loading=\"lazy\" decoding=\"async\" width=\"1024\" height=\"516\" src=\"https:\/\/www.culture-relations.net\/wp-content\/uploads\/2025\/05\/AI_-_INTERVIEW_E-1-1024x516.png\" alt=\"\" class=\"wp-image-7794\" srcset=\"https:\/\/www.culture-relations.net\/wp-content\/uploads\/2025\/05\/AI_-_INTERVIEW_E-1-1024x516.png 1024w, https:\/\/www.culture-relations.net\/wp-content\/uploads\/2025\/05\/AI_-_INTERVIEW_E-1-350x176.png 350w, https:\/\/www.culture-relations.net\/wp-content\/uploads\/2025\/05\/AI_-_INTERVIEW_E-1-768x387.png 768w\" sizes=\"auto, (max-width: 1024px) 100vw, 1024px\" \/><\/figure>\n<\/div>\n<\/div>\n\n\n\n<div style=\"height:20px\" aria-hidden=\"true\" class=\"wp-block-spacer\"><\/div>\n\n\n\n<p class=\"has-neutral-background-color has-background\">\u2192 Jedes Mal, wenn ich mit Teams arbeite \u2013 ob klein oder gross \u2013, erlebe ich, wie kraftvoll positive Gespr\u00e4che wirken.<br>Die Arbeit mit Bildern (&#8220;<em>the power of images<\/em>&#8220;) und die bewusste Gestaltung von Sprache (&#8220;<em>words create worlds<\/em>&#8220;) pr\u00e4gen meine Herangehensweise \u2013 nicht nur in AI-Projekten, sondern in allem was ich tue.<\/p>\n\n\n\n<div style=\"height:50px\" aria-hidden=\"true\" class=\"wp-block-spacer\"><\/div>\n\n\n\n<hr class=\"wp-block-separator has-css-opacity\"\/>\n\n\n\n<p class=\"has-small-font-size\">*David Cooperrider und Suresh Srivastva haben Appreciative Inquiry 1990 mit ihrem Werk<em> &#8220;Appreciative Management and Leadership: The Power of Positive Thought in Organizations&#8221; <\/em>weltweit bekannt gemacht.<\/p>\n<\/div>\n","protected":false},"excerpt":{"rendered":"<p>Positive Ver\u00e4nderungen durch Appreciative Inquiry (AI) f\u00f6rdern Appreciative Inquiry (AI) ist ein kollaborativer Ansatz der Organisationsentwicklung, der sich auf die St\u00e4rken einer Organisation oder eines Teams fokussiert \u2013 und nicht auf die Defizite. Denn Systeme entwickeln sich immer in die Richtung, auf die wir unsere Aufmerksamkeit richten. Stellen Sie sich vor:Beginnen Sie eine Teamsitzung mit [&hellip;]<\/p>\n","protected":false},"author":1,"featured_media":0,"parent":1083,"menu_order":0,"comment_status":"closed","ping_status":"closed","template":"content-pages-OD.php","meta":{"_genesis_hide_title":false,"_genesis_hide_breadcrumbs":false,"_genesis_hide_singular_image":false,"_genesis_hide_footer_widgets":false,"_genesis_custom_body_class":"","_genesis_custom_post_class":"","_genesis_layout":"","footnotes":""},"class_list":{"0":"post-2349","1":"page","2":"type-page","3":"status-publish","5":"entry"},"_links":{"self":[{"href":"https:\/\/www.culture-relations.net\/de\/wp-json\/wp\/v2\/pages\/2349","targetHints":{"allow":["GET"]}}],"collection":[{"href":"https:\/\/www.culture-relations.net\/de\/wp-json\/wp\/v2\/pages"}],"about":[{"href":"https:\/\/www.culture-relations.net\/de\/wp-json\/wp\/v2\/types\/page"}],"author":[{"embeddable":true,"href":"https:\/\/www.culture-relations.net\/de\/wp-json\/wp\/v2\/users\/1"}],"replies":[{"embeddable":true,"href":"https:\/\/www.culture-relations.net\/de\/wp-json\/wp\/v2\/comments?post=2349"}],"version-history":[{"count":4,"href":"https:\/\/www.culture-relations.net\/de\/wp-json\/wp\/v2\/pages\/2349\/revisions"}],"predecessor-version":[{"id":7851,"href":"https:\/\/www.culture-relations.net\/de\/wp-json\/wp\/v2\/pages\/2349\/revisions\/7851"}],"up":[{"embeddable":true,"href":"https:\/\/www.culture-relations.net\/de\/wp-json\/wp\/v2\/pages\/1083"}],"wp:attachment":[{"href":"https:\/\/www.culture-relations.net\/de\/wp-json\/wp\/v2\/media?parent=2349"}],"curies":[{"name":"wp","href":"https:\/\/api.w.org\/{rel}","templated":true}]}}