{"id":2534,"date":"2018-05-16T17:29:25","date_gmt":"2018-05-16T15:29:25","guid":{"rendered":"https:\/\/www.culture-relations.net\/fuehrungspraesenz\/leading-others\/"},"modified":"2025-05-25T10:48:18","modified_gmt":"2025-05-25T08:48:18","slug":"andere-fuehren","status":"publish","type":"page","link":"https:\/\/www.culture-relations.net\/de\/fuehrungspraesenz\/andere-fuehren\/","title":{"rendered":"Andere f\u00fchren"},"content":{"rendered":"\n<div class=\"wp-block-group has-global-padding is-layout-constrained wp-block-group-is-layout-constrained\">\n<h3 class=\"wp-block-heading has-text-align-center has-green-color has-text-color has-link-color wp-elements-88b0fc212d9805cbfd7c307cb746b700\"><strong><strong><strong>Leadership ist keine Funktion \u2013 es ist eine innere Haltung in Aktion.<\/strong><\/strong><\/strong><\/h3>\n\n\n\n<p>Peter Drucker beschrieb die Rolle von F\u00fchrungskr\u00e4ften mit <strong>f\u00fcnf zentralen Aufgaben<\/strong>:<\/p>\n\n\n\n<div class=\"wp-block-columns is-layout-flex wp-container-core-columns-is-layout-28f84493 wp-block-columns-is-layout-flex\">\n<div class=\"wp-block-column is-layout-flow wp-block-column-is-layout-flow\" style=\"flex-basis:45%\">\n<div style=\"height:25px\" aria-hidden=\"true\" class=\"wp-block-spacer\"><\/div>\n\n\n\n<ul class=\"wp-block-list\">\n<li><strong>Ziele <\/strong>setzen<br><\/li>\n\n\n\n<li>Arbeit <strong>organisieren<\/strong><br><\/li>\n\n\n\n<li><strong>Motivieren <\/strong>und kommunizieren<br><\/li>\n\n\n\n<li>Leistung <strong>messen<\/strong><br><\/li>\n\n\n\n<li>Menschen <strong>entwickeln <\/strong>\u2013 auch sich selbst<\/li>\n<\/ul>\n<\/div>\n\n\n\n<div class=\"wp-block-column is-layout-flow wp-block-column-is-layout-flow\" style=\"flex-basis:55%\">\n<figure class=\"wp-block-image alignleft size-large is-resized\"><img loading=\"lazy\" decoding=\"async\" width=\"1024\" height=\"754\" src=\"https:\/\/www.culture-relations.net\/wp-content\/uploads\/2025\/05\/Vierge-1-1024x754.png\" alt=\"\" class=\"wp-image-8266\" style=\"width:350px\" srcset=\"https:\/\/www.culture-relations.net\/wp-content\/uploads\/2025\/05\/Vierge-1-1024x754.png 1024w, https:\/\/www.culture-relations.net\/wp-content\/uploads\/2025\/05\/Vierge-1-350x258.png 350w, https:\/\/www.culture-relations.net\/wp-content\/uploads\/2025\/05\/Vierge-1-768x565.png 768w, https:\/\/www.culture-relations.net\/wp-content\/uploads\/2025\/05\/Vierge-1-1536x1131.png 1536w, https:\/\/www.culture-relations.net\/wp-content\/uploads\/2025\/05\/Vierge-1.png 1895w\" sizes=\"auto, (max-width: 1024px) 100vw, 1024px\" \/><\/figure>\n<\/div>\n<\/div>\n\n\n\n<p>Doch <strong>f\u00fchren<\/strong> bedeutet mehr als managen. <br>Es heisst, <strong>mit Menschen zu arbeiten und durch sie Wirkung zu erzielen<\/strong>. <br>Nicht durch Autorit\u00e4t, sondern durch <strong>Vertrauen <\/strong>und Einfluss<\/p>\n\n\n\n<blockquote class=\"wp-block-quote has-green-color has-text-color has-link-color wp-elements-409f7231f3f41a54228f1f68bfc51c04 is-layout-flow wp-block-quote-is-layout-flow\">\n<p>\u201c Die einzige Definition eines Leaders ist: jemand, dem andere folgen.&#8221;<\/p>\n<cite>&#8211; Peter Drucker <\/cite><\/blockquote>\n\n\n\n<h2 class=\"wp-block-heading\">Was starke F\u00fchrungspers\u00f6nlichkeiten auszeichnet<\/h2>\n\n\n\n<p>Gute F\u00fchrung wird nicht angeboren \u2013 sie wird entwickelt.<br>Effektive Leader arbeiten an <strong>Pr\u00e4senz<\/strong>, <strong>Bewusstsein <\/strong>und <strong>Kommunikation<\/strong>, die wirklich ankommt.<\/p>\n\n\n\n<figure class=\"wp-block-image aligncenter size-large is-resized\"><img loading=\"lazy\" decoding=\"async\" width=\"1024\" height=\"729\" src=\"https:\/\/www.culture-relations.net\/wp-content\/uploads\/2025\/05\/Vierge-1-1-1024x729.png\" alt=\"\" class=\"wp-image-8270\" style=\"width:500px\" srcset=\"https:\/\/www.culture-relations.net\/wp-content\/uploads\/2025\/05\/Vierge-1-1-1024x729.png 1024w, https:\/\/www.culture-relations.net\/wp-content\/uploads\/2025\/05\/Vierge-1-1-350x249.png 350w, https:\/\/www.culture-relations.net\/wp-content\/uploads\/2025\/05\/Vierge-1-1-768x547.png 768w, https:\/\/www.culture-relations.net\/wp-content\/uploads\/2025\/05\/Vierge-1-1-1536x1094.png 1536w, https:\/\/www.culture-relations.net\/wp-content\/uploads\/2025\/05\/Vierge-1-1.png 1800w\" sizes=\"auto, (max-width: 1024px) 100vw, 1024px\" \/><\/figure>\n\n\n\n<div class=\"wp-block-columns is-layout-flex wp-container-core-columns-is-layout-28f84493 wp-block-columns-is-layout-flex\">\n<div class=\"wp-block-column is-layout-flow wp-block-column-is-layout-flow\">\n<p><strong><strong><strong>1. Sie f\u00fchren mit Authentizit\u00e4t<\/strong><\/strong><\/strong><\/p>\n\n\n\n<p>Echte F\u00fchrung beginnt mit Selbstkenntnis. Wenn Handeln und Werte \u00fcbereinstimmen, entsteht Vertrauen. <br>Authentizit\u00e4t schafft Glaubw\u00fcrdigkeit \u2013 nicht Perfektion.<br><\/p>\n<\/div>\n\n\n\n<div class=\"wp-block-column is-layout-flow wp-block-column-is-layout-flow\">\n<p><strong><strong><strong><strong>2. Sie sind pr\u00e4sent<\/strong><\/strong><\/strong><\/strong><\/p>\n\n\n\n<p>F\u00fchrung entsteht in der Qualit\u00e4t der Begegnung. <br>Wer ganz da ist, gibt dem Gegen\u00fcber Wertsch\u00e4tzung \u2013 das motiviert. <br>Pr\u00e4senz bedeutet auch, spontan und flexibel auf Ver\u00e4nderungen zu reagieren.<\/p>\n<\/div>\n\n\n\n<div class=\"wp-block-column is-layout-flow wp-block-column-is-layout-flow\">\n<p><strong><strong><strong>3. Sie kommunizieren mit Klarheit und Wirkung.<\/strong><\/strong><\/strong><br>F\u00fchrung ist Kommunikation \u2013 nicht nur auf der B\u00fchne, sondern in jedem Gespr\u00e4ch.<br>Sie zeigt sich im Zuh\u00f6ren, im Ausdruck, in der K\u00f6rpersprache \u2013 in der Art, wie wir erscheinen.<\/p>\n<\/div>\n<\/div>\n\n\n\n<div style=\"height:18px\" aria-hidden=\"true\" class=\"wp-block-spacer\"><\/div>\n\n\n\n<h2 class=\"wp-block-heading\">Die Kraft verk\u00f6rperter F\u00fchrung<\/h2>\n\n\n\n<p>F\u00fchrung bedeutet nicht nur, was man sagt, sondern wie man auftritt. Wie Schauspieler nutzen starke F\u00fchrungskr\u00e4fte <strong>Stimme<\/strong>, <strong>K\u00f6rper <\/strong>und <strong>Pr\u00e4senz<\/strong>, um zu inspirieren und zu verbinden.<br><br>Mit Techniken aus <strong>Theater <\/strong>und <strong>Improvisation <\/strong>lernen sie, geerdet zu bleiben, flexibel zu reagieren und Geschichten zu erz\u00e4hlen, die wirken. Das sind keine B\u00fchnen-Tricks, sondern essenzielle F\u00fchrungstools von heute.<\/p>\n\n\n\n<blockquote class=\"wp-block-quote has-green-color has-text-color has-link-color wp-elements-38331fc697874f374b1c59e7960426cb is-layout-flow wp-block-quote-is-layout-flow\">\n<p>\u201c 80 Prozent des Erfolgs bestehen darin, einfach da zu sein.&#8221;<\/p>\n<cite>&#8211; Woody Allen<\/cite><\/blockquote>\n\n\n\n<h2 class=\"wp-block-heading\">Vom Performer zum Heiler: Neue Wege der F\u00fchrung<\/h2>\n\n\n\n<p>Dieser Ansatz spiegelt die Philosophie von Nicholas Jannis Buch <em>Leader as Healer<\/em> wider. <br>Er fordert F\u00fchrungskr\u00e4fte dazu auf, sich von rein leistungsorientierten Modellen zu l\u00f6sen und stattdessen mit mehr Pr\u00e4senz, emotionaler Intelligenz und Authentizit\u00e4t zu f\u00fchren. <br><br>F\u00fcr Janni entsteht wahre F\u00fchrung durch die Integration von <strong>Verstand<\/strong>, <strong>K\u00f6rper <\/strong>und <strong>Herz <\/strong>\u2013 genau das, was verk\u00f6rperte F\u00fchrung f\u00f6rdert. <br>F\u00fchrung bedeutet dann nicht mehr nur <em><strong>Tun<\/strong><\/em>, sondern vor allem <strong><em>Sein<\/em> <\/strong>\u2013 <strong>im Einklang mit sich selbst, mit anderen und dem Moment.<\/strong><br><\/p>\n\n\n\n<figure class=\"wp-block-image aligncenter size-full is-resized\"><img decoding=\"async\" src=\"https:\/\/www.culture-relations.net\/wp-content\/uploads\/2025\/05\/JANNI_D_Leader_als_Helier_Deutsch_-1.png\" alt=\"\" class=\"wp-image-8145\" style=\"width:722px;height:auto\"\/><\/figure>\n\n\n\n<div style=\"height:42px\" aria-hidden=\"true\" class=\"wp-block-spacer\"><\/div>\n\n\n\n<p class=\"has-neutral-background-color has-background\">\u2192&nbsp; <strong>Von der Selbstkenntnis zur Inspiration<\/strong>: F\u00fchrung bedeutet, Menschen f\u00fcr ein gemeinsames Ziel zu gewinnen \u2013 und sie zu bef\u00e4higen, es mitzutragen und mitzugestalten.<br><br>Und das beginnt mit einem bewussten Auftreten: <strong>authentisch, fokussiert und pr\u00e4sent.<\/strong><\/p>\n\n\n\n<div style=\"height:59px\" aria-hidden=\"true\" class=\"wp-block-spacer\"><\/div>\n\n\n\n<hr class=\"wp-block-separator has-css-opacity\"\/>\n\n\n\n<p class=\"has-small-font-size\">* Peter F. Drucker (1909 \u2013 2005), Pionier des modernen Managements, <em>\u201cThe Essential Drucker\u201d, 2001<br><\/em>* Heywood &#8220;Woody&#8221; Allen, US-amerikanischer Schauspieler und Regisseur  <br>* Nicholas Janni, <em>&#8220;Leader as Healer&#8221; <\/em>, 2022<\/p>\n<\/div>\n","protected":false},"excerpt":{"rendered":"<p>Leadership ist keine Funktion \u2013 es ist eine innere Haltung in Aktion. Peter Drucker beschrieb die Rolle von F\u00fchrungskr\u00e4ften mit f\u00fcnf zentralen Aufgaben: Doch f\u00fchren bedeutet mehr als managen. Es heisst, mit Menschen zu arbeiten und durch sie Wirkung zu erzielen. Nicht durch Autorit\u00e4t, sondern durch Vertrauen und Einfluss \u201c Die einzige Definition eines Leaders [&hellip;]<\/p>\n","protected":false},"author":1,"featured_media":0,"parent":1076,"menu_order":0,"comment_status":"closed","ping_status":"closed","template":"content-pages-PL.php","meta":{"_genesis_hide_title":false,"_genesis_hide_breadcrumbs":false,"_genesis_hide_singular_image":false,"_genesis_hide_footer_widgets":false,"_genesis_custom_body_class":"","_genesis_custom_post_class":"","_genesis_layout":"","footnotes":""},"class_list":{"0":"post-2534","1":"page","2":"type-page","3":"status-publish","5":"entry"},"_links":{"self":[{"href":"https:\/\/www.culture-relations.net\/de\/wp-json\/wp\/v2\/pages\/2534","targetHints":{"allow":["GET"]}}],"collection":[{"href":"https:\/\/www.culture-relations.net\/de\/wp-json\/wp\/v2\/pages"}],"about":[{"href":"https:\/\/www.culture-relations.net\/de\/wp-json\/wp\/v2\/types\/page"}],"author":[{"embeddable":true,"href":"https:\/\/www.culture-relations.net\/de\/wp-json\/wp\/v2\/users\/1"}],"replies":[{"embeddable":true,"href":"https:\/\/www.culture-relations.net\/de\/wp-json\/wp\/v2\/comments?post=2534"}],"version-history":[{"count":7,"href":"https:\/\/www.culture-relations.net\/de\/wp-json\/wp\/v2\/pages\/2534\/revisions"}],"predecessor-version":[{"id":8274,"href":"https:\/\/www.culture-relations.net\/de\/wp-json\/wp\/v2\/pages\/2534\/revisions\/8274"}],"up":[{"embeddable":true,"href":"https:\/\/www.culture-relations.net\/de\/wp-json\/wp\/v2\/pages\/1076"}],"wp:attachment":[{"href":"https:\/\/www.culture-relations.net\/de\/wp-json\/wp\/v2\/media?parent=2534"}],"curies":[{"name":"wp","href":"https:\/\/api.w.org\/{rel}","templated":true}]}}