{"id":2745,"date":"2018-12-13T12:08:18","date_gmt":"2018-12-13T11:08:18","guid":{"rendered":"https:\/\/www.culture-relations.net\/?page_id=2745"},"modified":"2025-05-22T09:49:28","modified_gmt":"2025-05-22T07:49:28","slug":"beratungen","status":"publish","type":"page","link":"https:\/\/www.culture-relations.net\/de\/dienstleistungen\/beratungen\/","title":{"rendered":"Beratungen"},"content":{"rendered":"\n<p><em>In der Rolle des \u00abSparringspartners\u00bb Einzelpersonen, Teams und Organisationen in einen dynamischen Austausch verwickeln, um den Kunden bei der Entwicklung geeigneter Prozesse und L\u00f6sungen zu unterst\u00fctzen. <\/em><\/p>\n\n\n\n<h2 class=\"wp-block-heading\">Interkulturelle Kompetenz<\/h2>\n\n\n\n<p class=\"has-red-color has-text-color\"><em><strong>In einer von Unterschieden gepr\u00e4gten Welt arbeiten<\/strong><\/em><\/p>\n\n\n\n<ul class=\"wp-block-list\">\n<li>Einzelpersonen, Teams und Organisationen bei der Bew\u00e4ltigung interkultureller\/internationaler Herausforderungen unterst\u00fctzen<br><\/li>\n\n\n\n<li>Unternehmen bei Fusionen und \u00dcbernahmen unterst\u00fctzen<\/li>\n\n\n\n<li> Unternehmen bei der Erschliessung neuer internationaler M\u00e4rkte unterst\u00fctzen<\/li>\n<\/ul>\n\n\n\n<h2 class=\"wp-block-heading\">Organisationsentwicklung<\/h2>\n\n\n\n<p class=\"has-yellow-color has-text-color\"><em><strong>Anpassung an ein sich st\u00e4ndig ver\u00e4nderndes Umfeld<\/strong><\/em><\/p>\n\n\n\n<ul class=\"wp-block-list\">\n<li>Teams und Organisationen bei Neuausrichtungen unterst\u00fctzen<\/li>\n\n\n\n<li>Einzelpersonen, Teams und Organisationen bei Ver\u00e4nderungsprozessen unterst\u00fctzen <\/li>\n<\/ul>\n\n\n\n<h2 class=\"wp-block-heading\">BNG-basierter Ansatz <\/h2>\n\n\n\n<p class=\"has-blue-color has-text-color\"><em><strong>Gleichgewicht zwischen materiellen und nicht materiellen Werten<\/strong><\/em><\/p>\n\n\n\n<ul class=\"wp-block-list\">\n<li>Organisationen und Unternehmen beim Aufbau einer BNG-basierten Sozialverantwortung unterst\u00fctzen<\/li>\n<\/ul>\n\n\n\n<div style=\"height:30px\" aria-hidden=\"true\" class=\"wp-block-spacer\"><\/div>\n\n\n\n<figure class=\"wp-block-gallery has-nested-images columns-default is-cropped wp-block-gallery-1 is-layout-flex wp-block-gallery-is-layout-flex\">\n<figure class=\"wp-block-image\"><a href=\"https:\/\/www.culture-relations.net\/wp-content\/uploads\/2018\/12\/03-Consultations-01.jpg\"><img loading=\"lazy\" decoding=\"async\" width=\"1024\" height=\"683\" data-id=\"3217\" src=\"https:\/\/www.culture-relations.net\/wp-content\/uploads\/2018\/12\/03-Consultations-01-1024x683.jpg\" alt=\"\" class=\"wp-image-3217\" srcset=\"https:\/\/www.culture-relations.net\/wp-content\/uploads\/2018\/12\/03-Consultations-01-1024x683.jpg 1024w, https:\/\/www.culture-relations.net\/wp-content\/uploads\/2018\/12\/03-Consultations-01-400x267.jpg 400w, https:\/\/www.culture-relations.net\/wp-content\/uploads\/2018\/12\/03-Consultations-01-768x512.jpg 768w, https:\/\/www.culture-relations.net\/wp-content\/uploads\/2018\/12\/03-Consultations-01.jpg 1500w\" sizes=\"auto, (max-width: 1024px) 100vw, 1024px\" \/><\/a><\/figure>\n\n\n\n<figure class=\"wp-block-image\"><a href=\"https:\/\/www.culture-relations.net\/wp-content\/uploads\/2018\/12\/03-Consultations-1.jpg\"><img decoding=\"async\" data-id=\"3220\" src=\"https:\/\/www.culture-relations.net\/wp-content\/uploads\/2018\/12\/03-Consultations-1.jpg\" alt=\"\" class=\"wp-image-3220\"\/><\/a><\/figure>\n\n\n\n<figure class=\"wp-block-image\"><a href=\"https:\/\/www.culture-relations.net\/wp-content\/uploads\/2019\/01\/Consultations-Tool.jpg\"><img loading=\"lazy\" decoding=\"async\" width=\"1024\" height=\"740\" data-id=\"5081\" src=\"https:\/\/www.culture-relations.net\/wp-content\/uploads\/2019\/01\/Consultations-Tool-1024x740.jpg\" alt=\"\" class=\"wp-image-5081\" srcset=\"https:\/\/www.culture-relations.net\/wp-content\/uploads\/2019\/01\/Consultations-Tool-1024x740.jpg 1024w, https:\/\/www.culture-relations.net\/wp-content\/uploads\/2019\/01\/Consultations-Tool-400x289.jpg 400w, https:\/\/www.culture-relations.net\/wp-content\/uploads\/2019\/01\/Consultations-Tool-768x555.jpg 768w, https:\/\/www.culture-relations.net\/wp-content\/uploads\/2019\/01\/Consultations-Tool.jpg 1500w\" sizes=\"auto, (max-width: 1024px) 100vw, 1024px\" \/><\/a><\/figure>\n<\/figure>\n","protected":false},"excerpt":{"rendered":"<p>In der Rolle des \u00abSparringspartners\u00bb Einzelpersonen, Teams und Organisationen in einen dynamischen Austausch verwickeln, um den Kunden bei der Entwicklung geeigneter Prozesse und L\u00f6sungen zu unterst\u00fctzen. Interkulturelle Kompetenz In einer von Unterschieden gepr\u00e4gten Welt arbeiten Organisationsentwicklung Anpassung an ein sich st\u00e4ndig ver\u00e4nderndes Umfeld BNG-basierter Ansatz Gleichgewicht zwischen materiellen und nicht materiellen Werten<\/p>\n","protected":false},"author":1,"featured_media":0,"parent":1142,"menu_order":0,"comment_status":"closed","ping_status":"closed","template":"content-pages-Services.php","meta":{"_genesis_hide_title":false,"_genesis_hide_breadcrumbs":false,"_genesis_hide_singular_image":false,"_genesis_hide_footer_widgets":false,"_genesis_custom_body_class":"","_genesis_custom_post_class":"","_genesis_layout":"","footnotes":""},"class_list":{"0":"post-2745","1":"page","2":"type-page","3":"status-publish","5":"entry"},"_links":{"self":[{"href":"https:\/\/www.culture-relations.net\/de\/wp-json\/wp\/v2\/pages\/2745","targetHints":{"allow":["GET"]}}],"collection":[{"href":"https:\/\/www.culture-relations.net\/de\/wp-json\/wp\/v2\/pages"}],"about":[{"href":"https:\/\/www.culture-relations.net\/de\/wp-json\/wp\/v2\/types\/page"}],"author":[{"embeddable":true,"href":"https:\/\/www.culture-relations.net\/de\/wp-json\/wp\/v2\/users\/1"}],"replies":[{"embeddable":true,"href":"https:\/\/www.culture-relations.net\/de\/wp-json\/wp\/v2\/comments?post=2745"}],"version-history":[{"count":1,"href":"https:\/\/www.culture-relations.net\/de\/wp-json\/wp\/v2\/pages\/2745\/revisions"}],"predecessor-version":[{"id":8102,"href":"https:\/\/www.culture-relations.net\/de\/wp-json\/wp\/v2\/pages\/2745\/revisions\/8102"}],"up":[{"embeddable":true,"href":"https:\/\/www.culture-relations.net\/de\/wp-json\/wp\/v2\/pages\/1142"}],"wp:attachment":[{"href":"https:\/\/www.culture-relations.net\/de\/wp-json\/wp\/v2\/media?parent=2745"}],"curies":[{"name":"wp","href":"https:\/\/api.w.org\/{rel}","templated":true}]}}