{"id":5168,"date":"2019-01-21T09:46:12","date_gmt":"2019-01-21T08:46:12","guid":{"rendered":"https:\/\/www.culture-relations.net\/?page_id=5168"},"modified":"2025-05-08T11:30:35","modified_gmt":"2025-05-08T09:30:35","slug":"datenschutz","status":"publish","type":"page","link":"https:\/\/www.culture-relations.net\/de\/datenschutz\/","title":{"rendered":"Datenschutz"},"content":{"rendered":"\n<h3 class=\"wp-block-heading\">Grundlegendes<\/h3>\n\n\n\n<p>Diese Datenschutzerkl\u00e4rung soll die Nutzer dieser Website \u00fcber die Art, den Umfang und den Zweck der Erhebung und    Verwendung personenbezogener Daten durch den Websitebetreiber    informieren. Der Websitebetreiber nimmt Ihren Datenschutz ernst und behandelt  personenbezogene Daten vertraulich und entsprechend der gesetzlichen Vorschriften. Durch neue Technologien und die st\u00e4ndige Weiterentwicklung dieser Webseite k\u00f6nnen \u00c4nderungen an dieser Datenschutzerkl\u00e4rung vorgenommen werden.<br>Definitionen der verwendeten Begriffe (z.B. \u201cpersonenbezogene Daten\u201d oder \u201cVerarbeitung\u201d) finden Sie in Art. 4 DSGVO.        <\/p>\n\n\n\n<p>Diese   Website verwendet ein SSL-Zertifikat, um eine Verschl\u00fcsselung von \u00fcbertragenen Daten zu gew\u00e4hrleisten. <br>Es werden grunds\u00e4tzlich bei einem rein informativen Besuch dieser Website keine Daten auf dem Server gespeichert, die  bestimmten Personen zugeordnet werden k\u00f6nnen. <\/p>\n\n\n\n<h3 class=\"wp-block-heading\">Personenbezogene Daten durch Kontaktaufnahme<\/h3>\n\n\n\n<p>Sofern Sie per E-Mail mit mir in Kontakt  treten,   werden die dabei von Ihnen angegebenen Daten zur Bearbeitung Ihrer Anfrage genutzt.<br>Ihre Daten werden gel\u00f6scht, sofern Ihre Anfrage abschliessend  beantwortet worden ist und der L\u00f6schung keine gesetzlichen    Aufbewahrungspflichten entgegenstehen.      <\/p>\n\n\n\n<h3 class=\"wp-block-heading\" id=\"heading_Ihre_Rechte\">Ihre Rechte<\/h3>\n\n\n\n<p>Ihnen stehen   grunds\u00e4tzlich die Rechte auf Auskunft,  Berichtigung, L\u00f6schung,   Einschr\u00e4nkung, Daten\u00fcbertragbarkeit, Widerruf  und Widerspruch zu. <\/p>\n\n\n\n<p>Sie erreichen mich unter folgenden Kontaktdaten: <\/p>\n\n\n\n<p><strong>CTRL Culture Relations \u2013 Ariane Curdy<\/strong><br>Avenue Sainte-Luce 4bis<br>1003 Lausanne<br>Schweiz<br>Telefon: +41-76-572 04 79<br>Email: <a href=\"mailto:ctrl@culture-relations.ch\">ctrl@culture-relations.ch<\/a><\/p>\n","protected":false},"excerpt":{"rendered":"<p>Grundlegendes Diese Datenschutzerkl\u00e4rung soll die Nutzer dieser Website \u00fcber die Art, den Umfang und den Zweck der Erhebung und Verwendung personenbezogener Daten durch den Websitebetreiber informieren. Der Websitebetreiber nimmt Ihren Datenschutz ernst und behandelt personenbezogene Daten vertraulich und entsprechend der gesetzlichen Vorschriften. Durch neue Technologien und die st\u00e4ndige Weiterentwicklung dieser Webseite k\u00f6nnen \u00c4nderungen an dieser [&hellip;]<\/p>\n","protected":false},"author":1,"featured_media":0,"parent":0,"menu_order":0,"comment_status":"closed","ping_status":"closed","template":"content-pages.php","meta":{"_genesis_hide_title":false,"_genesis_hide_breadcrumbs":false,"_genesis_hide_singular_image":false,"_genesis_hide_footer_widgets":false,"_genesis_custom_body_class":"","_genesis_custom_post_class":"","_genesis_layout":"","footnotes":""},"class_list":{"0":"post-5168","1":"page","2":"type-page","3":"status-publish","5":"entry"},"_links":{"self":[{"href":"https:\/\/www.culture-relations.net\/de\/wp-json\/wp\/v2\/pages\/5168","targetHints":{"allow":["GET"]}}],"collection":[{"href":"https:\/\/www.culture-relations.net\/de\/wp-json\/wp\/v2\/pages"}],"about":[{"href":"https:\/\/www.culture-relations.net\/de\/wp-json\/wp\/v2\/types\/page"}],"author":[{"embeddable":true,"href":"https:\/\/www.culture-relations.net\/de\/wp-json\/wp\/v2\/users\/1"}],"replies":[{"embeddable":true,"href":"https:\/\/www.culture-relations.net\/de\/wp-json\/wp\/v2\/comments?post=5168"}],"version-history":[{"count":2,"href":"https:\/\/www.culture-relations.net\/de\/wp-json\/wp\/v2\/pages\/5168\/revisions"}],"predecessor-version":[{"id":7283,"href":"https:\/\/www.culture-relations.net\/de\/wp-json\/wp\/v2\/pages\/5168\/revisions\/7283"}],"wp:attachment":[{"href":"https:\/\/www.culture-relations.net\/de\/wp-json\/wp\/v2\/media?parent=5168"}],"curies":[{"name":"wp","href":"https:\/\/api.w.org\/{rel}","templated":true}]}}