{"id":1017,"date":"2018-03-13T09:09:39","date_gmt":"2018-03-13T08:09:39","guid":{"rendered":"http:\/\/www.culture-relations.ch\/ctrl\/gross-national-happiness\/"},"modified":"2025-05-21T11:42:32","modified_gmt":"2025-05-21T09:42:32","slug":"approche-bnb","status":"publish","type":"page","link":"https:\/\/www.culture-relations.net\/fr\/approche-bnb\/","title":{"rendered":"Bonheur national brut (BNB)"},"content":{"rendered":"\n<h3 class=\"wp-block-heading has-text-align-center has-blue-color has-text-color has-link-color wp-elements-bde439d6eca3d1163f388de3ba05defa\">\u00c9quilibrer les b\u00e9n\u00e9fices mat\u00e9riels et immat\u00e9riels<\/h3>\n\n\n\n<div class=\"wp-block-group has-global-padding is-layout-constrained wp-container-core-group-is-layout-f36bc466 wp-block-group-is-layout-constrained\">\n<div class=\"wp-block-group overview has-caveat-font-family has-26-font-size is-layout-grid wp-container-core-group-is-layout-6c450118 wp-block-group-is-layout-grid\" style=\"padding-top:var(--wp--preset--spacing--20);padding-bottom:var(--wp--preset--spacing--20);line-height:1.2\">\n<div class=\"wp-block-group overview-box has-global-padding is-layout-constrained wp-block-group-is-layout-constrained\">\n<figure class=\"wp-block-image aligncenter size-full is-resized\"><a href=\"https:\/\/www.culture-relations.net\/fr\/approche-bnb\/histoire-bnb\/\"><img loading=\"lazy\" decoding=\"async\" width=\"548\" height=\"300\" src=\"https:\/\/www.culture-relations.net\/wp-content\/uploads\/2025\/05\/F_04.01_BNB_Francais.png\" alt=\"\" class=\"wp-image-7989\" style=\"width:auto;height:90px\" srcset=\"https:\/\/www.culture-relations.net\/wp-content\/uploads\/2025\/05\/F_04.01_BNB_Francais.png 548w, https:\/\/www.culture-relations.net\/wp-content\/uploads\/2025\/05\/F_04.01_BNB_Francais-350x192.png 350w\" sizes=\"auto, (max-width: 548px) 100vw, 548px\" \/><\/a><\/figure>\n\n\n\n<p class=\"has-text-align-center\"><a href=\"https:\/\/www.culture-relations.net\/fr\/approche-bnb\/histoire-bnb\/\">Histoire du BNB<\/a><\/p>\n\n\n\n<p><a href=\"https:\/\/www.culture-relations.net\/presence-leadership\/leading-others\/\"><\/a><\/p>\n<\/div>\n\n\n\n<div class=\"wp-block-group overview-box has-global-padding is-layout-constrained wp-block-group-is-layout-constrained\">\n<figure class=\"wp-block-image aligncenter size-full is-resized\"><a href=\"https:\/\/www.culture-relations.net\/fr\/approche-bnb\/les-quatre-piliers-du-bnb\/\"><img loading=\"lazy\" decoding=\"async\" width=\"520\" height=\"300\" src=\"https:\/\/www.culture-relations.net\/wp-content\/uploads\/2025\/05\/F_04.02_BNB_4_Pil_Francais_.png\" alt=\"\" class=\"wp-image-7995\" style=\"width:auto;height:90px\" srcset=\"https:\/\/www.culture-relations.net\/wp-content\/uploads\/2025\/05\/F_04.02_BNB_4_Pil_Francais_.png 520w, https:\/\/www.culture-relations.net\/wp-content\/uploads\/2025\/05\/F_04.02_BNB_4_Pil_Francais_-350x202.png 350w\" sizes=\"auto, (max-width: 520px) 100vw, 520px\" \/><\/a><\/figure>\n\n\n\n<p class=\"has-text-align-center\"><a href=\"https:\/\/www.culture-relations.net\/fr\/approche-bnb\/les-quatre-piliers-du-bnb\/\">Les quatre piliers du BNB<\/a><\/p>\n\n\n\n<p><a href=\"https:\/\/www.culture-relations.net\/presence-leadership\/leading-others\/\"><\/a><\/p>\n<\/div>\n\n\n\n<div class=\"wp-block-group overview-box has-global-padding is-layout-constrained wp-block-group-is-layout-constrained\">\n<figure class=\"wp-block-image aligncenter size-full is-resized\"><a href=\"https:\/\/www.culture-relations.net\/fr\/approche-bnb\/le-bnb-comme-outil-de-developpement-personnel\/\"><img loading=\"lazy\" decoding=\"async\" width=\"335\" height=\"300\" src=\"https:\/\/www.culture-relations.net\/wp-content\/uploads\/2025\/05\/A_04.03_Personal_D_F_E.png\" alt=\"\" class=\"wp-image-7981\" style=\"width:auto;height:90px\"\/><\/a><\/figure>\n\n\n\n<p class=\"has-text-align-center\"><a href=\"https:\/\/www.culture-relations.net\/fr\/approche-bnb\/le-bnb-comme-outil-de-developpement-personnel\/\">Outil de d\u00e9veloppement personnel<\/a><\/p>\n\n\n\n<p><a href=\"https:\/\/www.culture-relations.net\/presence-leadership\/leading-others\/\"><\/a><\/p>\n<\/div>\n\n\n\n<div class=\"wp-block-group overview-box has-global-padding is-layout-constrained wp-block-group-is-layout-constrained\">\n<figure class=\"wp-block-image aligncenter size-full is-resized\"><a href=\"https:\/\/www.culture-relations.net\/fr\/approche-bnb\/le-bnb-comme-outil-de-controle-des-entreprises\/\"><img loading=\"lazy\" decoding=\"async\" width=\"529\" height=\"300\" src=\"https:\/\/www.culture-relations.net\/wp-content\/uploads\/2025\/05\/A_04.04_Business_F_D_E.png\" alt=\"\" class=\"wp-image-7986\" style=\"width:auto;height:80px\" srcset=\"https:\/\/www.culture-relations.net\/wp-content\/uploads\/2025\/05\/A_04.04_Business_F_D_E.png 529w, https:\/\/www.culture-relations.net\/wp-content\/uploads\/2025\/05\/A_04.04_Business_F_D_E-350x198.png 350w\" sizes=\"auto, (max-width: 529px) 100vw, 529px\" \/><\/a><\/figure>\n\n\n\n<p class=\"has-text-align-center\"><a href=\"https:\/\/www.culture-relations.net\/fr\/approche-bnb\/le-bnb-comme-outil-de-controle-des-entreprises\/\">Outil de contr\u00f4le des entreprises<\/a><\/p>\n\n\n\n<p><a href=\"https:\/\/www.culture-relations.net\/presence-leadership\/leading-others\/\"><\/a><\/p>\n<\/div>\n<\/div>\n<\/div>\n\n\n\n<p class=\"has-text-align-center has-blue-color has-text-color has-medium-font-size\"><strong>Am\u00e9liorer la satisfaction des clients et des employ\u00e9s<\/strong><\/p>\n\n\n\n<div class=\"wp-block-group overview has-caveat-font-family has-26-font-size is-content-justification-center is-nowrap is-layout-flex wp-container-core-group-is-layout-c0b7569f wp-block-group-is-layout-flex\" style=\"padding-top:var(--wp--preset--spacing--20);padding-bottom:var(--wp--preset--spacing--20)\">\n<div class=\"wp-block-group overview-box has-global-padding is-layout-constrained wp-block-group-is-layout-constrained\">\n<figure class=\"wp-block-image aligncenter size-full is-resized\"><img loading=\"lazy\" decoding=\"async\" width=\"326\" height=\"300\" src=\"https:\/\/www.culture-relations.net\/wp-content\/uploads\/2025\/05\/A_00.00_Services.png\" alt=\"\" class=\"wp-image-7894\" style=\"width:auto;height:90px\"\/><\/figure>\n\n\n\n<p class=\"has-text-align-center\"><a href=\"https:\/\/www.culture-relations.net\/fr\/services\/\">Services<\/a><\/p>\n\n\n\n<p><a href=\"https:\/\/www.culture-relations.net\/presence-leadership\/leading-others\/\"><\/a><\/p>\n<\/div>\n<\/div>\n","protected":false},"excerpt":{"rendered":"<p>\u00c9quilibrer les b\u00e9n\u00e9fices mat\u00e9riels et immat\u00e9riels Histoire du BNB Les quatre piliers du BNB Outil de d\u00e9veloppement personnel Outil de contr\u00f4le des entreprises Am\u00e9liorer la satisfaction des clients et des employ\u00e9s Services<\/p>\n","protected":false},"author":1,"featured_media":0,"parent":0,"menu_order":0,"comment_status":"closed","ping_status":"closed","template":"overview-GNH.php","meta":{"_genesis_hide_title":false,"_genesis_hide_breadcrumbs":false,"_genesis_hide_singular_image":false,"_genesis_hide_footer_widgets":false,"_genesis_custom_body_class":"","_genesis_custom_post_class":"","_genesis_layout":"","footnotes":""},"class_list":{"0":"post-1017","1":"page","2":"type-page","3":"status-publish","5":"entry"},"_links":{"self":[{"href":"https:\/\/www.culture-relations.net\/fr\/wp-json\/wp\/v2\/pages\/1017","targetHints":{"allow":["GET"]}}],"collection":[{"href":"https:\/\/www.culture-relations.net\/fr\/wp-json\/wp\/v2\/pages"}],"about":[{"href":"https:\/\/www.culture-relations.net\/fr\/wp-json\/wp\/v2\/types\/page"}],"author":[{"embeddable":true,"href":"https:\/\/www.culture-relations.net\/fr\/wp-json\/wp\/v2\/users\/1"}],"replies":[{"embeddable":true,"href":"https:\/\/www.culture-relations.net\/fr\/wp-json\/wp\/v2\/comments?post=1017"}],"version-history":[{"count":8,"href":"https:\/\/www.culture-relations.net\/fr\/wp-json\/wp\/v2\/pages\/1017\/revisions"}],"predecessor-version":[{"id":8001,"href":"https:\/\/www.culture-relations.net\/fr\/wp-json\/wp\/v2\/pages\/1017\/revisions\/8001"}],"wp:attachment":[{"href":"https:\/\/www.culture-relations.net\/fr\/wp-json\/wp\/v2\/media?parent=1017"}],"curies":[{"name":"wp","href":"https:\/\/api.w.org\/{rel}","templated":true}]}}