{"id":1082,"date":"2018-03-13T09:08:49","date_gmt":"2018-03-13T08:08:49","guid":{"rendered":"http:\/\/www.culture-relations.ch\/ctrl\/organization-development\/"},"modified":"2025-05-21T09:48:20","modified_gmt":"2025-05-21T07:48:20","slug":"developpement-organisation","status":"publish","type":"page","link":"https:\/\/www.culture-relations.net\/fr\/developpement-organisation\/","title":{"rendered":"D\u00e9veloppement des organisations"},"content":{"rendered":"\n<h3 class=\"wp-block-heading has-text-align-center has-yellow-color has-text-color has-link-color wp-elements-e7ccaeedcc0b8fd9e033a5dd60c39a02\">S\u2019adapter \u00e0 un environnement en perp\u00e9tuelle \u00e9volution<\/h3>\n\n\n\n<div class=\"wp-block-group has-global-padding is-layout-constrained wp-container-core-group-is-layout-f36bc466 wp-block-group-is-layout-constrained\">\n<div class=\"wp-block-group overview has-caveat-font-family has-26-font-size is-layout-grid wp-container-core-group-is-layout-6c450118 wp-block-group-is-layout-grid\" style=\"padding-top:var(--wp--preset--spacing--20);padding-bottom:var(--wp--preset--spacing--20);line-height:1.2\">\n<div class=\"wp-block-group overview-box has-global-padding is-layout-constrained wp-block-group-is-layout-constrained\">\n<figure class=\"wp-block-image aligncenter size-full is-resized\"><a href=\"https:\/\/www.culture-relations.net\/fr\/developpement-organisation\/un-monde-vuca\/\"><img loading=\"lazy\" decoding=\"async\" width=\"520\" height=\"300\" src=\"https:\/\/www.culture-relations.net\/wp-content\/uploads\/2025\/05\/A_02.01_OD_VUCA.png\" alt=\"\" class=\"wp-image-7901\" style=\"width:auto;height:90px\" srcset=\"https:\/\/www.culture-relations.net\/wp-content\/uploads\/2025\/05\/A_02.01_OD_VUCA.png 520w, https:\/\/www.culture-relations.net\/wp-content\/uploads\/2025\/05\/A_02.01_OD_VUCA-350x202.png 350w\" sizes=\"auto, (max-width: 520px) 100vw, 520px\" \/><\/a><\/figure>\n\n\n\n<p class=\"has-text-align-center\"><a href=\"https:\/\/www.culture-relations.net\/fr\/developpement-organisation\/un-monde-vuca\/\">Un monde VUCA<\/a><\/p>\n\n\n\n<p><a href=\"https:\/\/www.culture-relations.net\/presence-leadership\/leading-others\/\"><\/a><\/p>\n<\/div>\n\n\n\n<div class=\"wp-block-group overview-box has-global-padding is-layout-constrained wp-block-group-is-layout-constrained\">\n<figure class=\"wp-block-image aligncenter size-full is-resized\"><a href=\"https:\/\/www.culture-relations.net\/fr\/developpement-organisation\/entretenir-un-equilibre-dynamique\/\"><img loading=\"lazy\" decoding=\"async\" width=\"477\" height=\"300\" src=\"https:\/\/www.culture-relations.net\/wp-content\/uploads\/2025\/05\/A_02.02_TCI.png\" alt=\"\" class=\"wp-image-7908\" style=\"width:auto;height:90px\" srcset=\"https:\/\/www.culture-relations.net\/wp-content\/uploads\/2025\/05\/A_02.02_TCI.png 477w, https:\/\/www.culture-relations.net\/wp-content\/uploads\/2025\/05\/A_02.02_TCI-350x220.png 350w\" sizes=\"auto, (max-width: 477px) 100vw, 477px\" \/><\/a><\/figure>\n\n\n\n<p class=\"has-text-align-center\"><a href=\"https:\/\/www.culture-relations.net\/fr\/developpement-organisation\/keeping-dynamic-balance\/\">Entretenir un \u00e9quilibre dynamique<\/a><\/p>\n\n\n\n<p><a href=\"https:\/\/www.culture-relations.net\/presence-leadership\/leading-others\/\"><\/a><\/p>\n<\/div>\n\n\n\n<div class=\"wp-block-group overview-box has-global-padding is-layout-constrained wp-block-group-is-layout-constrained\">\n<figure class=\"wp-block-image aligncenter size-full is-resized\"><a href=\"https:\/\/www.culture-relations.net\/fr\/developpement-organisation\/accompagner-la-transformation\/\"><img loading=\"lazy\" decoding=\"async\" width=\"480\" height=\"300\" src=\"https:\/\/www.culture-relations.net\/wp-content\/uploads\/2025\/05\/A_02.03_OD_Change.png\" alt=\"\" class=\"wp-image-7914\" style=\"width:auto;height:90px\" srcset=\"https:\/\/www.culture-relations.net\/wp-content\/uploads\/2025\/05\/A_02.03_OD_Change.png 480w, https:\/\/www.culture-relations.net\/wp-content\/uploads\/2025\/05\/A_02.03_OD_Change-350x219.png 350w\" sizes=\"auto, (max-width: 480px) 100vw, 480px\" \/><\/a><\/figure>\n\n\n\n<p class=\"has-text-align-center\"><a href=\"https:\/\/www.culture-relations.net\/fr\/developpement-organisation\/accompagner-la-transformation\/\" data-type=\"page\" data-id=\"2471\">Accompagner la transformation<\/a><\/p>\n\n\n\n<p><a href=\"https:\/\/www.culture-relations.net\/presence-leadership\/leading-others\/\"><\/a><\/p>\n<\/div>\n\n\n\n<div class=\"wp-block-group overview-box has-global-padding is-layout-constrained wp-block-group-is-layout-constrained\">\n<figure class=\"wp-block-image aligncenter size-full is-resized\"><a href=\"https:\/\/www.culture-relations.net\/fr\/developpement-organisation\/appreciative-inquiry-2\/\"><img loading=\"lazy\" decoding=\"async\" width=\"484\" height=\"300\" src=\"https:\/\/www.culture-relations.net\/wp-content\/uploads\/2025\/05\/A_02.04_OD_Appreciative_Inquiry_.png\" alt=\"\" class=\"wp-image-7920\" style=\"width:auto;height:90px\" srcset=\"https:\/\/www.culture-relations.net\/wp-content\/uploads\/2025\/05\/A_02.04_OD_Appreciative_Inquiry_.png 484w, https:\/\/www.culture-relations.net\/wp-content\/uploads\/2025\/05\/A_02.04_OD_Appreciative_Inquiry_-350x217.png 350w\" sizes=\"auto, (max-width: 484px) 100vw, 484px\" \/><\/a><\/figure>\n\n\n\n<p class=\"has-text-align-center\"><a href=\"https:\/\/www.culture-relations.net\/fr\/developpement-organisation\/appreciative-inquiry-2\/\">Appreciative Inquiry<\/a><\/p>\n\n\n\n<p><a href=\"https:\/\/www.culture-relations.net\/presence-leadership\/leading-others\/\"><\/a><\/p>\n<\/div>\n<\/div>\n<\/div>\n\n\n\n<p class=\"has-text-align-center has-yellow-color has-text-color has-medium-font-size\"><strong>Am\u00e9liorer l&#8217;efficacit\u00e9 organisationnelle<\/strong><\/p>\n\n\n\n<div class=\"wp-block-group overview has-caveat-font-family has-26-font-size is-content-justification-center is-nowrap is-layout-flex wp-container-core-group-is-layout-c0b7569f wp-block-group-is-layout-flex\" style=\"padding-top:var(--wp--preset--spacing--20);padding-bottom:var(--wp--preset--spacing--20)\">\n<div class=\"wp-block-group overview-box has-global-padding is-layout-constrained wp-block-group-is-layout-constrained\">\n<figure class=\"wp-block-image aligncenter size-full is-resized\"><a href=\"https:\/\/www.culture-relations.net\/fr\/services\/\"><img loading=\"lazy\" decoding=\"async\" width=\"326\" height=\"300\" src=\"https:\/\/www.culture-relations.net\/wp-content\/uploads\/2025\/05\/A_00.00_Services.png\" alt=\"\" class=\"wp-image-7894\" style=\"width:auto;height:90px\"\/><\/a><\/figure>\n\n\n\n<p class=\"has-text-align-center\"><a href=\"https:\/\/www.culture-relations.net\/fr\/services\/\">Services<\/a><\/p>\n\n\n\n<p><a href=\"https:\/\/www.culture-relations.net\/presence-leadership\/leading-others\/\"><\/a><\/p>\n<\/div>\n<\/div>\n","protected":false},"excerpt":{"rendered":"<p>S\u2019adapter \u00e0 un environnement en perp\u00e9tuelle \u00e9volution Un monde VUCA Entretenir un \u00e9quilibre dynamique Accompagner la transformation Appreciative Inquiry Am\u00e9liorer l&#8217;efficacit\u00e9 organisationnelle Services<\/p>\n","protected":false},"author":1,"featured_media":0,"parent":0,"menu_order":0,"comment_status":"closed","ping_status":"closed","template":"overviewOD.php","meta":{"_genesis_hide_title":false,"_genesis_hide_breadcrumbs":false,"_genesis_hide_singular_image":false,"_genesis_hide_footer_widgets":false,"_genesis_custom_body_class":"","_genesis_custom_post_class":"","_genesis_layout":"","footnotes":""},"class_list":{"0":"post-1082","1":"page","2":"type-page","3":"status-publish","5":"entry"},"_links":{"self":[{"href":"https:\/\/www.culture-relations.net\/fr\/wp-json\/wp\/v2\/pages\/1082","targetHints":{"allow":["GET"]}}],"collection":[{"href":"https:\/\/www.culture-relations.net\/fr\/wp-json\/wp\/v2\/pages"}],"about":[{"href":"https:\/\/www.culture-relations.net\/fr\/wp-json\/wp\/v2\/types\/page"}],"author":[{"embeddable":true,"href":"https:\/\/www.culture-relations.net\/fr\/wp-json\/wp\/v2\/users\/1"}],"replies":[{"embeddable":true,"href":"https:\/\/www.culture-relations.net\/fr\/wp-json\/wp\/v2\/comments?post=1082"}],"version-history":[{"count":14,"href":"https:\/\/www.culture-relations.net\/fr\/wp-json\/wp\/v2\/pages\/1082\/revisions"}],"predecessor-version":[{"id":7958,"href":"https:\/\/www.culture-relations.net\/fr\/wp-json\/wp\/v2\/pages\/1082\/revisions\/7958"}],"wp:attachment":[{"href":"https:\/\/www.culture-relations.net\/fr\/wp-json\/wp\/v2\/media?parent=1082"}],"curies":[{"name":"wp","href":"https:\/\/api.w.org\/{rel}","templated":true}]}}