{"id":1141,"date":"2018-07-09T09:11:16","date_gmt":"2018-07-09T07:11:16","guid":{"rendered":"http:\/\/www.culture-relations.ch\/ctrl\/services\/"},"modified":"2025-05-21T12:00:51","modified_gmt":"2025-05-21T10:00:51","slug":"services","status":"publish","type":"page","link":"https:\/\/www.culture-relations.net\/fr\/services\/","title":{"rendered":"Services"},"content":{"rendered":"\n<h3 class=\"wp-block-heading has-text-align-center\">Assur\u00e9s en personne par Ariane Curdy depuis 2001<em>&nbsp;<\/em><\/h3>\n\n\n\n<div class=\"wp-block-group has-global-padding is-layout-constrained wp-container-core-group-is-layout-f36bc466 wp-block-group-is-layout-constrained\">\n<div class=\"wp-block-group overview has-caveat-font-family has-26-font-size is-layout-grid wp-container-core-group-is-layout-6c450118 wp-block-group-is-layout-grid\" style=\"padding-top:var(--wp--preset--spacing--20);padding-bottom:var(--wp--preset--spacing--20);line-height:1.2\">\n<div class=\"wp-block-group overview-box has-global-padding is-layout-constrained wp-block-group-is-layout-constrained\">\n<figure class=\"wp-block-image aligncenter size-full is-resized\"><a href=\"https:\/\/www.culture-relations.net\/fr\/services\/formations\/\"><img loading=\"lazy\" decoding=\"async\" width=\"452\" height=\"300\" src=\"https:\/\/www.culture-relations.net\/wp-content\/uploads\/2025\/05\/A_06.01_Services_-Trainings.png\" alt=\"\" class=\"wp-image-8045\" style=\"width:auto;height:90px\" srcset=\"https:\/\/www.culture-relations.net\/wp-content\/uploads\/2025\/05\/A_06.01_Services_-Trainings.png 452w, https:\/\/www.culture-relations.net\/wp-content\/uploads\/2025\/05\/A_06.01_Services_-Trainings-350x232.png 350w\" sizes=\"auto, (max-width: 452px) 100vw, 452px\" \/><\/a><\/figure>\n\n\n\n<p class=\"has-text-align-center\"><a href=\"https:\/\/www.culture-relations.net\/fr\/services\/formations\/\">Formations<\/a><\/p>\n\n\n\n<p><a href=\"https:\/\/www.culture-relations.net\/presence-leadership\/leading-others\/\"><\/a><\/p>\n<\/div>\n\n\n\n<div class=\"wp-block-group overview-box has-global-padding is-layout-constrained wp-block-group-is-layout-constrained\">\n<figure class=\"wp-block-image aligncenter size-full is-resized\"><a href=\"https:\/\/www.culture-relations.net\/fr\/services\/facilitations-moderations\/\"><img loading=\"lazy\" decoding=\"async\" width=\"508\" height=\"300\" src=\"https:\/\/www.culture-relations.net\/wp-content\/uploads\/2025\/05\/A_06.02_Serv._Facilitation.png\" alt=\"\" class=\"wp-image-8051\" style=\"width:auto;height:90px\" srcset=\"https:\/\/www.culture-relations.net\/wp-content\/uploads\/2025\/05\/A_06.02_Serv._Facilitation.png 508w, https:\/\/www.culture-relations.net\/wp-content\/uploads\/2025\/05\/A_06.02_Serv._Facilitation-350x207.png 350w\" sizes=\"auto, (max-width: 508px) 100vw, 508px\" \/><\/a><\/figure>\n\n\n\n<p class=\"has-text-align-center\"><a href=\"https:\/\/www.culture-relations.net\/fr\/services\/facilitations-moderations\/\">Animations &amp; Mod\u00e9rations<\/a><\/p>\n\n\n\n<p><a href=\"https:\/\/www.culture-relations.net\/presence-leadership\/leading-others\/\"><\/a><\/p>\n<\/div>\n\n\n\n<div class=\"wp-block-group overview-box has-global-padding is-layout-constrained wp-block-group-is-layout-constrained\">\n<figure class=\"wp-block-image aligncenter size-full is-resized\"><a href=\"https:\/\/www.culture-relations.net\/fr\/services\/conseils\/\"><img loading=\"lazy\" decoding=\"async\" width=\"244\" height=\"300\" src=\"https:\/\/www.culture-relations.net\/wp-content\/uploads\/2025\/05\/A_06.03_Serv._Consulting_.png\" alt=\"\" class=\"wp-image-8056\" style=\"width:auto;height:90px\"\/><\/a><\/figure>\n\n\n\n<p class=\"has-text-align-center\"><a href=\"https:\/\/www.culture-relations.net\/fr\/services\/conseils\/\">Conseils<\/a><\/p>\n\n\n\n<p><a href=\"https:\/\/www.culture-relations.net\/presence-leadership\/leading-others\/\"><\/a><\/p>\n<\/div>\n\n\n\n<div class=\"wp-block-group overview-box has-global-padding is-layout-constrained wp-block-group-is-layout-constrained\">\n<figure class=\"wp-block-image aligncenter size-full is-resized\"><a href=\"https:\/\/www.culture-relations.net\/fr\/services\/discours-conferences\/\"><img loading=\"lazy\" decoding=\"async\" width=\"206\" height=\"300\" src=\"https:\/\/www.culture-relations.net\/wp-content\/uploads\/2025\/05\/A_06.04_Serv._Speeches_.png\" alt=\"\" class=\"wp-image-8061\" style=\"width:auto;height:90px\"\/><\/a><\/figure>\n\n\n\n<p class=\"has-text-align-center\"><a href=\"https:\/\/www.culture-relations.net\/fr\/services\/discours-conferences\/\">Discours &amp; Conf\u00e9rences<\/a><\/p>\n\n\n\n<p><a href=\"https:\/\/www.culture-relations.net\/presence-leadership\/leading-others\/\"><\/a><\/p>\n<\/div>\n<\/div>\n<\/div>\n","protected":false},"excerpt":{"rendered":"<p>Assur\u00e9s en personne par Ariane Curdy depuis 2001&nbsp; Formations Animations &amp; Mod\u00e9rations Conseils Discours &amp; Conf\u00e9rences<\/p>\n","protected":false},"author":1,"featured_media":0,"parent":0,"menu_order":0,"comment_status":"closed","ping_status":"closed","template":"overview-services.php","meta":{"_genesis_hide_title":false,"_genesis_hide_breadcrumbs":false,"_genesis_hide_singular_image":false,"_genesis_hide_footer_widgets":false,"_genesis_custom_body_class":"","_genesis_custom_post_class":"","_genesis_layout":"","footnotes":""},"class_list":{"0":"post-1141","1":"page","2":"type-page","3":"status-publish","5":"entry"},"_links":{"self":[{"href":"https:\/\/www.culture-relations.net\/fr\/wp-json\/wp\/v2\/pages\/1141","targetHints":{"allow":["GET"]}}],"collection":[{"href":"https:\/\/www.culture-relations.net\/fr\/wp-json\/wp\/v2\/pages"}],"about":[{"href":"https:\/\/www.culture-relations.net\/fr\/wp-json\/wp\/v2\/types\/page"}],"author":[{"embeddable":true,"href":"https:\/\/www.culture-relations.net\/fr\/wp-json\/wp\/v2\/users\/1"}],"replies":[{"embeddable":true,"href":"https:\/\/www.culture-relations.net\/fr\/wp-json\/wp\/v2\/comments?post=1141"}],"version-history":[{"count":5,"href":"https:\/\/www.culture-relations.net\/fr\/wp-json\/wp\/v2\/pages\/1141\/revisions"}],"predecessor-version":[{"id":8071,"href":"https:\/\/www.culture-relations.net\/fr\/wp-json\/wp\/v2\/pages\/1141\/revisions\/8071"}],"wp:attachment":[{"href":"https:\/\/www.culture-relations.net\/fr\/wp-json\/wp\/v2\/media?parent=1141"}],"curies":[{"name":"wp","href":"https:\/\/api.w.org\/{rel}","templated":true}]}}