{"id":2224,"date":"2018-05-17T10:00:52","date_gmt":"2018-05-17T08:00:52","guid":{"rendered":"http:\/\/www.culture-relations.ch\/ctrl\/approche-bnb\/business-screening-tool\/"},"modified":"2025-05-25T17:48:49","modified_gmt":"2025-05-25T15:48:49","slug":"le-bnb-comme-outil-de-controle-des-entreprises","status":"publish","type":"page","link":"https:\/\/www.culture-relations.net\/fr\/approche-bnb\/le-bnb-comme-outil-de-controle-des-entreprises\/","title":{"rendered":"Le BNB comme boussole pour les entreprises responsables"},"content":{"rendered":"\n<div class=\"wp-block-group has-global-padding is-layout-constrained wp-block-group-is-layout-constrained\">\n<p class=\"has-blue-color has-text-color has-link-color wp-elements-1b429ba97668723f2c52e34dc8ac766a\">Et si le bonheur pouvait guider l\u2019entreprise\u202f?<br>Au Bhoutan, c\u2019est d\u00e9j\u00e0 le cas.<\/p>\n\n\n\n<p>Inspir\u00e9 de la philosophie nationale de d\u00e9veloppement, le <strong>Bonheur National Brut (BNB)<\/strong> est utilis\u00e9 comme <strong>outil d\u2019\u00e9valuation pour les entreprises<\/strong>, afin d\u2019aligner leurs pratiques avec des valeurs de sens, d\u2019\u00e9quilibre et de durabilit\u00e9.<br>Il ne s\u2019agit pas uniquement de mesurer la performance financi\u00e8re, mais aussi <strong>l\u2019impact humain, culturel, \u00e9cologique et organisationnel<\/strong>.<\/p>\n\n\n\n<p>Structur\u00e9 autour des <strong>quatre piliers du BNB<\/strong>, ce mod\u00e8le propose une approche \u00e0 la fois rigoureuse et profond\u00e9ment humaine de la responsabilit\u00e9 d\u2019entreprise.<\/p>\n\n\n\n<h2 class=\"wp-block-heading\">1. D\u00e9veloppement socio-\u00e9conomique durable et \u00e9quitable<\/h2>\n\n\n\n<blockquote class=\"wp-block-quote is-layout-flow wp-block-quote-is-layout-flow\">\n<p class=\"has-blue-color has-text-color has-link-color wp-elements-91e36647f954623627789eae4a362cd8\"><em>\u201c<em>Cr\u00e9ons-nous de la valeur \u2013 pour tous ?<\/em>\u201d<\/em><\/p>\n<\/blockquote>\n\n\n\n<p>Ce pilier \u00e9value la contribution de l\u2019entreprise \u00e0 une <strong>croissance \u00e9quitable<\/strong>, \u00e0 la <strong>qualit\u00e9 de vie au travail<\/strong> et \u00e0 la <strong>s\u00e9curit\u00e9 des personnes<\/strong>. Il va bien au-del\u00e0 du salaire en abordant l\u2019acc\u00e8s \u00e0 l\u2019\u00e9ducation, la sant\u00e9, et la pr\u00e9vention du stress.<\/p>\n\n\n\n<div class=\"wp-block-columns is-layout-flex wp-container-core-columns-is-layout-28f84493 wp-block-columns-is-layout-flex\">\n<div class=\"wp-block-column is-layout-flow wp-block-column-is-layout-flow\" style=\"flex-basis:40%\">\n<p><strong><strong>Concr\u00e8tement, cela inclut :<\/strong><\/strong><\/p>\n\n\n\n<ul class=\"wp-block-list\">\n<li><strong>R\u00e9mun\u00e9ration <\/strong>et prestations \u00e9quitables<\/li>\n\n\n\n<li>Acc\u00e8s \u00e0 la <strong>formation <\/strong>et \u00e0 l\u2019\u00e9volution<\/li>\n\n\n\n<li><strong>S\u00e9curit\u00e9 <\/strong>physique et mentale<\/li>\n\n\n\n<li>R\u00e9duction des risques li\u00e9s au <strong>stress<\/strong><\/li>\n\n\n\n<li>Encouragement \u00e0 l\u2019<strong>apprentissage continu<\/strong><\/li>\n<\/ul>\n<\/div>\n\n\n\n<div class=\"wp-block-column is-layout-flow wp-block-column-is-layout-flow\" style=\"flex-basis:60%\">\n<figure class=\"wp-block-image alignleft size-large is-resized\"><img loading=\"lazy\" decoding=\"async\" width=\"1024\" height=\"970\" src=\"https:\/\/www.culture-relations.net\/wp-content\/uploads\/2025\/05\/Socio_Economique-1-1-1024x970.png\" alt=\"\" class=\"wp-image-8244\" style=\"width:250px\" srcset=\"https:\/\/www.culture-relations.net\/wp-content\/uploads\/2025\/05\/Socio_Economique-1-1-1024x970.png 1024w, https:\/\/www.culture-relations.net\/wp-content\/uploads\/2025\/05\/Socio_Economique-1-1-350x332.png 350w, https:\/\/www.culture-relations.net\/wp-content\/uploads\/2025\/05\/Socio_Economique-1-1-768x728.png 768w, https:\/\/www.culture-relations.net\/wp-content\/uploads\/2025\/05\/Socio_Economique-1-1-1536x1455.png 1536w, https:\/\/www.culture-relations.net\/wp-content\/uploads\/2025\/05\/Socio_Economique-1-1.png 1697w\" sizes=\"auto, (max-width: 1024px) 100vw, 1024px\" \/><\/figure>\n<\/div>\n<\/div>\n\n\n\n<p><em>Un manager bhoutanais m&#8217;a dit un jour: \u201cNous ne mesurons pas seulement ce que les gens produisent \u2014 nous leur demandons comment ils vont. \u00bb Cela change tout.<\/em><\/p>\n\n\n\n<hr class=\"wp-block-separator has-alpha-channel-opacity\"\/>\n\n\n\n<h2 class=\"wp-block-heading\">2. Pr\u00e9servation de la culture et vitalit\u00e9 des communaut\u00e9s<\/h2>\n\n\n\n<blockquote class=\"wp-block-quote is-layout-flow wp-block-quote-is-layout-flow\">\n<p class=\"has-blue-color has-text-color has-link-color wp-elements-842f411fe69fb6bd6610c833d40c6559\"><em>\u201c<em>Respectons-nous les lieux o\u00f9 nous op\u00e9rons \u2013 ou les effa\u00e7ons-nous<\/em> ?\u201d<\/em><\/p>\n<\/blockquote>\n\n\n\n<p>L\u2019entreprise n\u2019est jamais neutre culturellement. Ce pilier observe <strong>l\u2019ancrage local<\/strong>, le <strong>respect de la diversit\u00e9<\/strong>, et la cr\u00e9ation de <strong>liens sociaux authentiques<\/strong> dans l\u2019environnement de travail.<br><\/p>\n\n\n\n<div class=\"wp-block-columns is-layout-flex wp-container-core-columns-is-layout-28f84493 wp-block-columns-is-layout-flex\">\n<div class=\"wp-block-column is-layout-flow wp-block-column-is-layout-flow\">\n<figure class=\"wp-block-image alignright size-large is-resized\"><img loading=\"lazy\" decoding=\"async\" width=\"1024\" height=\"957\" src=\"https:\/\/www.culture-relations.net\/wp-content\/uploads\/2025\/05\/business-culture-1024x957.png\" alt=\"\" class=\"wp-image-8248\" style=\"width:280px\" srcset=\"https:\/\/www.culture-relations.net\/wp-content\/uploads\/2025\/05\/business-culture-1024x957.png 1024w, https:\/\/www.culture-relations.net\/wp-content\/uploads\/2025\/05\/business-culture-350x327.png 350w, https:\/\/www.culture-relations.net\/wp-content\/uploads\/2025\/05\/business-culture-768x718.png 768w, https:\/\/www.culture-relations.net\/wp-content\/uploads\/2025\/05\/business-culture-1536x1435.png 1536w, https:\/\/www.culture-relations.net\/wp-content\/uploads\/2025\/05\/business-culture.png 1614w\" sizes=\"auto, (max-width: 1024px) 100vw, 1024px\" \/><\/figure>\n<\/div>\n\n\n\n<div class=\"wp-block-column is-layout-flow wp-block-column-is-layout-flow\">\n<p><strong><strong><strong>On y regarde notamment :<\/strong><\/strong><\/strong><\/p>\n\n\n\n<ul class=\"wp-block-list\">\n<li>Le soutien aux fournisseurs et savoir-faire <strong>locaux<\/strong><\/li>\n\n\n\n<li>La valorisation des <strong>f\u00eates<\/strong>, pratiques et rythmes <strong>culturels<\/strong><\/li>\n\n\n\n<li>L\u2019engagement communautaire et le <strong>b\u00e9n\u00e9volat<\/strong><\/li>\n\n\n\n<li>L\u2019<strong>\u00e9quilibre <\/strong>vie pro \/ vie perso<\/li>\n\n\n\n<li>La <strong>qualit\u00e9 des relations<\/strong>, du sens, et de la confiance au travail<\/li>\n<\/ul>\n<\/div>\n<\/div>\n\n\n\n<p><em><em>J\u2019ai rencontr\u00e9 des organisations bhoutanaises qui ralentissaient volontairement leur rythme lors des pleines lunes \u2014 une mani\u00e8re subtile d\u2019honorer les cycles naturels et spirituels du pays.<\/em><\/em><\/p>\n\n\n\n<hr class=\"wp-block-separator has-alpha-channel-opacity\"\/>\n\n\n\n<h2 class=\"wp-block-heading\">3. Protection de l\u2019environnement<\/h2>\n\n\n\n<blockquote class=\"wp-block-quote is-layout-flow wp-block-quote-is-layout-flow\">\n<p class=\"has-blue-color has-text-color has-link-color wp-elements-9585911980fe2f58344f9faec51f6d05\"><em>\u201cAgissons-nous comme h\u00f4tes sur cette plan\u00e8te \u2013 ou comme propri\u00e9taires<\/em> ?&#8221;<\/p>\n<\/blockquote>\n\n\n\n<p>Ici, l\u2019accent est mis sur la <strong>coh\u00e9rence \u00e9cologique<\/strong>. Pas de greenwashing, mais un regard honn\u00eate sur l\u2019impact environnemental et la fa\u00e7on de le r\u00e9duire <strong>d\u00e8s la conception<\/strong>.<br><\/p>\n\n\n\n<div class=\"wp-block-columns is-layout-flex wp-container-core-columns-is-layout-28f84493 wp-block-columns-is-layout-flex\">\n<div class=\"wp-block-column is-layout-flow wp-block-column-is-layout-flow\" style=\"flex-basis:40%\">\n<p><br><strong><strong><strong><strong>Indicateurs-cl\u00e9s :<\/strong><\/strong><\/strong><\/strong><\/p>\n\n\n\n<ul class=\"wp-block-list\">\n<li>\u00c9nergies <strong>renouvelables <\/strong>utilis\u00e9es<\/li>\n\n\n\n<li><strong>Empreinte carbone <\/strong>des activit\u00e9s<\/li>\n\n\n\n<li><strong>Gestion <\/strong>des <strong>d\u00e9chets <\/strong>et des ressources<\/li>\n\n\n\n<li><strong>\u00c9coconception <\/strong>des produits et services<\/li>\n<\/ul>\n<\/div>\n\n\n\n<div class=\"wp-block-column is-layout-flow wp-block-column-is-layout-flow\" style=\"flex-basis:60%\">\n<figure class=\"wp-block-image alignleft size-large is-resized\"><img loading=\"lazy\" decoding=\"async\" width=\"1024\" height=\"503\" src=\"https:\/\/www.culture-relations.net\/wp-content\/uploads\/2025\/05\/nature-bis-1024x503.png\" alt=\"\" class=\"wp-image-8255\" style=\"width:500px\" srcset=\"https:\/\/www.culture-relations.net\/wp-content\/uploads\/2025\/05\/nature-bis-1024x503.png 1024w, https:\/\/www.culture-relations.net\/wp-content\/uploads\/2025\/05\/nature-bis-350x172.png 350w, https:\/\/www.culture-relations.net\/wp-content\/uploads\/2025\/05\/nature-bis-768x377.png 768w, https:\/\/www.culture-relations.net\/wp-content\/uploads\/2025\/05\/nature-bis-1536x754.png 1536w, https:\/\/www.culture-relations.net\/wp-content\/uploads\/2025\/05\/nature-bis.png 1740w\" sizes=\"auto, (max-width: 1024px) 100vw, 1024px\" \/><\/figure>\n<\/div>\n<\/div>\n\n\n\n<p><em>Certaines entreprises bhoutanaises commencent \u00e0 explorer l\u2019impact environnemental de leurs activit\u00e9s \u2014 non pas pour la publicit\u00e9, mais comme une expression discr\u00e8te de leur responsabilit\u00e9<\/em>.<\/p>\n\n\n\n<hr class=\"wp-block-separator has-alpha-channel-opacity\"\/>\n\n\n\n<h2 class=\"wp-block-heading\">4. Bonne gouvernance<\/h2>\n\n\n\n<blockquote class=\"wp-block-quote is-layout-flow wp-block-quote-is-layout-flow\">\n<p class=\"has-blue-color has-text-color has-link-color wp-elements-6567ba9776f333d2938295b3f61cfb10\"><em>\u201c Q<em>ui servons-nous \u2013 et avec quelle transparence ?<\/em> <\/em>&#8221;   <\/p>\n<\/blockquote>\n\n\n\n<p>Ce dernier pilier examine la <strong>gouvernance comme acte de responsabilit\u00e9<\/strong>. Il s\u2019agit de cr\u00e9er un cadre de confiance, d\u2019int\u00e9grit\u00e9, et de participation.<\/p>\n\n\n\n<div class=\"wp-block-columns is-layout-flex wp-container-core-columns-is-layout-28f84493 wp-block-columns-is-layout-flex\">\n<div class=\"wp-block-column is-layout-flow wp-block-column-is-layout-flow\">\n<figure class=\"wp-block-image alignright size-full is-resized\"><img loading=\"lazy\" decoding=\"async\" width=\"1308\" height=\"1400\" src=\"https:\/\/www.culture-relations.net\/wp-content\/uploads\/2025\/05\/Good_Governance.png\" alt=\"\" class=\"wp-image-8228\" style=\"width:280px\" srcset=\"https:\/\/www.culture-relations.net\/wp-content\/uploads\/2025\/05\/Good_Governance.png 1308w, https:\/\/www.culture-relations.net\/wp-content\/uploads\/2025\/05\/Good_Governance-327x350.png 327w, https:\/\/www.culture-relations.net\/wp-content\/uploads\/2025\/05\/Good_Governance-957x1024.png 957w, https:\/\/www.culture-relations.net\/wp-content\/uploads\/2025\/05\/Good_Governance-768x822.png 768w\" sizes=\"auto, (max-width: 1308px) 100vw, 1308px\" \/><\/figure>\n<\/div>\n\n\n\n<div class=\"wp-block-column is-layout-flow wp-block-column-is-layout-flow\">\n<p><strong><strong><strong>Crit\u00e8res analys\u00e9s :<\/strong><\/strong><\/strong><\/p>\n\n\n\n<ul class=\"wp-block-list\">\n<li><strong>\u00c9thique <\/strong>interne et clart\u00e9 des r\u00e8gles<\/li>\n\n\n\n<li><strong>Transparence <\/strong>dans les d\u00e9cisions<\/li>\n\n\n\n<li><strong>Satisfaction <\/strong>client et taux de fid\u00e9lit\u00e9<\/li>\n\n\n\n<li><strong>Turnover <\/strong>du personnel et <strong>bien-\u00eatre<\/strong> collectif<\/li>\n\n\n\n<li><strong>Coh\u00e9rence <\/strong>du discours et de l\u2019action<\/li>\n<\/ul>\n<\/div>\n<\/div>\n\n\n\n<p><em>Un dirigeant bhoutanais l&#8217;a exprim\u00e9 ainsi<\/em>: <em>Pour moi, bien gouverner, c\u2019est pouvoir dormir tranquille \u2014 parce qu\u2019on a agi correctement envers son \u00e9quipe<\/em>.<\/p>\n\n\n\n<hr class=\"wp-block-separator has-css-opacity\" style=\"margin-top:var(--wp--preset--spacing--30);margin-bottom:var(--wp--preset--spacing--30)\"\/>\n\n\n\n<p class=\"has-blue-color has-text-color has-link-color wp-elements-52e84b6c61175c24cc56deef631ff5e6\"><strong>Une nouvelle fa\u00e7on de penser l\u2019entreprise<\/strong><\/p>\n\n\n\n<p>L\u2019approche BNB ne remplace pas les outils classiques de RSE ou d\u2019ESG \u2013 elle les <strong>\u00e9largit et les humanise<\/strong>. Elle redonne du <strong>sens \u00e0 la strat\u00e9gie<\/strong>, du <strong>fond \u00e0 la performance<\/strong>, et de <strong>l\u2019\u00e9quilibre \u00e0 la r\u00e9ussite<\/strong>.<\/p>\n\n\n\n<p>Ce n\u2019est pas une qu\u00eate de perfection. C\u2019est un choix de conscience.<\/p>\n\n\n\n<div style=\"height:100px\" aria-hidden=\"true\" class=\"wp-block-spacer\"><\/div>\n\n\n\n<hr class=\"wp-block-separator has-alpha-channel-opacity\"\/>\n\n\n\n<div class=\"wp-block-columns is-layout-flex wp-container-core-columns-is-layout-28f84493 wp-block-columns-is-layout-flex\">\n<div class=\"wp-block-column is-layout-flow wp-block-column-is-layout-flow\" style=\"flex-basis:66.66%\">\n<p><strong><strong><em><strong>Et si la performance se mesurait aussi \u00e0 la mani\u00e8re dont une entreprise prend soin de l\u2019humain, du vivant et du lien ?<\/strong><\/em><\/strong><br><\/strong><br><em><em><em>Quel petit geste, d\u00e8s demain, pourrait rendre votre organisation plus align\u00e9e avec ce que vous voulez vraiment d\u00e9fendre ?<\/em><\/em><\/em><\/p>\n<\/div>\n\n\n\n<div class=\"wp-block-column is-layout-flow wp-block-column-is-layout-flow\" style=\"flex-basis:33.33%\">\n<figure class=\"wp-block-image alignleft size-large is-resized\"><img loading=\"lazy\" decoding=\"async\" width=\"912\" height=\"1024\" src=\"https:\/\/www.culture-relations.net\/wp-content\/uploads\/2025\/05\/Q4-912x1024.png\" alt=\"\" class=\"wp-image-8303\" style=\"width:150px\" srcset=\"https:\/\/www.culture-relations.net\/wp-content\/uploads\/2025\/05\/Q4-912x1024.png 912w, https:\/\/www.culture-relations.net\/wp-content\/uploads\/2025\/05\/Q4-312x350.png 312w, https:\/\/www.culture-relations.net\/wp-content\/uploads\/2025\/05\/Q4-768x862.png 768w, https:\/\/www.culture-relations.net\/wp-content\/uploads\/2025\/05\/Q4.png 1094w\" sizes=\"auto, (max-width: 912px) 100vw, 912px\" \/><\/figure>\n<\/div>\n<\/div>\n<\/div>\n","protected":false},"excerpt":{"rendered":"<p>Et si le bonheur pouvait guider l\u2019entreprise\u202f?Au Bhoutan, c\u2019est d\u00e9j\u00e0 le cas. Inspir\u00e9 de la philosophie nationale de d\u00e9veloppement, le Bonheur National Brut (BNB) est utilis\u00e9 comme outil d\u2019\u00e9valuation pour les entreprises, afin d\u2019aligner leurs pratiques avec des valeurs de sens, d\u2019\u00e9quilibre et de durabilit\u00e9.Il ne s\u2019agit pas uniquement de mesurer la performance financi\u00e8re, mais [&hellip;]<\/p>\n","protected":false},"author":1,"featured_media":0,"parent":1017,"menu_order":0,"comment_status":"closed","ping_status":"closed","template":"content-pages-GNH.php","meta":{"_genesis_hide_title":false,"_genesis_hide_breadcrumbs":false,"_genesis_hide_singular_image":false,"_genesis_hide_footer_widgets":false,"_genesis_custom_body_class":"","_genesis_custom_post_class":"","_genesis_layout":"","footnotes":""},"class_list":{"0":"post-2224","1":"page","2":"type-page","3":"status-publish","5":"entry"},"_links":{"self":[{"href":"https:\/\/www.culture-relations.net\/fr\/wp-json\/wp\/v2\/pages\/2224","targetHints":{"allow":["GET"]}}],"collection":[{"href":"https:\/\/www.culture-relations.net\/fr\/wp-json\/wp\/v2\/pages"}],"about":[{"href":"https:\/\/www.culture-relations.net\/fr\/wp-json\/wp\/v2\/types\/page"}],"author":[{"embeddable":true,"href":"https:\/\/www.culture-relations.net\/fr\/wp-json\/wp\/v2\/users\/1"}],"replies":[{"embeddable":true,"href":"https:\/\/www.culture-relations.net\/fr\/wp-json\/wp\/v2\/comments?post=2224"}],"version-history":[{"count":8,"href":"https:\/\/www.culture-relations.net\/fr\/wp-json\/wp\/v2\/pages\/2224\/revisions"}],"predecessor-version":[{"id":8309,"href":"https:\/\/www.culture-relations.net\/fr\/wp-json\/wp\/v2\/pages\/2224\/revisions\/8309"}],"up":[{"embeddable":true,"href":"https:\/\/www.culture-relations.net\/fr\/wp-json\/wp\/v2\/pages\/1017"}],"wp:attachment":[{"href":"https:\/\/www.culture-relations.net\/fr\/wp-json\/wp\/v2\/media?parent=2224"}],"curies":[{"name":"wp","href":"https:\/\/api.w.org\/{rel}","templated":true}]}}