{"id":5178,"date":"2019-01-23T10:20:09","date_gmt":"2019-01-23T09:20:09","guid":{"rendered":"https:\/\/www.culture-relations.net\/?page_id=5178"},"modified":"2025-05-08T11:30:12","modified_gmt":"2025-05-08T09:30:12","slug":"clause-de-confidentialite","status":"publish","type":"page","link":"https:\/\/www.culture-relations.net\/fr\/clause-de-confidentialite\/","title":{"rendered":"Clause de confidentialit\u00e9"},"content":{"rendered":"\n<h3 class=\"wp-block-heading\">Protection des donn\u00e9es<\/h3>\n\n\n\n<p>Cette clause de confidentialit\u00e9 a pour but d&#8217;informer les utilisateurs de ce site Web sur la nature, la port\u00e9e et l\u2019objectif de la collecte et de l&#8217;utilisation de donn\u00e9es personnelles par l&#8217;exploitant du site. L\u2019exploitant du site Web prend votre confidentialit\u00e9 au s\u00e9rieux et traite les donn\u00e9es personnelles de mani\u00e8re confidentielle et conforme \u00e0 la loi. En raison des nouvelles technologies et du d\u00e9veloppement continu de ce site Web, cette politique de confidentialit\u00e9 peut \u00eatre modifi\u00e9e.<br>Les d\u00e9finitions des termes utilis\u00e9s (par exemple \u00ab&nbsp;donn\u00e9es personnelles&nbsp;\u00bb ou \u00ab&nbsp;traitement&nbsp;\u00bb) figurent dans l&#8217;article 4 du RGPD (R\u00e8glement g\u00e9n\u00e9ral sur la protection des donn\u00e9es de l\u2019Union Europ\u00e9enne). <\/p>\n\n\n\n<p>Ce site utilise un certificat SSL pour assurer le cryptage des donn\u00e9es transmises.<br>Dans le cas d&#8217;une visite purement informative sur ce site Web, aucune donn\u00e9e stock\u00e9e sur le serveur ne peut \u00eatre attribu\u00e9e \u00e0 des personnes sp\u00e9cifiques.<\/p>\n\n\n\n<h3 class=\"wp-block-heading\"> Prise de contact  <\/h3>\n\n\n\n<p>Si vous me contactez par e-mail, les donn\u00e9es que vous fournissez seront utilis\u00e9es pour traiter votre demande. Une fois votre demande enti\u00e8rement trait\u00e9e, vos donn\u00e9es seront supprim\u00e9es, \u00e0 condition que leur suppression n&#8217;entre pas en conflit avec des obligations de conservation pr\u00e9vues par la loi.<\/p>\n\n\n\n<h3 class=\"wp-block-heading\">Vos droits <\/h3>\n\n\n\n<p>Le cadre l\u00e9gal vous donne plusieurs droits par rapport \u00e0 vos donn\u00e9es personnelles&nbsp;: droit d\u2019acc\u00e8s, de rectification, d\u2019effacement (<em>\u00ab&nbsp;droit \u00e0 l\u2019oubli&nbsp;\u00bb)<\/em>, de limitation du traitement, d\u2019opposition et de r\u00e9vocation de vos donn\u00e9es.<\/p>\n\n\n\n<p>Vous pouvez me joindre aux coordonn\u00e9es suivantes:<\/p>\n\n\n\n<p><strong>CTRL Culture Relations &#8211; Ariane Curdy<\/strong><br> Avenue Sainte-Luce 4bis<br> 1003 Lausanne<br> Suisse<br> T\u00e9l\u00e9phone: + 41-76-572 04 79<br> Email: <a href=\"mailto:ctrl@culture-relations.ch\">ctrl@culture-relations.ch<\/a><\/p>\n","protected":false},"excerpt":{"rendered":"<p>Protection des donn\u00e9es Cette clause de confidentialit\u00e9 a pour but d&#8217;informer les utilisateurs de ce site Web sur la nature, la port\u00e9e et l\u2019objectif de la collecte et de l&#8217;utilisation de donn\u00e9es personnelles par l&#8217;exploitant du site. L\u2019exploitant du site Web prend votre confidentialit\u00e9 au s\u00e9rieux et traite les donn\u00e9es personnelles de mani\u00e8re confidentielle et [&hellip;]<\/p>\n","protected":false},"author":1,"featured_media":0,"parent":0,"menu_order":0,"comment_status":"closed","ping_status":"closed","template":"content-pages.php","meta":{"_genesis_hide_title":false,"_genesis_hide_breadcrumbs":false,"_genesis_hide_singular_image":false,"_genesis_hide_footer_widgets":false,"_genesis_custom_body_class":"","_genesis_custom_post_class":"","_genesis_layout":"","footnotes":""},"class_list":{"0":"post-5178","1":"page","2":"type-page","3":"status-publish","5":"entry"},"_links":{"self":[{"href":"https:\/\/www.culture-relations.net\/fr\/wp-json\/wp\/v2\/pages\/5178","targetHints":{"allow":["GET"]}}],"collection":[{"href":"https:\/\/www.culture-relations.net\/fr\/wp-json\/wp\/v2\/pages"}],"about":[{"href":"https:\/\/www.culture-relations.net\/fr\/wp-json\/wp\/v2\/types\/page"}],"author":[{"embeddable":true,"href":"https:\/\/www.culture-relations.net\/fr\/wp-json\/wp\/v2\/users\/1"}],"replies":[{"embeddable":true,"href":"https:\/\/www.culture-relations.net\/fr\/wp-json\/wp\/v2\/comments?post=5178"}],"version-history":[{"count":1,"href":"https:\/\/www.culture-relations.net\/fr\/wp-json\/wp\/v2\/pages\/5178\/revisions"}],"predecessor-version":[{"id":7282,"href":"https:\/\/www.culture-relations.net\/fr\/wp-json\/wp\/v2\/pages\/5178\/revisions\/7282"}],"wp:attachment":[{"href":"https:\/\/www.culture-relations.net\/fr\/wp-json\/wp\/v2\/media?parent=5178"}],"curies":[{"name":"wp","href":"https:\/\/api.w.org\/{rel}","templated":true}]}}