{"id":6325,"date":"2019-03-26T21:53:02","date_gmt":"2019-03-26T20:53:02","guid":{"rendered":"https:\/\/www.culture-relations.net\/?page_id=6325"},"modified":"2025-04-30T12:29:15","modified_gmt":"2025-04-30T10:29:15","slug":"credits","status":"publish","type":"page","link":"https:\/\/www.culture-relations.net\/fr\/credits\/","title":{"rendered":"Mentions l\u00e9gales"},"content":{"rendered":"\n<div class=\"wp-block-columns has-2-columns is-layout-flex wp-container-core-columns-is-layout-28f84493 wp-block-columns-is-layout-flex\">\n<div class=\"wp-block-column is-layout-flow wp-block-column-is-layout-flow\">\n<h3 class=\"wp-block-heading\">Propri\u00e9taire du site<\/h3>\n\n\n\n<p><strong>Ctrl Culture Relations \u2013 Ariane Curdy\u00a0<\/strong><br>Avenue Sainte-Luce 4Bis<br>1003 Lausanne<br>Suisse<br>T\u00e9l\u00e9phone: +41-76-572 04 79<br>Email: <a href=\"mailto:ctrl@culture-relations.ch\">ctrl(at)culture-relations.ch<\/a><\/p>\n\n\n\n<h3 class=\"wp-block-heading\">Copyright<\/h3>\n\n\n\n<p>Tous droits r\u00e9serv\u00e9s. La mise en page, les textes, les images, les illustrations, les graphiques ainsi que les documents t\u00e9l\u00e9chargeables sont soumis au droit d&#8217;auteur.<\/p>\n\n\n\n<h3 class=\"wp-block-heading\" id=\"mce_13\">Illustrations<\/h3>\n\n\n\n<p>Toutes les illustrations par Ariane Curdy<\/p>\n\n\n\n<h3 class=\"wp-block-heading\">Website<\/h3>\n\n\n\n<p>&nbsp;<a href=\"https:\/\/www.kirschner-webdesign.com\" target=\"_blank\" rel=\"noreferrer noopener\" aria-label=\"kirschner webdesign  (opens in a new tab)\">kirschner webdesign <\/a><\/p>\n<\/div>\n\n\n\n<div class=\"wp-block-column is-layout-flow wp-block-column-is-layout-flow\">\n<figure class=\"wp-block-image aligncenter size-full is-resized is-style-default\"><img loading=\"lazy\" decoding=\"async\" width=\"417\" height=\"424\" src=\"https:\/\/www.culture-relations.net\/wp-content\/uploads\/2024\/04\/AC.jpg\" alt=\"\" class=\"wp-image-6665\" style=\"aspect-ratio:1;object-fit:cover;width:225px;height:auto\" srcset=\"https:\/\/www.culture-relations.net\/wp-content\/uploads\/2024\/04\/AC.jpg 417w, https:\/\/www.culture-relations.net\/wp-content\/uploads\/2024\/04\/AC-344x350.jpg 344w\" sizes=\"auto, (max-width: 417px) 100vw, 417px\" \/><\/figure>\n\n\n\n<h3 class=\"wp-block-heading\" id=\"mce_19\">Note de responsabilit\u00e9<\/h3>\n\n\n\n<p>Tous les textes et liens ont \u00e9t\u00e9 soigneusement v\u00e9rifi\u00e9s et sont constamment mis \u00e0 jour. Cependant, nous n&#8217;assumons aucune responsabilit\u00e9, garantie ou responsabilit\u00e9 quant \u00e0 l&#8217;exactitude, la compl\u00e9tude ou l&#8217;actualit\u00e9 des informations fournies sur ce site. Les liens vers des fournisseurs externes ont \u00e9t\u00e9 examin\u00e9s au moment de leur inclusion, mais Ctrl Culture Relations n&#8217;est pas responsable de leur contenu et de leur disponibilit\u00e9. Seul le fournisseur du site auquel il est fait r\u00e9f\u00e9rence est responsable des contenus ill\u00e9gaux ou inexacts, en particulier des violations caus\u00e9es par le contenu de la page li\u00e9e.<\/p>\n<\/div>\n<\/div>\n\n\n\n<div class=\"wp-block-columns has-2-columns is-layout-flex wp-container-core-columns-is-layout-28f84493 wp-block-columns-is-layout-flex\">\n<div class=\"wp-block-column is-layout-flow wp-block-column-is-layout-flow\"><\/div>\n\n\n\n<div class=\"wp-block-column is-layout-flow wp-block-column-is-layout-flow\">\n<p><\/p>\n<\/div>\n<\/div>\n","protected":false},"excerpt":{"rendered":"<p>Propri\u00e9taire du site Ctrl Culture Relations \u2013 Ariane Curdy\u00a0Avenue Sainte-Luce 4Bis1003 LausanneSuisseT\u00e9l\u00e9phone: +41-76-572 04 79Email: ctrl(at)culture-relations.ch Copyright Tous droits r\u00e9serv\u00e9s. La mise en page, les textes, les images, les illustrations, les graphiques ainsi que les documents t\u00e9l\u00e9chargeables sont soumis au droit d&#8217;auteur. Illustrations Toutes les illustrations par Ariane Curdy Website &nbsp;kirschner webdesign Note de responsabilit\u00e9 [&hellip;]<\/p>\n","protected":false},"author":1,"featured_media":0,"parent":0,"menu_order":0,"comment_status":"closed","ping_status":"closed","template":"content-pages.php","meta":{"_genesis_hide_title":false,"_genesis_hide_breadcrumbs":false,"_genesis_hide_singular_image":false,"_genesis_hide_footer_widgets":false,"_genesis_custom_body_class":"","_genesis_custom_post_class":"","_genesis_layout":"","footnotes":""},"class_list":{"0":"post-6325","1":"page","2":"type-page","3":"status-publish","5":"entry"},"_links":{"self":[{"href":"https:\/\/www.culture-relations.net\/fr\/wp-json\/wp\/v2\/pages\/6325","targetHints":{"allow":["GET"]}}],"collection":[{"href":"https:\/\/www.culture-relations.net\/fr\/wp-json\/wp\/v2\/pages"}],"about":[{"href":"https:\/\/www.culture-relations.net\/fr\/wp-json\/wp\/v2\/types\/page"}],"author":[{"embeddable":true,"href":"https:\/\/www.culture-relations.net\/fr\/wp-json\/wp\/v2\/users\/1"}],"replies":[{"embeddable":true,"href":"https:\/\/www.culture-relations.net\/fr\/wp-json\/wp\/v2\/comments?post=6325"}],"version-history":[{"count":0,"href":"https:\/\/www.culture-relations.net\/fr\/wp-json\/wp\/v2\/pages\/6325\/revisions"}],"wp:attachment":[{"href":"https:\/\/www.culture-relations.net\/fr\/wp-json\/wp\/v2\/media?parent=6325"}],"curies":[{"name":"wp","href":"https:\/\/api.w.org\/{rel}","templated":true}]}}