{"id":902,"date":"2018-03-13T09:08:33","date_gmt":"2018-03-13T08:08:33","guid":{"rendered":"http:\/\/www.culture-relations.ch\/ctrl\/intercultural-competence\/"},"modified":"2025-05-21T09:34:47","modified_gmt":"2025-05-21T07:34:47","slug":"intercultural-competence","status":"publish","type":"page","link":"https:\/\/www.culture-relations.net\/fr\/intercultural-competence\/","title":{"rendered":"Agilit\u00e9 Interculturelle"},"content":{"rendered":"\n<h3 class=\"wp-block-heading has-text-align-center has-red-color has-text-color has-link-color wp-elements-2468ee7e906e4318b6fd112ee73833b5\"> Travailler dans un monde de diff\u00e9rences <\/h3>\n\n\n\n<div class=\"wp-block-group has-global-padding is-layout-constrained wp-container-core-group-is-layout-f36bc466 wp-block-group-is-layout-constrained\">\n<div class=\"wp-block-group overview has-caveat-font-family has-26-font-size is-layout-grid wp-container-core-group-is-layout-6c450118 wp-block-group-is-layout-grid\" style=\"padding-top:var(--wp--preset--spacing--20);padding-bottom:var(--wp--preset--spacing--20);line-height:1.2\">\n<div class=\"wp-block-group overview-box has-global-padding is-layout-constrained wp-block-group-is-layout-constrained\">\n<figure class=\"wp-block-image aligncenter size-full\"><a href=\"https:\/\/www.culture-relations.net\/fr\/intercultural-competence\/competence-interculturelle\/\"><img loading=\"lazy\" decoding=\"async\" width=\"500\" height=\"307\" src=\"https:\/\/www.culture-relations.net\/wp-content\/uploads\/2025\/05\/A_01.01_IC_Competence_.png\" alt=\"\" class=\"wp-image-7865\" style=\"object-fit:cover\" srcset=\"https:\/\/www.culture-relations.net\/wp-content\/uploads\/2025\/05\/A_01.01_IC_Competence_.png 500w, https:\/\/www.culture-relations.net\/wp-content\/uploads\/2025\/05\/A_01.01_IC_Competence_-350x215.png 350w\" sizes=\"auto, (max-width: 500px) 100vw, 500px\" \/><\/a><\/figure>\n\n\n\n<p class=\"has-text-align-center\"><a href=\"https:\/\/www.culture-relations.net\/fr\/intercultural-competence\/competence-interculturelle\/\">Comp\u00e9tences interculturelles<\/a><\/p>\n\n\n\n<p><a href=\"https:\/\/www.culture-relations.net\/presence-leadership\/leading-others\/\"><\/a><\/p>\n<\/div>\n\n\n\n<div class=\"wp-block-group overview-box has-global-padding is-layout-constrained wp-block-group-is-layout-constrained\">\n<figure class=\"wp-block-image aligncenter size-full\"><a href=\"https:\/\/www.culture-relations.net\/fr\/intercultural-competence\/equipes-multiculturelles\/\"><img loading=\"lazy\" decoding=\"async\" width=\"526\" height=\"307\" src=\"https:\/\/www.culture-relations.net\/wp-content\/uploads\/2025\/05\/A_01.02_Multicultural_Teams.png\" alt=\"\" class=\"wp-image-7873\" style=\"object-fit:cover\" srcset=\"https:\/\/www.culture-relations.net\/wp-content\/uploads\/2025\/05\/A_01.02_Multicultural_Teams.png 526w, https:\/\/www.culture-relations.net\/wp-content\/uploads\/2025\/05\/A_01.02_Multicultural_Teams-350x204.png 350w\" sizes=\"auto, (max-width: 526px) 100vw, 526px\" \/><\/a><\/figure>\n\n\n\n<p class=\"has-text-align-center\"><a href=\"https:\/\/www.culture-relations.net\/fr\/intercultural-competence\/equipes-multiculturelles\/\">\u00c9quipes multiculturelles<\/a><\/p>\n\n\n\n<p><a href=\"https:\/\/www.culture-relations.net\/presence-leadership\/leading-others\/\"><\/a><\/p>\n<\/div>\n\n\n\n<div class=\"wp-block-group overview-box has-global-padding is-layout-constrained wp-block-group-is-layout-constrained\">\n<figure class=\"wp-block-image aligncenter size-full\"><a href=\"https:\/\/www.culture-relations.net\/fr\/intercultural-competence\/fusions-internationales\/\"><img loading=\"lazy\" decoding=\"async\" width=\"508\" height=\"307\" src=\"https:\/\/www.culture-relations.net\/wp-content\/uploads\/2025\/05\/A_01.03_International_Mergers.png\" alt=\"\" class=\"wp-image-7879\" style=\"object-fit:cover\" srcset=\"https:\/\/www.culture-relations.net\/wp-content\/uploads\/2025\/05\/A_01.03_International_Mergers.png 508w, https:\/\/www.culture-relations.net\/wp-content\/uploads\/2025\/05\/A_01.03_International_Mergers-350x212.png 350w\" sizes=\"auto, (max-width: 508px) 100vw, 508px\" \/><\/a><\/figure>\n\n\n\n<p class=\"has-text-align-center\"><a href=\"https:\/\/www.culture-relations.net\/fr\/intercultural-competence\/fusions-internationales\/\">Fusions internationales<\/a><\/p>\n\n\n\n<p><a href=\"https:\/\/www.culture-relations.net\/presence-leadership\/leading-others\/\"><\/a><\/p>\n<\/div>\n\n\n\n<div class=\"wp-block-group overview-box has-global-padding is-layout-constrained wp-block-group-is-layout-constrained\">\n<figure class=\"wp-block-image aligncenter size-full\"><a href=\"https:\/\/www.culture-relations.net\/fr\/intercultural-competence\/communication-interculturelle\/\"><img loading=\"lazy\" decoding=\"async\" width=\"464\" height=\"307\" src=\"https:\/\/www.culture-relations.net\/wp-content\/uploads\/2025\/05\/A_01.04_Intercultural_Communication_.png\" alt=\"\" class=\"wp-image-7887\" style=\"object-fit:cover\" srcset=\"https:\/\/www.culture-relations.net\/wp-content\/uploads\/2025\/05\/A_01.04_Intercultural_Communication_.png 464w, https:\/\/www.culture-relations.net\/wp-content\/uploads\/2025\/05\/A_01.04_Intercultural_Communication_-350x232.png 350w\" sizes=\"auto, (max-width: 464px) 100vw, 464px\" \/><\/a><\/figure>\n\n\n\n<p class=\"has-text-align-center\"><a href=\"https:\/\/www.culture-relations.net\/fr\/intercultural-competence\/communication-interculturelle\/\">Communication interculturelle<\/a><\/p>\n\n\n\n<p><a href=\"https:\/\/www.culture-relations.net\/presence-leadership\/leading-others\/\"><\/a><\/p>\n<\/div>\n<\/div>\n<\/div>\n\n\n\n<p class=\"has-text-align-center has-red-color has-text-color has-medium-font-size\"><strong>Am\u00e9liorer l&#8217;efficacit\u00e9 internationale <\/strong><\/p>\n\n\n\n<div class=\"wp-block-group overview is-content-justification-center is-nowrap is-layout-flex wp-container-core-group-is-layout-c0b7569f wp-block-group-is-layout-flex\" style=\"padding-top:var(--wp--preset--spacing--20);padding-bottom:var(--wp--preset--spacing--20)\">\n<div class=\"wp-block-group overview-box has-global-padding is-layout-constrained wp-block-group-is-layout-constrained\">\n<figure class=\"wp-block-image size-full is-resized\"><a href=\"https:\/\/www.culture-relations.net\/fr\/services\/\"><img loading=\"lazy\" decoding=\"async\" width=\"200\" height=\"80\" src=\"https:\/\/www.culture-relations.net\/wp-content\/uploads\/2018\/07\/Service-1.png\" alt=\"\" class=\"wp-image-5579\" style=\"width:auto;height:80px\"\/><\/a><\/figure>\n\n\n\n<p class=\"has-text-align-center\"><a href=\"https:\/\/www.culture-relations.net\/fr\/services\/\">Services<\/a><\/p>\n\n\n\n<p><a href=\"https:\/\/www.culture-relations.net\/presence-leadership\/leading-others\/\"><\/a><\/p>\n<\/div>\n<\/div>\n","protected":false},"excerpt":{"rendered":"<p>Travailler dans un monde de diff\u00e9rences Comp\u00e9tences interculturelles \u00c9quipes multiculturelles Fusions internationales Communication interculturelle Am\u00e9liorer l&#8217;efficacit\u00e9 internationale Services<\/p>\n","protected":false},"author":1,"featured_media":0,"parent":0,"menu_order":0,"comment_status":"closed","ping_status":"closed","template":"overview-IC.php","meta":{"_genesis_hide_title":false,"_genesis_hide_breadcrumbs":false,"_genesis_hide_singular_image":false,"_genesis_hide_footer_widgets":false,"_genesis_custom_body_class":"","_genesis_custom_post_class":"","_genesis_layout":"","footnotes":""},"class_list":{"0":"post-902","1":"page","2":"type-page","3":"status-publish","5":"entry"},"_links":{"self":[{"href":"https:\/\/www.culture-relations.net\/fr\/wp-json\/wp\/v2\/pages\/902","targetHints":{"allow":["GET"]}}],"collection":[{"href":"https:\/\/www.culture-relations.net\/fr\/wp-json\/wp\/v2\/pages"}],"about":[{"href":"https:\/\/www.culture-relations.net\/fr\/wp-json\/wp\/v2\/types\/page"}],"author":[{"embeddable":true,"href":"https:\/\/www.culture-relations.net\/fr\/wp-json\/wp\/v2\/users\/1"}],"replies":[{"embeddable":true,"href":"https:\/\/www.culture-relations.net\/fr\/wp-json\/wp\/v2\/comments?post=902"}],"version-history":[{"count":9,"href":"https:\/\/www.culture-relations.net\/fr\/wp-json\/wp\/v2\/pages\/902\/revisions"}],"predecessor-version":[{"id":7930,"href":"https:\/\/www.culture-relations.net\/fr\/wp-json\/wp\/v2\/pages\/902\/revisions\/7930"}],"wp:attachment":[{"href":"https:\/\/www.culture-relations.net\/fr\/wp-json\/wp\/v2\/media?parent=902"}],"curies":[{"name":"wp","href":"https:\/\/api.w.org\/{rel}","templated":true}]}}